{"id":75236,"date":"2021-10-06T09:25:54","date_gmt":"2021-10-06T07:25:54","guid":{"rendered":"https:\/\/www.dogpride.nl\/?post_type=product&#038;p=75236"},"modified":"2021-12-22T16:28:21","modified_gmt":"2021-12-22T15:28:21","slug":"titan-k9-snijbestendige-handschoenen-met-p3p-lamp","status":"publish","type":"product","link":"https:\/\/dogpride.nl\/de\/titan-k9-snijbestendige-handschoenen-met-p3p-lamp\/","title":{"rendered":"Titan-K9 Schnittfeste Handschuhe P3P-Lampe"},"content":{"rendered":"<h4>Titan-K9 Schnittfeste Handschuhe P3P-Lampe<\/h4>\n<p>Titan-K9 Schnittfeste Handschuhe P3P-Lampe. Die schnittfesten Handschuhe Titan K9 sind speziell f\u00fcr kynotechnische Einheiten konzipiert.<\/p>\n<p>Verst\u00e4rkung an der Handfl\u00e4che, um eine Besch\u00e4digung des Handschuhs durch Scheuern des G\u00fcrtels oder der Kordel zu vermeiden.<br \/>\nDer auf Kevlar basierende Schnittschutz ist Stufe 5, freih\u00e4ndige Beleuchtung dank der auf einer Picatiny-Schiene montierten Lampe, Fernbedienung zur Befestigung der Lampe an einem anderen Tr\u00e4ger.<\/p>\n<p><span class=\"goog-text-highlight\">Nutzen:\u00a0<\/span><\/p>\n<ul>\n<li><span class=\"goog-text-highlight\">Freih\u00e4ndige Beleuchtung<\/span><\/li>\n<li><span class=\"goog-text-highlight\">Schnittfestigkeit der Stufe 5<\/span><\/li>\n<li><span class=\"goog-text-highlight\">Materialien sehr\u00a0<\/span><span class=\"goog-text-highlight\">best\u00e4ndig<\/span><\/li>\n<li><span class=\"goog-text-highlight\">Optimale Fingerfertigkeit<\/span><\/li>\n<li><span class=\"goog-text-highlight\">Wirksamer Schutz vor \u00e4u\u00dferen Einfl\u00fcssen<\/span><\/li>\n<li><span class=\"goog-text-highlight\">Atmungsaktiv<\/span><\/li>\n<li><span class=\"goog-text-highlight\">Fernbedienungsmodus <\/span><span class=\"goog-text-highlight\">oder feste Beleuchtung stroboskopisch<\/span><\/li>\n<li><span class=\"goog-text-highlight\">Die Lampe kann am rechten oder linken Handschuh befestigt werden<\/span><\/li>\n<\/ul>","protected":false},"excerpt":{"rendered":"<p>Schnittfeste Titan K9-Handschuhe mit P3P-Lampe. Der auf Kevlar basierende Schnittschutz entspricht der Stufe 5, freih\u00e4ndige Beleuchtung dank der auf einer Picatiny-Schiene montierten Lampe.<\/p>","protected":false},"featured_media":75237,"template":"","meta":[],"product_brand":[],"product_cat":[2911],"product_tag":[],"class_list":{"0":"post-75236","1":"product","2":"type-product","3":"status-publish","4":"has-post-thumbnail","6":"product_cat-pbm","8":"first","9":"instock","10":"taxable","11":"shipping-taxable","12":"purchasable","13":"product-type-variable"},"mb":[],"mfb_rest_fields":["title"],"_links":{"self":[{"href":"https:\/\/dogpride.nl\/de\/wp-json\/wp\/v2\/product\/75236","targetHints":{"allow":["GET"]}}],"collection":[{"href":"https:\/\/dogpride.nl\/de\/wp-json\/wp\/v2\/product"}],"about":[{"href":"https:\/\/dogpride.nl\/de\/wp-json\/wp\/v2\/types\/product"}],"wp:featuredmedia":[{"embeddable":true,"href":"https:\/\/dogpride.nl\/de\/wp-json\/wp\/v2\/media\/75237"}],"wp:attachment":[{"href":"https:\/\/dogpride.nl\/de\/wp-json\/wp\/v2\/media?parent=75236"}],"wp:term":[{"taxonomy":"product_brand","embeddable":true,"href":"https:\/\/dogpride.nl\/de\/wp-json\/wp\/v2\/product_brand?post=75236"},{"taxonomy":"product_cat","embeddable":true,"href":"https:\/\/dogpride.nl\/de\/wp-json\/wp\/v2\/product_cat?post=75236"},{"taxonomy":"product_tag","embeddable":true,"href":"https:\/\/dogpride.nl\/de\/wp-json\/wp\/v2\/product_tag?post=75236"}],"curies":[{"name":"wp","href":"https:\/\/api.w.org\/{rel}","templated":true}]}}