{"id":75210,"date":"2021-10-05T12:37:23","date_gmt":"2021-10-05T10:37:23","guid":{"rendered":"https:\/\/www.dogpride.nl\/?post_type=product&#038;p=75210"},"modified":"2025-11-16T09:11:15","modified_gmt":"2025-11-16T08:11:15","slug":"dogs4me-dogsport-vest-stripe","status":"publish","type":"product","link":"https:\/\/dogpride.nl\/de\/dogs4me-dogsport-vest-stripe\/","title":{"rendered":"DOGS4ME Hundesportweste STRIPE"},"content":{"rendered":"<h4>DOGS4ME Hundesportweste STRIPE<\/h4>\n<p>DOGS4ME Hundesportweste STRIPE<\/p>\n<ul>\n<li>Unisex-Hundeweste<\/li>\n<li>Der Damen-\/Herren-Cardigan hat einen geraderen Schnitt in der Taille und die M\u00f6glichkeit, ihn mit einem Kordelzug nach hinten zu ziehen<\/li>\n<li>Die Weste hat auf der R\u00fcckseite breite Gummin\u00e4hte, die recht elastisch sind<\/li>\n<li>Obermaterial 100% PES<\/li>\n<li>Teilweise wasserdicht<\/li>\n<li>Vollschwarzer Liner 100% PES<\/li>\n<li>Ger\u00e4umige Taschen vorne und hinten an der Weste<\/li>\n<li>2 Brusttaschen mit Rei\u00dfverschluss<\/li>\n<li>Ein Ring an der Seite zum Befestigen eines G\u00fcrtels<\/li>\n<li>YKK-Rei\u00dfverschluss<\/li>\n<li>Kapuze im Kragen mit farbigem Streifen<\/li>\n<\/ul>\n<p><a href=\"https:\/\/dogpride.nl\/de\/kleding\/trainingsvesten\/dogs4me-trainingsvesten\/\"><img loading=\"lazy\" decoding=\"async\" class=\"alignnone\" title=\"DOGS4ME Hundesportweste STRIPE\" src=\"https:\/\/dogpride.nl\/wp-content\/uploads\/dogsport-vest-stripe-3-150x150.jpg\" alt=\"DOGS4ME Dogsport Vest STRIPE\" width=\"150\" height=\"150\" \/><\/a><\/p>\n<p>Erh\u00e4ltlich in den folgenden Farben: Rot, Orange, Grau, Blaugelb, Hellblau und Gr\u00fcn<\/p>\n<p>Gr\u00f6\u00dfen: XS-XXL<\/p>\n<p><strong>Diese Weste verf\u00fcgt standardm\u00e4\u00dfig \u00fcber einen normalen Rei\u00dfverschluss. Die Lieferzeit f\u00fcr eine Strickjacke mit Zwei-Wege-Rei\u00dfverschluss betr\u00e4gt \u00b1 2-3 Wochen.<\/strong><\/p>\n<p><strong>Gr\u00f6\u00dfentabelle:<\/strong><\/p>\n<p><img loading=\"lazy\" decoding=\"async\" class=\"alignnone wp-image-75215 size-full\" src=\"https:\/\/www.dogpride.nl\/wp-content\/uploads\/Maattabel-Stripe.jpg\" alt=\"\" width=\"596\" height=\"324\" srcset=\"https:\/\/dogpride.nl\/wp-content\/uploads\/Maattabel-Stripe.jpg 596w, https:\/\/dogpride.nl\/wp-content\/uploads\/Maattabel-Stripe-250x136.jpg 250w, https:\/\/dogpride.nl\/wp-content\/uploads\/Maattabel-Stripe-400x217.jpg 400w, https:\/\/dogpride.nl\/wp-content\/uploads\/Maattabel-Stripe-300x163.jpg 300w, https:\/\/dogpride.nl\/wp-content\/uploads\/Maattabel-Stripe-200x109.jpg 200w\" sizes=\"auto, (max-width: 596px) 100vw, 596px\" \/><\/p>\n<p><a href=\"https:\/\/dogpride.nl\/de\/kleding\/trainingsvesten\/dogs4me-trainingsvesten\/\"><img loading=\"lazy\" decoding=\"async\" class=\"alignnone\" title=\"DOGS4ME Hundesportweste STRIPE\" src=\"https:\/\/dogpride.nl\/wp-content\/uploads\/dogsport-vest-stripe-3-150x150.jpg\" alt=\"DOGS4ME Dogsport Vest STRIPE\" width=\"150\" height=\"150\" \/><\/a><\/p>\n<p><a href=\"https:\/\/d4m.eu\/en\/\" target=\"_blank\" rel=\"noopener\"><img loading=\"lazy\" decoding=\"async\" class=\"alignnone wp-image-75216 size-medium\" src=\"https:\/\/dogpride.nl\/wp-content\/uploads\/logo-d4m-zelene-2-300x188.png\" alt=\"\" width=\"300\" height=\"188\" srcset=\"https:\/\/dogpride.nl\/wp-content\/uploads\/logo-d4m-zelene-2-300x188.png 300w, https:\/\/dogpride.nl\/wp-content\/uploads\/logo-d4m-zelene-2-250x156.png 250w, https:\/\/dogpride.nl\/wp-content\/uploads\/logo-d4m-zelene-2-400x250.png 400w, https:\/\/dogpride.nl\/wp-content\/uploads\/logo-d4m-zelene-2-1024x640.png 1024w, https:\/\/dogpride.nl\/wp-content\/uploads\/logo-d4m-zelene-2-768x480.png 768w, https:\/\/dogpride.nl\/wp-content\/uploads\/logo-d4m-zelene-2-1536x960.png 1536w, https:\/\/dogpride.nl\/wp-content\/uploads\/logo-d4m-zelene-2-320x202.png 320w, https:\/\/dogpride.nl\/wp-content\/uploads\/logo-d4m-zelene-2-700x441.png 700w, https:\/\/dogpride.nl\/wp-content\/uploads\/logo-d4m-zelene-2-200x125.png 200w, https:\/\/dogpride.nl\/wp-content\/uploads\/logo-d4m-zelene-2-600x375.png 600w, https:\/\/dogpride.nl\/wp-content\/uploads\/logo-d4m-zelene-2-800x500.png 800w, https:\/\/dogpride.nl\/wp-content\/uploads\/logo-d4m-zelene-2-1200x750.png 1200w, https:\/\/dogpride.nl\/wp-content\/uploads\/logo-d4m-zelene-2.png 1680w\" sizes=\"auto, (max-width: 300px) 100vw, 300px\" \/><\/a><\/p>\n<p>&nbsp;<\/p>\n<p>&nbsp;<\/p>","protected":false},"excerpt":{"rendered":"<p>DOGS4ME DogsportVest STRIPE. Dieser Unisex-Cardigan hat einen geraderen Schnitt an der Taille, der mit einem Kordelzug nach hinten gezogen werden kann<\/p>","protected":false},"featured_media":75211,"template":"","meta":[],"product_brand":[],"product_cat":[3872],"product_tag":[],"class_list":{"0":"post-75210","1":"product","2":"type-product","3":"status-publish","4":"has-post-thumbnail","6":"product_cat-dogs4me-trainingsvesten","8":"first","9":"instock","10":"taxable","11":"shipping-taxable","12":"purchasable","13":"product-type-variable"},"mb":[],"mfb_rest_fields":["title"],"_links":{"self":[{"href":"https:\/\/dogpride.nl\/de\/wp-json\/wp\/v2\/product\/75210","targetHints":{"allow":["GET"]}}],"collection":[{"href":"https:\/\/dogpride.nl\/de\/wp-json\/wp\/v2\/product"}],"about":[{"href":"https:\/\/dogpride.nl\/de\/wp-json\/wp\/v2\/types\/product"}],"wp:featuredmedia":[{"embeddable":true,"href":"https:\/\/dogpride.nl\/de\/wp-json\/wp\/v2\/media\/75211"}],"wp:attachment":[{"href":"https:\/\/dogpride.nl\/de\/wp-json\/wp\/v2\/media?parent=75210"}],"wp:term":[{"taxonomy":"product_brand","embeddable":true,"href":"https:\/\/dogpride.nl\/de\/wp-json\/wp\/v2\/product_brand?post=75210"},{"taxonomy":"product_cat","embeddable":true,"href":"https:\/\/dogpride.nl\/de\/wp-json\/wp\/v2\/product_cat?post=75210"},{"taxonomy":"product_tag","embeddable":true,"href":"https:\/\/dogpride.nl\/de\/wp-json\/wp\/v2\/product_tag?post=75210"}],"curies":[{"name":"wp","href":"https:\/\/api.w.org\/{rel}","templated":true}]}}