{"id":75189,"date":"2021-10-05T11:56:37","date_gmt":"2021-10-05T09:56:37","guid":{"rendered":"https:\/\/www.dogpride.nl\/?post_type=product&#038;p=75189"},"modified":"2025-11-16T09:32:44","modified_gmt":"2025-11-16T08:32:44","slug":"dogs4me-dogsport-vest-lara","status":"publish","type":"product","link":"https:\/\/dogpride.nl\/de\/dogs4me-dogsport-vest-lara\/","title":{"rendered":"DOGS4ME Hundesportweste LARA"},"content":{"rendered":"<h4>DOGS4ME Hundesportweste LARA<\/h4>\n<p>DOGS4ME Hundesportweste LARA<\/p>\n<ul>\n<li>UNI-farbige Trainingsweste an der Seite und Besatz um die Taschen und den Rei\u00dfverschluss<\/li>\n<li>Obermaterial 100% PES.<\/li>\n<li>Teilweise wasserdichter, durchgehender Liner 100% PES<\/li>\n<li>Zwei ger\u00e4umige Taschen hinten und vorne \u2013 bei Bestellung besteht die M\u00f6glichkeit, eine ger\u00e4umige Tasche hinten einzun\u00e4hen<\/li>\n<li>2 mit Rei\u00dfverschluss abgedeckte Taschen oben \u2013 mobiler Schl\u00fcsselring an der Seite zum Halten der Leine oder der Leckerlitasche<\/li>\n<li>YKK-Rei\u00dfverschluss<\/li>\n<\/ul>\n<p>Erh\u00e4ltlich in den Farben: Rot, Orange, Grau, Blau und Gr\u00fcn<\/p>\n<p>Gr\u00f6\u00dfen: XS-XXL<\/p>\n<p><strong>Diese Weste verf\u00fcgt standardm\u00e4\u00dfig \u00fcber einen normalen Rei\u00dfverschluss. Die Lieferzeit f\u00fcr eine Strickjacke mit Zwei-Wege-Rei\u00dfverschluss betr\u00e4gt \u00b1 2-3 Wochen.<\/strong><\/p>\n<p>Gr\u00f6\u00dfentabelle:<\/p>\n<p><img loading=\"lazy\" decoding=\"async\" class=\"alignnone size-full wp-image-122715\" src=\"https:\/\/dogpride.nl\/wp-content\/uploads\/Veste-Lara.jpg\" alt=\"Maattabel\" width=\"880\" height=\"475\" srcset=\"https:\/\/dogpride.nl\/wp-content\/uploads\/Veste-Lara.jpg 880w, https:\/\/dogpride.nl\/wp-content\/uploads\/Veste-Lara-300x162.jpg 300w, https:\/\/dogpride.nl\/wp-content\/uploads\/Veste-Lara-768x415.jpg 768w, https:\/\/dogpride.nl\/wp-content\/uploads\/Veste-Lara-18x10.jpg 18w, https:\/\/dogpride.nl\/wp-content\/uploads\/Veste-Lara-250x135.jpg 250w, https:\/\/dogpride.nl\/wp-content\/uploads\/Veste-Lara-400x216.jpg 400w\" sizes=\"auto, (max-width: 880px) 100vw, 880px\" \/><\/p>\n<p><a href=\"https:\/\/dogpride.nl\/de\/kleding\/trainingsvesten\/dogs4me-trainingsvesten\/\"><img loading=\"lazy\" decoding=\"async\" class=\"alignnone\" title=\"DOGS4ME Hundesportweste LARA\" src=\"https:\/\/dogpride.nl\/wp-content\/uploads\/dogsport-vest-lara.jpg\" alt=\"DOGS4ME Dogsport Vest LARA\" width=\"377\" height=\"448\" \/><\/a><\/p>\n<p><a href=\"https:\/\/d4m.eu\/en\/\" target=\"_blank\" rel=\"noopener\"><img loading=\"lazy\" decoding=\"async\" class=\"alignnone wp-image-75216 size-medium\" src=\"https:\/\/dogpride.nl\/wp-content\/uploads\/logo-d4m-zelene-2-300x188.png\" alt=\"\" width=\"300\" height=\"188\" srcset=\"https:\/\/dogpride.nl\/wp-content\/uploads\/logo-d4m-zelene-2-300x188.png 300w, https:\/\/dogpride.nl\/wp-content\/uploads\/logo-d4m-zelene-2-250x156.png 250w, https:\/\/dogpride.nl\/wp-content\/uploads\/logo-d4m-zelene-2-400x250.png 400w, https:\/\/dogpride.nl\/wp-content\/uploads\/logo-d4m-zelene-2-1024x640.png 1024w, https:\/\/dogpride.nl\/wp-content\/uploads\/logo-d4m-zelene-2-768x480.png 768w, https:\/\/dogpride.nl\/wp-content\/uploads\/logo-d4m-zelene-2-1536x960.png 1536w, https:\/\/dogpride.nl\/wp-content\/uploads\/logo-d4m-zelene-2-320x202.png 320w, https:\/\/dogpride.nl\/wp-content\/uploads\/logo-d4m-zelene-2-700x441.png 700w, https:\/\/dogpride.nl\/wp-content\/uploads\/logo-d4m-zelene-2-200x125.png 200w, https:\/\/dogpride.nl\/wp-content\/uploads\/logo-d4m-zelene-2-600x375.png 600w, https:\/\/dogpride.nl\/wp-content\/uploads\/logo-d4m-zelene-2-800x500.png 800w, https:\/\/dogpride.nl\/wp-content\/uploads\/logo-d4m-zelene-2-1200x750.png 1200w, https:\/\/dogpride.nl\/wp-content\/uploads\/logo-d4m-zelene-2.png 1680w\" sizes=\"auto, (max-width: 300px) 100vw, 300px\" \/><\/a><\/p>\n<p>&nbsp;<\/p>","protected":false},"excerpt":{"rendered":"<p>DOGS4ME Hundesportweste LARA. 2 mit Rei\u00dfverschluss abgedeckte Taschen oben \u2013 mobiler Schl\u00fcsselring an der Seite zum Halten der Leine oder der Leckerlitasche.<\/p>","protected":false},"featured_media":75190,"template":"","meta":[],"product_brand":[],"product_cat":[3872],"product_tag":[5343,5344,3332,7770,4144,4152],"class_list":{"0":"post-75189","1":"product","2":"type-product","3":"status-publish","4":"has-post-thumbnail","6":"product_cat-dogs4me-trainingsvesten","7":"product_tag-dogs4me","8":"product_tag-dogsport","9":"product_tag-hondensport","10":"product_tag-lara","11":"product_tag-trainingsvest","12":"product_tag-vest","14":"first","15":"instock","16":"taxable","17":"shipping-taxable","18":"purchasable","19":"product-type-variable"},"mb":[],"mfb_rest_fields":["title"],"_links":{"self":[{"href":"https:\/\/dogpride.nl\/de\/wp-json\/wp\/v2\/product\/75189","targetHints":{"allow":["GET"]}}],"collection":[{"href":"https:\/\/dogpride.nl\/de\/wp-json\/wp\/v2\/product"}],"about":[{"href":"https:\/\/dogpride.nl\/de\/wp-json\/wp\/v2\/types\/product"}],"wp:featuredmedia":[{"embeddable":true,"href":"https:\/\/dogpride.nl\/de\/wp-json\/wp\/v2\/media\/75190"}],"wp:attachment":[{"href":"https:\/\/dogpride.nl\/de\/wp-json\/wp\/v2\/media?parent=75189"}],"wp:term":[{"taxonomy":"product_brand","embeddable":true,"href":"https:\/\/dogpride.nl\/de\/wp-json\/wp\/v2\/product_brand?post=75189"},{"taxonomy":"product_cat","embeddable":true,"href":"https:\/\/dogpride.nl\/de\/wp-json\/wp\/v2\/product_cat?post=75189"},{"taxonomy":"product_tag","embeddable":true,"href":"https:\/\/dogpride.nl\/de\/wp-json\/wp\/v2\/product_tag?post=75189"}],"curies":[{"name":"wp","href":"https:\/\/api.w.org\/{rel}","templated":true}]}}