{"id":75104,"date":"2021-09-30T11:34:38","date_gmt":"2021-09-30T09:34:38","guid":{"rendered":"https:\/\/dogpride1.wpengine.com\/?post_type=product&#038;p=75104"},"modified":"2026-03-19T09:55:29","modified_gmt":"2026-03-19T08:55:29","slug":"hondenmand-stoer-van-steigerbuis","status":"publish","type":"product","link":"https:\/\/dogpride.nl\/de\/hondenmand-stoer-van-steigerbuis\/","title":{"rendered":"Hundekorb Tough von Steigerbuis"},"content":{"rendered":"<h4>Hundekorb Tough von Steigerbuis<\/h4>\n<p>Hundekorb Tough von Steigerbuis<\/p>\n<p>Das robuste Hundebett! Ger\u00fcstrohr besteht aus Ger\u00fcstrohr. F\u00fcr den harten Hund!<\/p>\n<p><a href=\"https:\/\/dogpride.nl\/de\/\"><img loading=\"lazy\" decoding=\"async\" class=\"alignnone\" title=\"Hundekorb Tough von Steigerbuis\" src=\"https:\/\/dogpride.nl\/wp-content\/uploads\/houtat_foto_dieren_dogpride-1-1-150x150.jpg\" alt=\"Hondenmand Stoer van Steigerbuis\" width=\"150\" height=\"150\" \/><\/a><\/p>\n<p><strong>Hundebett \/ Hundebett aus Ger\u00fcstrohr, Industrie-Look!<\/strong><br \/>\nStabile Qualit\u00e4t, steht fest auf den Beinen.<\/p>\n<p><strong>Ma\u00dfe:<br \/>\n<\/strong>Standardm\u00e4\u00dfig in verschiedenen Gr\u00f6\u00dfen erh\u00e4ltlich, sowohl f\u00fcr kleine als auch f\u00fcr gro\u00dfe Hunde.<br \/>\nDie Gr\u00f6\u00dfe ist die Au\u00dfengr\u00f6\u00dfe. Die Innengr\u00f6\u00dfe ist etwa 8 cm kleiner.<br \/>\nDar\u00fcber hinaus ist dieser Korb auch f\u00fcr Katzen geeignet.<\/p>\n<ul>\n<li><strong>SPITZE:<\/strong>\u00a0Sollte Ihre Gr\u00f6\u00dfe nicht dabei sein, kann dieser Korb bei Bedarf auch nach Wunsch bestellt werden.<\/li>\n<\/ul>\n<p>Klicken Sie hier f\u00fcr ein passendes Kissen<\/p>\n<p><a href=\"https:\/\/nl.wikipedia.org\/wiki\/Hoofdpagina\" target=\"_blank\" rel=\"noopener\"><img loading=\"lazy\" decoding=\"async\" class=\"alignnone\" src=\"https:\/\/dogpride.nl\/wp-content\/uploads\/houtat_foto_dieren_dogpride-1-1-150x150.jpg\" alt=\"Hondenmand Stoer van Steigerbuis\" width=\"150\" height=\"150\" \/><\/a><\/p>\n<p>&nbsp;<\/p>","protected":false},"excerpt":{"rendered":"<p>Hundebett \/ Hundebett aus Ger\u00fcstrohr, Industrie-Look! Standardm\u00e4\u00dfig in verschiedenen Gr\u00f6\u00dfen erh\u00e4ltlich, sowohl f\u00fcr kleine als auch f\u00fcr gro\u00dfe Hunde. Die Gr\u00f6\u00dfe ist die Au\u00dfengr\u00f6\u00dfe. Die Innengr\u00f6\u00dfe ist etwa 8 cm kleiner.<\/p>","protected":false},"featured_media":75105,"template":"","meta":[],"product_brand":[],"product_cat":[5244],"product_tag":[3348,5246,5245],"class_list":{"0":"post-75104","1":"product","2":"type-product","3":"status-publish","4":"has-post-thumbnail","6":"product_cat-hout-art-hondenmanden","7":"product_tag-hondenmand","8":"product_tag-steigerbuis","9":"product_tag-stoer","10":"product_shipping_class-bijzondere-verzending","12":"first","13":"instock","14":"taxable","15":"shipping-taxable","16":"purchasable","17":"product-type-variable"},"mb":[],"mfb_rest_fields":["title"],"_links":{"self":[{"href":"https:\/\/dogpride.nl\/de\/wp-json\/wp\/v2\/product\/75104","targetHints":{"allow":["GET"]}}],"collection":[{"href":"https:\/\/dogpride.nl\/de\/wp-json\/wp\/v2\/product"}],"about":[{"href":"https:\/\/dogpride.nl\/de\/wp-json\/wp\/v2\/types\/product"}],"wp:featuredmedia":[{"embeddable":true,"href":"https:\/\/dogpride.nl\/de\/wp-json\/wp\/v2\/media\/75105"}],"wp:attachment":[{"href":"https:\/\/dogpride.nl\/de\/wp-json\/wp\/v2\/media?parent=75104"}],"wp:term":[{"taxonomy":"product_brand","embeddable":true,"href":"https:\/\/dogpride.nl\/de\/wp-json\/wp\/v2\/product_brand?post=75104"},{"taxonomy":"product_cat","embeddable":true,"href":"https:\/\/dogpride.nl\/de\/wp-json\/wp\/v2\/product_cat?post=75104"},{"taxonomy":"product_tag","embeddable":true,"href":"https:\/\/dogpride.nl\/de\/wp-json\/wp\/v2\/product_tag?post=75104"}],"curies":[{"name":"wp","href":"https:\/\/api.w.org\/{rel}","templated":true}]}}