{"id":75092,"date":"2021-09-30T10:02:22","date_gmt":"2021-09-30T08:02:22","guid":{"rendered":"https:\/\/dogpride1.wpengine.com\/?post_type=product&#038;p=75092"},"modified":"2026-03-19T09:56:09","modified_gmt":"2026-03-19T08:56:09","slug":"hondenmand-stoer-zwarte-steigerbuis","status":"publish","type":"product","link":"https:\/\/dogpride.nl\/de\/hondenmand-stoer-zwarte-steigerbuis\/","title":{"rendered":"Hundebett Robustes schwarzes Steigerrohr"},"content":{"rendered":"<h4>Hundebett Robustes schwarzes Steigerrohr<\/h4>\n<p>Das Dog Bed Tough Black Scaffolding Tube besteht aus schwarzem Ger\u00fcstrohr. F\u00fcr den harten Hund!<\/p>\n<p><a href=\"https:\/\/dogpride.nl\/de\/\"><img loading=\"lazy\" decoding=\"async\" class=\"alignnone\" title=\"Hundebett Robustes schwarzes Steigerrohr\" src=\"https:\/\/dogpride.nl\/wp-content\/uploads\/Zwarte-buis-2-150x150.jpg\" alt=\"Hondenmand Stoer zwarte Steigerbuis\" width=\"150\" height=\"150\" \/><\/a><\/p>\n<p><strong>Hundekorb\/Hundebett aus Ger\u00fcstrohr, trendiger Look in Schwarz!<\/strong><br \/>\nStabile Qualit\u00e4t, steht fest auf den Beinen.<\/p>\n<p><strong>Ma\u00dfe:<br \/>\n<\/strong>Standardm\u00e4\u00dfig in verschiedenen Gr\u00f6\u00dfen erh\u00e4ltlich, sowohl f\u00fcr kleine als auch f\u00fcr gro\u00dfe Hunde.<br \/>\nDie Gr\u00f6\u00dfe ist die Au\u00dfengr\u00f6\u00dfe. Die Innengr\u00f6\u00dfe ist etwa 8 cm kleiner.<br \/>\nDar\u00fcber hinaus ist dieser Korb auch f\u00fcr Katzen geeignet.<\/p>\n<p><a href=\"https:\/\/nl.wikipedia.org\/wiki\/Hoofdpagina\" target=\"_blank\" rel=\"noopener\"><img loading=\"lazy\" decoding=\"async\" class=\"alignnone\" title=\"Hundebett Robustes schwarzes Steigerrohr\" src=\"https:\/\/dogpride.nl\/wp-content\/uploads\/Zwarte-buis-2-150x150.jpg\" alt=\"Hondenmand Stoer zwarte Steigerbuis\" width=\"150\" height=\"150\" \/><\/a><\/p>\n<ul>\n<li><strong>SPITZE:<\/strong>\u00a0Sollte Ihre Gr\u00f6\u00dfe nicht dabei sein, kann dieser Korb bei Bedarf auch nach Wunsch bestellt werden.<\/li>\n<\/ul>\n<p><a href=\"https:\/\/dogpride.nl\/de\/produkt\/hondenkussens-passend-bij-houtart-hondenmanden\/\">Klicken Sie hier f\u00fcr ein passendes Kissen<\/a><\/p>\n<p>&nbsp;<\/p>","protected":false},"excerpt":{"rendered":"<p>Dieses Hundebett besteht aus schwarzem Steiger-Rohr. Standardm\u00e4\u00dfig in verschiedenen Gr\u00f6\u00dfen erh\u00e4ltlich, sowohl f\u00fcr kleine als auch f\u00fcr gro\u00dfe Hunde. Stabile Qualit\u00e4t, steht fest auf den Beinen.<\/p>","protected":false},"featured_media":75093,"template":"","meta":[],"product_brand":[],"product_cat":[5244],"product_tag":[3348,5245,5254],"class_list":{"0":"post-75092","1":"product","2":"type-product","3":"status-publish","4":"has-post-thumbnail","6":"product_cat-hout-art-hondenmanden","7":"product_tag-hondenmand","8":"product_tag-stoer","9":"product_tag-zwarte-steigerbuis","10":"product_shipping_class-bijzondere-verzending","12":"first","13":"instock","14":"taxable","15":"shipping-taxable","16":"purchasable","17":"product-type-variable"},"mb":[],"mfb_rest_fields":["title"],"_links":{"self":[{"href":"https:\/\/dogpride.nl\/de\/wp-json\/wp\/v2\/product\/75092","targetHints":{"allow":["GET"]}}],"collection":[{"href":"https:\/\/dogpride.nl\/de\/wp-json\/wp\/v2\/product"}],"about":[{"href":"https:\/\/dogpride.nl\/de\/wp-json\/wp\/v2\/types\/product"}],"wp:featuredmedia":[{"embeddable":true,"href":"https:\/\/dogpride.nl\/de\/wp-json\/wp\/v2\/media\/75093"}],"wp:attachment":[{"href":"https:\/\/dogpride.nl\/de\/wp-json\/wp\/v2\/media?parent=75092"}],"wp:term":[{"taxonomy":"product_brand","embeddable":true,"href":"https:\/\/dogpride.nl\/de\/wp-json\/wp\/v2\/product_brand?post=75092"},{"taxonomy":"product_cat","embeddable":true,"href":"https:\/\/dogpride.nl\/de\/wp-json\/wp\/v2\/product_cat?post=75092"},{"taxonomy":"product_tag","embeddable":true,"href":"https:\/\/dogpride.nl\/de\/wp-json\/wp\/v2\/product_tag?post=75092"}],"curies":[{"name":"wp","href":"https:\/\/api.w.org\/{rel}","templated":true}]}}