{"id":75083,"date":"2021-09-30T09:13:01","date_gmt":"2021-09-30T07:13:01","guid":{"rendered":"https:\/\/dogpride1.wpengine.com\/?post_type=product&#038;p=75083"},"modified":"2026-03-19T09:56:50","modified_gmt":"2026-03-19T08:56:50","slug":"hondenmand-stoer-extra-steigerbuis","status":"publish","type":"product","link":"https:\/\/dogpride.nl\/de\/hondenmand-stoer-extra-steigerbuis\/","title":{"rendered":"Hundekorb Stoer Extra Ger\u00fcstrohr"},"content":{"rendered":"<h4>Hundekorb Stoer Extra Ger\u00fcstrohr<\/h4>\n<p>Der Dog Basket Stoer Extra Ger\u00fcstrohr ist ein Korb aus Ger\u00fcstrohr f\u00fcr den harten Hund!<br \/>\nMit zus\u00e4tzlichem Rand rundherum, damit Sie ein Schlafsofa erhalten und das Kissen besser an Ort und Stelle bleibt.<\/p>\n<p><a href=\"https:\/\/dogpride.nl\/de\/\"><img loading=\"lazy\" decoding=\"async\" class=\"alignnone\" title=\"Hundekorb Stoer Extra Ger\u00fcstrohr\" src=\"https:\/\/dogpride.nl\/wp-content\/uploads\/Buisframe.jpg\" alt=\"Hondenmand Stoer Extra steigerbuis\" width=\"234\" height=\"123\" \/><\/a><\/p>\n<p><strong>Hundekorb \/ Hundebett aus Ger\u00fcstrohr, Industrie-Look durch verzinktes Rohr!<\/strong><br \/>\nStabile Qualit\u00e4t, steht fest auf den Beinen.<\/p>\n<p><strong>Ma\u00dfe:<br \/>\n<\/strong>Standardm\u00e4\u00dfig in verschiedenen Gr\u00f6\u00dfen erh\u00e4ltlich, sowohl f\u00fcr kleine als auch f\u00fcr gro\u00dfe Hunde.<br \/>\nDie Gr\u00f6\u00dfe ist die Au\u00dfengr\u00f6\u00dfe. Die Innengr\u00f6\u00dfe ist etwa 8 cm kleiner.<br \/>\nDar\u00fcber hinaus ist dieser Korb auch f\u00fcr Katzen geeignet.<\/p>\n<p><a href=\"https:\/\/nl.wikipedia.org\/wiki\/Hoofdpagina\" target=\"_blank\" rel=\"noopener\"><img loading=\"lazy\" decoding=\"async\" class=\"alignnone\" src=\"https:\/\/dogpride.nl\/wp-content\/uploads\/Buisframe.jpg\" alt=\"\" width=\"234\" height=\"123\" \/><\/a><\/p>\n<ul>\n<li><strong>SPITZE:<\/strong>\u00a0Sollte Ihre Gr\u00f6\u00dfe nicht dabei sein, kann dieser Korb bei Bedarf auch nach Wunsch bestellt werden.<\/li>\n<\/ul>\n<p><a href=\"https:\/\/dogpride.nl\/de\/produkt\/hondenkussens-passend-bij-houtart-hondenmanden\/\">Klicken Sie hier f\u00fcr ein passendes Kissen<\/a><\/p>\n<p>&nbsp;<\/p>","protected":false},"excerpt":{"rendered":"<p>Hundekorb \/ Hundebett aus Ger\u00fcstrohr, Industrie-Look durch verzinktes Rohr! Mit zus\u00e4tzlichem Rand rundherum, damit Sie ein Schlafsofa erhalten und das Kissen besser an Ort und Stelle bleibt. Passendes Kissen erh\u00e4ltlich.<\/p>","protected":false},"featured_media":75084,"template":"","meta":[],"product_brand":[],"product_cat":[5244],"product_tag":[5253,3348,5246,5245],"class_list":{"0":"post-75083","1":"product","2":"type-product","3":"status-publish","4":"has-post-thumbnail","6":"product_cat-hout-art-hondenmanden","7":"product_tag-extra","8":"product_tag-hondenmand","9":"product_tag-steigerbuis","10":"product_tag-stoer","11":"product_shipping_class-bijzondere-verzending","13":"first","14":"instock","15":"taxable","16":"shipping-taxable","17":"purchasable","18":"product-type-variable"},"mb":[],"mfb_rest_fields":["title"],"_links":{"self":[{"href":"https:\/\/dogpride.nl\/de\/wp-json\/wp\/v2\/product\/75083","targetHints":{"allow":["GET"]}}],"collection":[{"href":"https:\/\/dogpride.nl\/de\/wp-json\/wp\/v2\/product"}],"about":[{"href":"https:\/\/dogpride.nl\/de\/wp-json\/wp\/v2\/types\/product"}],"wp:featuredmedia":[{"embeddable":true,"href":"https:\/\/dogpride.nl\/de\/wp-json\/wp\/v2\/media\/75084"}],"wp:attachment":[{"href":"https:\/\/dogpride.nl\/de\/wp-json\/wp\/v2\/media?parent=75083"}],"wp:term":[{"taxonomy":"product_brand","embeddable":true,"href":"https:\/\/dogpride.nl\/de\/wp-json\/wp\/v2\/product_brand?post=75083"},{"taxonomy":"product_cat","embeddable":true,"href":"https:\/\/dogpride.nl\/de\/wp-json\/wp\/v2\/product_cat?post=75083"},{"taxonomy":"product_tag","embeddable":true,"href":"https:\/\/dogpride.nl\/de\/wp-json\/wp\/v2\/product_tag?post=75083"}],"curies":[{"name":"wp","href":"https:\/\/api.w.org\/{rel}","templated":true}]}}