{"id":75066,"date":"2021-09-29T17:01:49","date_gmt":"2021-09-29T15:01:49","guid":{"rendered":"https:\/\/dogpride1.wpengine.com\/?post_type=product&#038;p=75066"},"modified":"2026-03-19T09:58:29","modified_gmt":"2026-03-19T08:58:29","slug":"hondenmand-indus-stalen-frame","status":"publish","type":"product","link":"https:\/\/dogpride.nl\/de\/hondenmand-indus-stalen-frame\/","title":{"rendered":"Hundebett Indus Stahlrahmen"},"content":{"rendered":"<h4>Hundebett Indus Stahlrahmen<\/h4>\n<p>Hundebett Indus Stahlrahmen. Originelles Hundebett mit Stahlrahmen, f\u00fcr den harten Hund!<br \/>\nMit zus\u00e4tzlichem Rand rundherum, damit Sie ein Schlafsofa erhalten und das Kissen besser an Ort und Stelle bleibt.<\/p>\n<p><a href=\"https:\/\/dogpride.nl\/de\/\"><img loading=\"lazy\" decoding=\"async\" class=\"alignnone\" title=\"Hundebett Indus Stahlrahmen\" src=\"https:\/\/dogpride.nl\/wp-content\/uploads\/Stalen-frame-2.jpg\" alt=\"Hondenmand Indus Stalen frame\" width=\"244\" height=\"148\" \/><\/a><\/p>\n<p><strong>Wie cool ist dieses Hundebett aus Stahl?<br \/>\n<\/strong><em>Neues Modell<\/em><\/p>\n<p>M\u00f6chten Sie ein separates und originelles Hundebett f\u00fcr Ihr Haustier? Dann ist dies etwas f\u00fcr Ihren Hund oder Ihre Katze.<br \/>\nHergestellt mit einem Stahlrahmen aus einem 20 x 20 mm oder 25 x 25 mm gro\u00dfen Rohr.<\/p>\n<p>Das Stahlgestell wird standardm\u00e4\u00dfig mit einer Klarlackierung geliefert.<br \/>\nF\u00fcr eine optimale Haltbarkeit k\u00f6nnen wir diese auch in Schwarz, Wei\u00df und Achatgrau pulverbeschichten.<br \/>\nDas Ma\u00df ist das Au\u00dfenma\u00df. Das Innenma\u00df ist je nach Tubengr\u00f6\u00dfe 4 cm oder 5 cm kleiner.<br \/>\nDie Bodenplatte aus 18 mm Sperrholz, stabil f\u00fcr jeden Vierbeiner!<\/p>\n<p><a href=\"https:\/\/nl.wikipedia.org\/wiki\/Hoofdpagina\" target=\"_blank\" rel=\"noopener\"><img loading=\"lazy\" decoding=\"async\" class=\"alignnone\" title=\"Hundebett Indus Stahlrahmen\" src=\"https:\/\/dogpride.nl\/wp-content\/uploads\/Stalen-frame-2.jpg\" alt=\"Hondenmand Indus Stalen frame\" width=\"244\" height=\"148\" \/><\/a><\/p>\n<ul>\n<li><strong>SPITZE:<\/strong>\u00a0Standardm\u00e4\u00dfig in verschiedenen Gr\u00f6\u00dfen erh\u00e4ltlich, kann aber bei Bedarf auch auf Bestellung bestellt werden.<\/li>\n<\/ul>\n<p><a href=\"https:\/\/dogpride.nl\/de\/produkt\/hondenkussens-passend-bij-houtart-hondenmanden\/\">Klicken Sie hier f\u00fcr ein passendes Kissen<\/a><\/p>\n<p>&nbsp;<\/p>","protected":false},"excerpt":{"rendered":"<p>Hundebett Indus! Stahlrahmen. Originelles Hundebett mit Stahlrahmen, f\u00fcr den harten Hund!<\/p>","protected":false},"featured_media":75067,"template":"","meta":[],"product_brand":[],"product_cat":[5244],"product_tag":[3348,5257,4616],"class_list":{"0":"post-75066","1":"product","2":"type-product","3":"status-publish","4":"has-post-thumbnail","6":"product_cat-hout-art-hondenmanden","7":"product_tag-hondenmand","8":"product_tag-indus","9":"product_tag-stalen-frame","10":"product_shipping_class-bijzondere-verzending","12":"first","13":"instock","14":"taxable","15":"shipping-taxable","16":"purchasable","17":"product-type-variable"},"exclude_global_add_ons":false,"addons":[{"name":"Rahmenabmessungen","type":"multiple_choice","position":0,"required":false,"title_format":"label","default":"","description_enable":false,"description":"","placeholder_enable":false,"placeholder":"","display":"select","restrictions_type":"any_text","adjust_price":false,"price":"","price_type":"flat_fee","restrictions":false,"min":"0","max":"0","options":[{"label":"Koker 20 x 20 mm","price":"","price_type":"flat_fee","image":0,"visibility":true},{"label":"Koker 25 x 25 mm","price":"7.5","price_type":"flat_fee","image":0,"visibility":true}],"id":1773914310},{"name":"Therapie","type":"multiple_choice","position":1,"required":false,"title_format":"label","default":"","description_enable":false,"description":"","placeholder_enable":false,"placeholder":"","display":"select","restrictions_type":"any_text","adjust_price":false,"price":"","price_type":"flat_fee","restrictions":false,"min":"0","max":"0","options":[{"label":"Bodemplaat onbehandeld","price":"","price_type":"flat_fee","image":0,"visibility":true},{"label":"Bodemplaat dekkend zwart gebeitst","price":"17.5","price_type":"flat_fee","image":0,"visibility":true}],"id":1773914311},{"name":"Behandlungsrahmen","type":"multiple_choice","position":2,"required":false,"title_format":"label","default":"","description_enable":false,"description":"","placeholder_enable":false,"placeholder":"","display":"select","restrictions_type":"any_text","adjust_price":false,"price":"","price_type":"flat_fee","restrictions":false,"min":"0","max":"0","options":[{"label":"Blanke lak","price":"","price_type":"flat_fee","image":0,"visibility":true},{"label":"Mat zwart poedercoating","price":"45","price_type":"flat_fee","image":0,"visibility":true},{"label":"Mat witte poedercoating","price":"45","price_type":"flat_fee","image":0,"visibility":true},{"label":"Mat agaatgrijze poedercoating","price":"60","price_type":"flat_fee","image":0,"visibility":true}],"id":1773914312},{"name":"Naam Tag?","type":"multiple_choice","position":0,"required":true,"title_format":"label","default":"","description_enable":false,"description":"","placeholder_enable":false,"placeholder":"","display":"select","restrictions_type":"any_text","adjust_price":false,"price":"","price_type":"flat_fee","restrictions":false,"min":"0","max":"0","options":[{"label":"Nee","price":"","price_type":"quantity_based","image":0,"visibility":true},{"label":"Ja","price":"8.00","price_type":"quantity_based","image":0,"visibility":true}],"id":1773389909},{"name":"Naam Tag tekst","type":"custom_text","position":1,"required":false,"title_format":"label","default":"","description_enable":true,"description":"Voer de naam van je hond in","placeholder_enable":false,"placeholder":"","display":"select","restrictions_type":"any_text","adjust_price":false,"price":"6.00","price_type":"flat_fee","restrictions":false,"min":"0","max":"0","options":[],"id":1773389910},{"name":"Telefoonnummer optioneel onder naam","type":"custom_text","position":2,"required":false,"title_format":"label","default":"","description_enable":true,"description":"Voer je telefoonnummer in","placeholder_enable":false,"placeholder":"","display":"select","restrictions_type":"only_numbers","adjust_price":false,"price":"","price_type":"flat_fee","restrictions":false,"min":"0","max":"0","options":[],"id":1773389911}],"mb":[],"mfb_rest_fields":["title","exclude_global_add_ons","addons"],"_links":{"self":[{"href":"https:\/\/dogpride.nl\/de\/wp-json\/wp\/v2\/product\/75066","targetHints":{"allow":["GET"]}}],"collection":[{"href":"https:\/\/dogpride.nl\/de\/wp-json\/wp\/v2\/product"}],"about":[{"href":"https:\/\/dogpride.nl\/de\/wp-json\/wp\/v2\/types\/product"}],"wp:featuredmedia":[{"embeddable":true,"href":"https:\/\/dogpride.nl\/de\/wp-json\/wp\/v2\/media\/75067"}],"wp:attachment":[{"href":"https:\/\/dogpride.nl\/de\/wp-json\/wp\/v2\/media?parent=75066"}],"wp:term":[{"taxonomy":"product_brand","embeddable":true,"href":"https:\/\/dogpride.nl\/de\/wp-json\/wp\/v2\/product_brand?post=75066"},{"taxonomy":"product_cat","embeddable":true,"href":"https:\/\/dogpride.nl\/de\/wp-json\/wp\/v2\/product_cat?post=75066"},{"taxonomy":"product_tag","embeddable":true,"href":"https:\/\/dogpride.nl\/de\/wp-json\/wp\/v2\/product_tag?post=75066"}],"curies":[{"name":"wp","href":"https:\/\/api.w.org\/{rel}","templated":true}]}}