{"id":75058,"date":"2021-09-29T16:44:14","date_gmt":"2021-09-29T14:44:14","guid":{"rendered":"https:\/\/dogpride1.wpengine.com\/?post_type=product&#038;p=75058"},"modified":"2026-03-19T09:59:07","modified_gmt":"2026-03-19T08:59:07","slug":"hondenmand-indus-stalen-frame-xl","status":"publish","type":"product","link":"https:\/\/dogpride.nl\/de\/hondenmand-indus-stalen-frame-xl\/","title":{"rendered":"Hundebett Indus Steel Frame-XL"},"content":{"rendered":"<h4>Hundebett Indus Steel Frame-XL<\/h4>\n<p>Hundebett Indus Steel Frame-XL. Originelles Hundebett mit Stahlrahmen, f\u00fcr den harten Hund!<br \/>\nMit doppelter Randerh\u00f6hung um den Rahmen. Dadurch bleibt das Kissen noch besser an Ort und Stelle.<\/p>\n<p><a href=\"https:\/\/nl.wikipedia.org\/wiki\/Hoofdpagina\" target=\"_blank\" rel=\"noopener\"><img loading=\"lazy\" decoding=\"async\" class=\"alignnone\" title=\"Hundebett Indus Steel Frame-XL\" src=\"https:\/\/dogpride.nl\/wp-content\/uploads\/houtart_hondenmand_staal_indus_xl_v2_wit300logo.jpg\" alt=\"Hondenmand Indus Stalen frame-XL\" width=\"300\" height=\"300\" \/><\/a><\/p>\n<p><strong>Wie cool ist dieses Hundebett aus Stahl?<br \/>\n<\/strong><em>Neues Modell mit erh\u00f6htem Rand<\/em><\/p>\n<p>Wil je voor jouw huisdier een aparte en originele hondenmand? Dan is deze Hondenmand Indus Stalen frame-XL wel iets voor jouw hond.<br \/>\nHergestellt mit einem Stahlrahmen aus einem 20 x 20 mm oder 25 x 25 mm gro\u00dfen Rohr.<\/p>\n<p>Das Stahlgestell wird standardm\u00e4\u00dfig mit einer Klarlackierung geliefert.<br \/>\nF\u00fcr eine optimale Haltbarkeit k\u00f6nnen wir diese auch in Schwarz, Wei\u00df und Achatgrau pulverbeschichten.<br \/>\nDas Ma\u00df ist das Au\u00dfenma\u00df. Das Innenma\u00df ist je nach Tubengr\u00f6\u00dfe 4 cm oder 5 cm kleiner.<br \/>\nDie Bodenplatte aus 18 mm Sperrholz, stabil f\u00fcr jeden Vierbeiner!<\/p>\n<ul>\n<li><strong>SPITZE:<\/strong>\u00a0Standardm\u00e4\u00dfig in verschiedenen Gr\u00f6\u00dfen erh\u00e4ltlich, kann aber bei Bedarf auch auf Bestellung bestellt werden.<\/li>\n<\/ul>\n<p><a href=\"https:\/\/dogpride.nl\/de\/\"><img loading=\"lazy\" decoding=\"async\" class=\"alignnone\" title=\"Hundebett Indus Steel Frame-XL\" src=\"https:\/\/dogpride.nl\/wp-content\/uploads\/houtart_hondenmand_staal_indus_xl_v2_wit300logo.jpg\" alt=\"Hondenmand Indus Stalen frame-XL\" width=\"172\" height=\"172\" \/><\/a><\/p>\n<p><a href=\"https:\/\/dogpride.nl\/de\/produkt\/hondenkussen-strak-in-diverse-kleuren\/\">Klicken Sie hier f\u00fcr ein passendes Kissen<\/a><\/p>\n<p>&nbsp;<\/p>","protected":false},"excerpt":{"rendered":"<p>Hundebett Indus! Stahlrahmen XL. Mit doppelter Randerh\u00f6hung um den Rahmen. Dadurch bleibt das Kissen noch besser an Ort und Stelle.<\/p>","protected":false},"featured_media":101980,"template":"","meta":[],"product_brand":[],"product_cat":[5244],"product_tag":[3348,4616,4619],"class_list":{"0":"post-75058","1":"product","2":"type-product","3":"status-publish","4":"has-post-thumbnail","6":"product_cat-hout-art-hondenmanden","7":"product_tag-hondenmand","8":"product_tag-stalen-frame","9":"product_tag-xl","10":"product_shipping_class-bijzondere-verzending","12":"first","13":"instock","14":"taxable","15":"shipping-taxable","16":"purchasable","17":"product-type-variable"},"mb":[],"mfb_rest_fields":["title"],"_links":{"self":[{"href":"https:\/\/dogpride.nl\/de\/wp-json\/wp\/v2\/product\/75058","targetHints":{"allow":["GET"]}}],"collection":[{"href":"https:\/\/dogpride.nl\/de\/wp-json\/wp\/v2\/product"}],"about":[{"href":"https:\/\/dogpride.nl\/de\/wp-json\/wp\/v2\/types\/product"}],"wp:featuredmedia":[{"embeddable":true,"href":"https:\/\/dogpride.nl\/de\/wp-json\/wp\/v2\/media\/101980"}],"wp:attachment":[{"href":"https:\/\/dogpride.nl\/de\/wp-json\/wp\/v2\/media?parent=75058"}],"wp:term":[{"taxonomy":"product_brand","embeddable":true,"href":"https:\/\/dogpride.nl\/de\/wp-json\/wp\/v2\/product_brand?post=75058"},{"taxonomy":"product_cat","embeddable":true,"href":"https:\/\/dogpride.nl\/de\/wp-json\/wp\/v2\/product_cat?post=75058"},{"taxonomy":"product_tag","embeddable":true,"href":"https:\/\/dogpride.nl\/de\/wp-json\/wp\/v2\/product_tag?post=75058"}],"curies":[{"name":"wp","href":"https:\/\/api.w.org\/{rel}","templated":true}]}}