{"id":75055,"date":"2021-09-29T16:19:45","date_gmt":"2021-09-29T14:19:45","guid":{"rendered":"https:\/\/dogpride1.wpengine.com\/?post_type=product&#038;p=75055"},"modified":"2026-03-19T10:00:48","modified_gmt":"2026-03-19T09:00:48","slug":"mand-olievat-liggend","status":"publish","type":"product","link":"https:\/\/dogpride.nl\/de\/mand-olievat-liggend\/","title":{"rendered":"Korb \u00d6lfass liegend"},"content":{"rendered":"<h4>Korb \u00d6lfass liegend<\/h4>\n<p>Stoere hondenmand, gemaakt van een olievat, gespoten in blanke lak.<\/p>\n<p>Schenken Sie Ihrem Hund auch so einen coolen Korb?!<strong><br \/>\n<\/strong><\/p>\n<p><a href=\"https:\/\/dogpride.nl\/de\/\"><img loading=\"lazy\" decoding=\"async\" class=\"alignnone\" title=\"Korb \u00d6lfass liegend\" src=\"https:\/\/dogpride.nl\/wp-content\/uploads\/olievat.jpg\" alt=\"Mand olievat liggend\" width=\"231\" height=\"146\" \/><\/a><\/p>\n<p>Hergestellt aus einem gro\u00dfen 200-Liter-\u00d6lfass, mit Klarlack bespr\u00fcht.<br \/>\nDie Kanten sind mit einer Gummikante gesch\u00fctzt. Auf diese Weise ist der Korb sicher zu verwenden.<br \/>\nDieser Korb eignet sich f\u00fcr kleine bis mittelgro\u00dfe Hunde und ist auch f\u00fcr Katzen geeignet.<\/p>\n<p><a href=\"https:\/\/nl.wikipedia.org\/wiki\/Hoofdpagina\" target=\"_blank\" rel=\"noopener\"><img loading=\"lazy\" decoding=\"async\" class=\"alignnone\" src=\"https:\/\/dogpride.nl\/wp-content\/uploads\/olievat.jpg\" alt=\"\" width=\"231\" height=\"146\" \/><\/a><\/p>\n<p>Fassfarben unterliegen der Verf\u00fcgbarkeit.<\/p>\n<p><strong>Ma\u00dfe:<\/strong><br \/>\nH\u00f6he: 30 cm<br \/>\nDurchmesser: 59 cm<\/p>\n<p>&nbsp;<\/p>","protected":false},"excerpt":{"rendered":"<p>Korb \u00d6lfass liegend. Stabiles Hundebett, gefertigt aus einem \u00d6lfass, mit Klarlack bespr\u00fcht.<\/p>","protected":false},"featured_media":75054,"template":"","meta":[],"product_brand":[],"product_cat":[5244],"product_tag":[3348,5260,5258],"class_list":{"0":"post-75055","1":"product","2":"type-product","3":"status-publish","4":"has-post-thumbnail","6":"product_cat-hout-art-hondenmanden","7":"product_tag-hondenmand","8":"product_tag-liggend","9":"product_tag-olievat","10":"product_shipping_class-bijzondere-verzending","12":"first","13":"instock","14":"featured","15":"taxable","16":"shipping-taxable","17":"purchasable","18":"product-type-simple"},"mb":[],"mfb_rest_fields":["title"],"_links":{"self":[{"href":"https:\/\/dogpride.nl\/de\/wp-json\/wp\/v2\/product\/75055","targetHints":{"allow":["GET"]}}],"collection":[{"href":"https:\/\/dogpride.nl\/de\/wp-json\/wp\/v2\/product"}],"about":[{"href":"https:\/\/dogpride.nl\/de\/wp-json\/wp\/v2\/types\/product"}],"wp:featuredmedia":[{"embeddable":true,"href":"https:\/\/dogpride.nl\/de\/wp-json\/wp\/v2\/media\/75054"}],"wp:attachment":[{"href":"https:\/\/dogpride.nl\/de\/wp-json\/wp\/v2\/media?parent=75055"}],"wp:term":[{"taxonomy":"product_brand","embeddable":true,"href":"https:\/\/dogpride.nl\/de\/wp-json\/wp\/v2\/product_brand?post=75055"},{"taxonomy":"product_cat","embeddable":true,"href":"https:\/\/dogpride.nl\/de\/wp-json\/wp\/v2\/product_cat?post=75055"},{"taxonomy":"product_tag","embeddable":true,"href":"https:\/\/dogpride.nl\/de\/wp-json\/wp\/v2\/product_tag?post=75055"}],"curies":[{"name":"wp","href":"https:\/\/api.w.org\/{rel}","templated":true}]}}