{"id":74905,"date":"2021-09-27T17:36:18","date_gmt":"2021-09-27T15:36:18","guid":{"rendered":"https:\/\/dogpride1.wpengine.com\/?post_type=product&#038;p=74905"},"modified":"2026-03-19T10:10:11","modified_gmt":"2026-03-19T09:10:11","slug":"gla-wel-dog-sport-3b-d-hondenaanhanger-met-3-boxen","status":"publish","type":"product","link":"https:\/\/dogpride.nl\/de\/gla-wel-dog-sport-3b-d-hondenaanhanger-met-3-boxen\/","title":{"rendered":"GLA-WEL DOG-Sport 3B-D Hundeanh\u00e4nger mit 3 Boxen"},"content":{"rendered":"<h4>GLA-WEL DOG-Sport 3B-D Hundeanh\u00e4nger mit 3 Boxen<\/h4>\n<p>GLA-WEL DOG-Sport 3B-D Hundeanh\u00e4nger mit 3 Boxen. Das absolute TOP unter den Hundeanh\u00e4ngern.<\/p>\n<p>GLA-WEL Hundetransportanh\u00e4nger f\u00fcr 3-4 Hunde, vor allem aber Ihr zuk\u00fcnftiger und einzigartiger DOG-Sport Hundeanh\u00e4nger!<\/p>\n<p><a href=\"https:\/\/dogpride.nl\/de\/\"><img loading=\"lazy\" decoding=\"async\" class=\"alignnone\" title=\"GLA-WEL DOG-Sport 3B-D Hundeanh\u00e4nger mit 3 Boxen\" src=\"https:\/\/dogpride.nl\/wp-content\/uploads\/IMG_2642_3B-D_freigestellt_gs_1000x712px-150x150.jpg\" alt=\"GLA-WEL DOG-Sport 3B-D hondenaanhanger met 3 boxen\" width=\"150\" height=\"150\" \/><\/a><\/p>\n<p>Entscheiden Sie sich f\u00fcr eines unserer Standard-Anh\u00e4ngermodelle mit Grundausstattung? Diese GLA-WEL Hundeanh\u00e4nger sind gro\u00dfz\u00fcgig gestaltet und lassen kaum W\u00fcnsche offen.<br \/>\nOder interessieren Sie sich f\u00fcr spezielle Funktionen, die Ihnen wichtig sind, damit sich Ihr Hund besonders wohlf\u00fchlt, z. B. eine tierfreundliche Klimaanlage?<br \/>\nMit solch exklusiven Extras statten wir Ihren zuk\u00fcnftigen Hundetransportanh\u00e4nger aus der \u201eDOG-Sport\u201c-Serie (gegen Aufpreis) aus.<\/p>\n<p>&nbsp;<\/p>\n<p>Je kunt alleen winnen. Want met een hondenaanhanger GLA-WEL DOG-Sport 3B-D hondenaanhanger met 3 boxen zijn u en uw hond bijzonder veilig en comfortabel onderweg, en dat al jaren.<\/p>\n<p>DOG-Sport Hundetransportanh\u00e4nger \u201eDOG-Sport 3B-D\u201c, 3-Boxer mit Staudach f\u00fcr den Transport von drei Hunden.<\/p>\n<h5><strong>Ma\u00dfe 3B-D Hundeanh\u00e4nger:<\/strong><\/h5>\n<p>Anzahl der Achsen: 1<br \/>\nGeschosslast: 75 kg<br \/>\nReifentyp: Ganzjahresreifen 185\/65R14<br \/>\nInnenma\u00dfe der Box: 1.160 x 615 x 840 mm (L x B x H); Frontbox: 1.235 x 615 x 840 mm (L x B x H)<br \/>\nGesamtabmessungen: 3.400 x 1.850 x 1.740 mm (L x B x H)<\/p>\n<p><img loading=\"lazy\" decoding=\"async\" class=\"alignnone wp-image-74913 size-large\" src=\"https:\/\/www.dogpride.nl\/wp-content\/uploads\/Zeichnung_3B-D_3LB-D_-1024x621.jpg\" alt=\"\" width=\"1024\" height=\"621\" srcset=\"https:\/\/dogpride.nl\/wp-content\/uploads\/Zeichnung_3B-D_3LB-D_-1024x621.jpg 1024w, https:\/\/dogpride.nl\/wp-content\/uploads\/Zeichnung_3B-D_3LB-D_-250x152.jpg 250w, https:\/\/dogpride.nl\/wp-content\/uploads\/Zeichnung_3B-D_3LB-D_-400x242.jpg 400w, https:\/\/dogpride.nl\/wp-content\/uploads\/Zeichnung_3B-D_3LB-D_-300x182.jpg 300w, https:\/\/dogpride.nl\/wp-content\/uploads\/Zeichnung_3B-D_3LB-D_-768x465.jpg 768w, https:\/\/dogpride.nl\/wp-content\/uploads\/Zeichnung_3B-D_3LB-D_-1536x931.jpg 1536w, https:\/\/dogpride.nl\/wp-content\/uploads\/Zeichnung_3B-D_3LB-D_-200x121.jpg 200w, https:\/\/dogpride.nl\/wp-content\/uploads\/Zeichnung_3B-D_3LB-D_-600x364.jpg 600w, https:\/\/dogpride.nl\/wp-content\/uploads\/Zeichnung_3B-D_3LB-D_-800x485.jpg 800w, https:\/\/dogpride.nl\/wp-content\/uploads\/Zeichnung_3B-D_3LB-D_-1200x727.jpg 1200w, https:\/\/dogpride.nl\/wp-content\/uploads\/Zeichnung_3B-D_3LB-D_.jpg 1980w\" sizes=\"auto, (max-width: 1024px) 100vw, 1024px\" \/><\/p>\n<h5><strong>Dieser Typ ist standardm\u00e4\u00dfig mit folgenden Funktionen ausgestattet:<\/strong><\/h5>\n<ul>\n<li>Vollst\u00e4ndig verschwei\u00dfter Aluminiumrahmen mit Beschichtung, Farbe nach Wunsch gem\u00e4\u00df der Standard-RAL-Skala<\/li>\n<li>Anzeige der Innentemperatur<\/li>\n<li>LED-Umrissleuchten mit integrierten Reflektoren<\/li>\n<li>LED-Innenbeleuchtung<\/li>\n<li>W\u00e4nde, Decke: 30 mm D\u00e4mmplatte mit 1,0 mm Aluminium-Deckschicht innen, 1,8 mm GFK au\u00dfen; Unten: Aluminium<\/li>\n<li>Beidseitige Griffmuldenverriegelung, Schrauben, Verschraubungen aus Edelstahl<\/li>\n<li>Au\u00dfen- und Innent\u00fcren mit Keil, Innent\u00fcren aus Edelstahl 1.4571<\/li>\n<li>Vollverschwei\u00dfter Sto\u00dff\u00e4nger aus Edelstahl mit Trittstufe<\/li>\n<li>T\u00fcrschlie\u00dfer und hochwertiger Gasdruckd\u00e4mpfer mit Endlagend\u00e4mpfung oben an den T\u00fcren<\/li>\n<li>Abnehmbare Trennwand aus 10 mm Hartschaumplatte zwischen den hinteren Lautsprechern<\/li>\n<li>Manuelles St\u00fctzrad; 2 St\u00fcck Unterlegkeile<\/li>\n<li>Heckst\u00fctze aus Edelstahl (nur f\u00fcr Einachsanh\u00e4nger)<\/li>\n<li>Erf\u00fcllt die Richtlinien f\u00fcr die 100 km\/h-Zulassung<\/li>\n<li>Bel\u00fcftungsventile<\/li>\n<li>Bel\u00fcftung in den T\u00fcren<\/li>\n<li>Kotfl\u00fcgel aus Kunststoff<\/li>\n<li>1 St\u00fcck 12 V L\u00fcfter zur Bel\u00fcftung der Boxen \u00fcber das L\u00fcftungskanalsystem<\/li>\n<li>3 Bremslichter sowie LED-Beleuchtung f\u00fcr Gep\u00e4ckraum und Stauraum<\/li>\n<li>Qualit\u00e4tsachsen mit Sto\u00dfd\u00e4mpfern, Stahlfelgen mit Ganzjahresreifen<\/li>\n<li>Lagerdach inkl. Solarventilator, Bodenbelag und verstellbare Unterteilung im Lagerdachraum<\/li>\n<\/ul>\n<h5><strong>Extras\/Sonderausstattung(en), die die Serienausstattung ersetzen, sind aufpreispflichtig:<\/strong><\/h5>\n<ul>\n<li>Hartholz-Holzgitter, 1 St\u00fcck pro Karton.<\/li>\n<li>L\u00fcftungsklappe an der Au\u00dfent\u00fcr: Zus\u00e4tzliche L\u00fcftungsklappe an der T\u00fcr, ersetzt die Platte der Standardl\u00fcftung.<\/li>\n<li>Aufbewahrungsbox inklusive Gummimatte, W\u00e4schehalter, Beleuchtung: 1.100 x 350 x 580 mm B x T x H<\/li>\n<li>Gro\u00dfe Aufbewahrungsbox, inkl. Gummimatte, G\u00fcrtelhalterung, Beleuchtung: 1.100 x 500 x 725 mm (B x T x H)<\/li>\n<li>Aluminiumfelgen mit Ganzjahresreifen<\/li>\n<li>Anh\u00e4ngerkupplung mit Wankd\u00e4mpfung<\/li>\n<li>Dachklimaanlage (tierfreundliche Luftk\u00fchlung auf Wasserbasis)<\/li>\n<li>Batterie 75Ah 12V inkl. Geh\u00e4use und Anschlussmaterial<\/li>\n<li>Solarset 100 Wp f\u00fcr DOG-Sport (Solarmodul inklusive Anschluss- und Montagetechnik; nicht mit Dachreling kombinierbar!)<\/li>\n<li>Ladeger\u00e4t Markenprodukt (f\u00fcr 1 bis 2 Akkus)<\/li>\n<li>Ladeger\u00e4t Markenware (ab 2 Akkus)<\/li>\n<li>LED-Unterbeleuchtung inklusive Fernbedienung.<\/li>\n<li>Zus\u00e4tzliches R\u00fcckfahrlicht im Sto\u00dff\u00e4nger: LED-Leuchten im Aluminium-Druckgussgeh\u00e4use<\/li>\n<li>Kotfl\u00fcgel aus Edelstahl 1.4571 f\u00fcr Einachsfahrzeuge, Set inklusive Verst\u00e4rkung bis max. 50 kg<\/li>\n<li>Wassertank mit 12V-Pumpe inklusive Halterung<\/li>\n<li>Beidseitige Abweiserplatten aus eloxiertem Aluminium-Riffelblech<\/li>\n<li>Sto\u00dfstange aus Edelstahl 1.4571 mit Trittstufe und LED-R\u00fccklicht, LED-Bremslicht<\/li>\n<li>Dachreling aus Edelstahl f\u00fcr 3-Boxer<\/li>\n<li>2 Quertr\u00e4ger f\u00fcr Dachreling aus Edelstahl (niedrig)<\/li>\n<li>2 Quertr\u00e4ger f\u00fcr Dachreling aus Edelstahl (hoch)<\/li>\n<li>Fahrradtr\u00e4ger auf V-Deichsel, f\u00fcr max. 2 Fahrr\u00e4der<\/li>\n<li>Ersatzrad aus Stahlfelge, mit Ganzjahresreifen und Deichselbefestigung<\/li>\n<li>Automatisches St\u00fctzrad (Hochleistung)<\/li>\n<li>Entw\u00e4sserungsrinne mit Langl\u00f6chern<\/li>\n<li>Diebstahlsicherung \/ Sicherheitsschloss \u201eSafety-Plus\u201c: nicht erforderlich bei Einbau einer Kugelkupplung mit Stabilisator<\/li>\n<li>Futterspender f\u00fcr GLA-WEL Hundeboxen, Hundeanh\u00e4nger 0,6 L, zum Einh\u00e4ngen in die T\u00fcr<\/li>\n<li>Futternapf f\u00fcr GLA-WEL Hundebox, Hundeanh\u00e4nger 2,8 L zum Einh\u00e4ngen in die T\u00fcr<\/li>\n<li>Zulassung f\u00fcr eine 100 km\/h-Zulassung.<\/li>\n<\/ul>\n<p><a href=\"https:\/\/nl.wikipedia.org\/wiki\/Hoofdpagina\" target=\"_blank\" rel=\"noopener\"><img loading=\"lazy\" decoding=\"async\" class=\"alignnone\" title=\"GLA-WEL DOG-Sport 3B-D Hundeanh\u00e4nger mit 3 Boxen\" src=\"https:\/\/dogpride.nl\/wp-content\/uploads\/IMG_2642_3B-D_freigestellt_gs_1000x712px-150x150.jpg\" alt=\"GLA-WEL DOG-Sport 3B-D hondenaanhanger met 3 boxen\" width=\"150\" height=\"150\" \/><\/a><\/p>\n<h5><strong>Preise auf Anfrage!<\/strong><\/h5>\n<p><strong>Lieferzeit f\u00fcr einen Anh\u00e4nger nach pers\u00f6nlichem Design ca. 12-16 Wochen!<\/strong><\/p>\n<p><strong>Anh\u00e4nger werden standardm\u00e4\u00dfig von AF DOGPRIDE NL in Dinxperlo geliefert. Lieferung zu Ihnen nach Hause gegen Aufpreis.<\/strong><\/p>","protected":false},"excerpt":{"rendered":"<p>Deze GLA-WEL DOG-Sport 3B-D hondenaanhanger met 3 boxenhonden zijn royaal ontworpen en laten weinig te wensen over. Of bent u ge\u00efnteresseerd in speciale functies die voor u belangrijk zijn, zodat uw hond zich bijzonder comfortabel voelt, b.v. een diervriendelijke airco?<\/p>","protected":false},"featured_media":74906,"template":"","meta":[],"product_brand":[],"product_cat":[2936],"product_tag":[25906,5932],"class_list":{"0":"post-74905","1":"product","2":"type-product","3":"status-publish","4":"has-post-thumbnail","6":"product_cat-gla-wel-hondenaanhangers","7":"product_tag-gla-wel","8":"product_tag-hondenaanhanger","10":"first","11":"instock","12":"taxable","13":"shipping-taxable","14":"product-type-simple"},"mb":[],"mfb_rest_fields":["title"],"_links":{"self":[{"href":"https:\/\/dogpride.nl\/de\/wp-json\/wp\/v2\/product\/74905","targetHints":{"allow":["GET"]}}],"collection":[{"href":"https:\/\/dogpride.nl\/de\/wp-json\/wp\/v2\/product"}],"about":[{"href":"https:\/\/dogpride.nl\/de\/wp-json\/wp\/v2\/types\/product"}],"wp:featuredmedia":[{"embeddable":true,"href":"https:\/\/dogpride.nl\/de\/wp-json\/wp\/v2\/media\/74906"}],"wp:attachment":[{"href":"https:\/\/dogpride.nl\/de\/wp-json\/wp\/v2\/media?parent=74905"}],"wp:term":[{"taxonomy":"product_brand","embeddable":true,"href":"https:\/\/dogpride.nl\/de\/wp-json\/wp\/v2\/product_brand?post=74905"},{"taxonomy":"product_cat","embeddable":true,"href":"https:\/\/dogpride.nl\/de\/wp-json\/wp\/v2\/product_cat?post=74905"},{"taxonomy":"product_tag","embeddable":true,"href":"https:\/\/dogpride.nl\/de\/wp-json\/wp\/v2\/product_tag?post=74905"}],"curies":[{"name":"wp","href":"https:\/\/api.w.org\/{rel}","templated":true}]}}