{"id":7482,"date":"2021-05-28T17:28:03","date_gmt":"2021-05-28T15:28:03","guid":{"rendered":"https:\/\/dogpride1.wpengine.com\/?post_type=product&#038;p=7482"},"modified":"2025-10-28T11:50:23","modified_gmt":"2025-10-28T10:50:23","slug":"pride-supergrip-speurlijn-20mmx10m","status":"publish","type":"product","link":"https:\/\/dogpride.nl\/de\/pride-supergrip-speurlijn-20mmx10m\/","title":{"rendered":"PRIDE Supergrip-Tracking-Linie 20 mm x 10 m"},"content":{"rendered":"<h4>PRIDE Supergrip-Tracking-Linie 20 mm x 10 m<\/h4>\n<p>PRIDE Supergrip-Tracking-Linie 20 mm x 10 m<\/p>\n<p>Deze PRIDE Supergrip speurlijn 20mmx10M werklijn is gemaakt van anti slip materiaal met rubber en heeft een lichte textuur. De riem neemt geen water op en wordt niet zwaarder.<br \/>\n20 mm breites Gummi-\/Webmaterial, rutschfest bei Regen oder bei schwitzigen H\u00e4nden oder einem kr\u00e4ftigen Hund, wo guter Halt gew\u00fcnscht ist, waschbar.<br \/>\nIn mehreren Farben erh\u00e4ltlich!<\/p>\n<ul>\n<li>Ideal f\u00fcr verschwitzte H\u00e4nde, nasses Wetter und Spielen im Wasser<\/li>\n<li>Sicherer Halt<\/li>\n<li>L\u00e4nge: 10 m<\/li>\n<li>Geeignet f\u00fcr die Ortung mit Hunden<\/li>\n<\/ul>\n<p><strong>Material:<\/strong> Nylon<br \/>\n<strong>Model:<\/strong> L-029<br \/>\nOhne Griff \/ Mit Griff<br \/>\nHundeleine aus Super-Grip-Gummi, rutschfest<br \/>\n<strong>Verf\u00fcgbare Farben:<\/strong> Schwarz, Lila, Blau<br \/>\n<strong>Breite:<\/strong> 20mm<br \/>\n<strong>L\u00e4nge: <\/strong>10m<\/p>\n<p><a href=\"https:\/\/www.dogpride.eu\/\" target=\"_blank\" rel=\"noopener\"><img loading=\"lazy\" decoding=\"async\" class=\"alignnone wp-image-70657 size-medium\" src=\"https:\/\/dogpride.nl\/wp-content\/uploads\/Logo-Pride2-1-300x96.png\" alt=\"\" width=\"300\" height=\"96\" srcset=\"https:\/\/dogpride.nl\/wp-content\/uploads\/Logo-Pride2-1-300x96.png 300w, https:\/\/dogpride.nl\/wp-content\/uploads\/Logo-Pride2-1-250x80.png 250w, https:\/\/dogpride.nl\/wp-content\/uploads\/Logo-Pride2-1-200x64.png 200w, https:\/\/dogpride.nl\/wp-content\/uploads\/Logo-Pride2-1.png 327w\" sizes=\"auto, (max-width: 300px) 100vw, 300px\" \/><\/a><\/p>\n<p>&nbsp;<\/p>\n<p><a href=\"https:\/\/dogpride.nl\/de\/produkt\/botcher-biothane-speurharnas\/\">Schauen Sie hier nach einem Biothane-Tracking-Geschirr von B\u00f6tcher.<\/a><\/p>\n<p><a href=\"https:\/\/dogpride.nl\/de\/lijnen-en-tuigjes-voor-honden\/pride-hondenlijnen\/\"><img loading=\"lazy\" decoding=\"async\" class=\"alignnone wp-image-136404 size-thumbnail\" src=\"https:\/\/dogpride.nl\/wp-content\/uploads\/PRIDE-Supergrip-speurlijn-20mmx10M-150x150.jpg\" alt=\"PRIDE Supergrip speurlijn 20mmx10M\" width=\"150\" height=\"150\" srcset=\"https:\/\/dogpride.nl\/wp-content\/uploads\/PRIDE-Supergrip-speurlijn-20mmx10M-150x150.jpg 150w, https:\/\/dogpride.nl\/wp-content\/uploads\/PRIDE-Supergrip-speurlijn-20mmx10M-100x100.jpg 100w\" sizes=\"auto, (max-width: 150px) 100vw, 150px\" \/><\/a><\/p>\n<p>&nbsp;<\/p>","protected":false},"excerpt":{"rendered":"<p>PRIDE Supergrip-Tracking-Linie 20 mm x 10 m. Diese Arbeitsleine besteht aus rutschfestem Material mit Gummi und hat eine leichte Textur.<\/p>","protected":false},"featured_media":22714,"template":"","meta":[],"product_brand":[],"product_cat":[389,192],"product_tag":[],"class_list":{"0":"post-7482","1":"product","2":"type-product","3":"status-publish","4":"has-post-thumbnail","6":"product_cat-speuren","7":"product_cat-pride-hondenlijnen","9":"first","10":"instock","11":"taxable","12":"shipping-taxable","13":"purchasable","14":"product-type-variable"},"mb":[],"mfb_rest_fields":["title"],"_links":{"self":[{"href":"https:\/\/dogpride.nl\/de\/wp-json\/wp\/v2\/product\/7482","targetHints":{"allow":["GET"]}}],"collection":[{"href":"https:\/\/dogpride.nl\/de\/wp-json\/wp\/v2\/product"}],"about":[{"href":"https:\/\/dogpride.nl\/de\/wp-json\/wp\/v2\/types\/product"}],"wp:featuredmedia":[{"embeddable":true,"href":"https:\/\/dogpride.nl\/de\/wp-json\/wp\/v2\/media\/22714"}],"wp:attachment":[{"href":"https:\/\/dogpride.nl\/de\/wp-json\/wp\/v2\/media?parent=7482"}],"wp:term":[{"taxonomy":"product_brand","embeddable":true,"href":"https:\/\/dogpride.nl\/de\/wp-json\/wp\/v2\/product_brand?post=7482"},{"taxonomy":"product_cat","embeddable":true,"href":"https:\/\/dogpride.nl\/de\/wp-json\/wp\/v2\/product_cat?post=7482"},{"taxonomy":"product_tag","embeddable":true,"href":"https:\/\/dogpride.nl\/de\/wp-json\/wp\/v2\/product_tag?post=7482"}],"curies":[{"name":"wp","href":"https:\/\/api.w.org\/{rel}","templated":true}]}}