{"id":74681,"date":"2021-09-24T10:53:02","date_gmt":"2021-09-24T08:53:02","guid":{"rendered":"https:\/\/dogpride1.wpengine.com\/?post_type=product&#038;p=74681"},"modified":"2021-12-23T13:55:10","modified_gmt":"2021-12-23T12:55:10","slug":"kogelwerend-vest-iiia-full-tactical-one-plus-security-man","status":"publish","type":"product","link":"https:\/\/dogpride.nl\/de\/kogelwerend-vest-iiia-full-tactical-one-plus-security-man\/","title":{"rendered":"Kugelsichere Weste IIIA VOLLTAKTISCH"},"content":{"rendered":"<h4>Kugelsichere Weste IIIA VOLLTAKTISCH<\/h4>\n<p><span class=\"\">Kugelsichere Weste IIIA FULL-TACTICAL One Plus SECURITY Mann. Vollst\u00e4ndig kugelsichere Weste: schwarzer \u00dcberzug + ballistisches Paket<\/span><\/p>\n<p>Allgemeine Form, speziell f\u00fcr den Au\u00dfenbereich konzipiert. Herrenmodell<br \/>\n\u2013 Damenmodell verf\u00fcgbar<br \/>\n2 Klettverschl\u00fcsse f\u00fcr Herz- und R\u00fcckenklappen<br \/>\n2 Schulterverstellungen an gepolsterten Klettverschl\u00fcssen<br \/>\n6 seitliche Verstellgurte mit MOLLE-System in Milit\u00e4rqualit\u00e4t vorne und hinten<br \/>\n1 Klettverschluss f\u00fcr Rang- und Gruppenblut<br \/>\n1 Klettverschluss f\u00fcr Nummernschild oder Namensband<br \/>\n2 aufgesetzte Taschen mit wasserdichten Verschl\u00fcssen<br \/>\n3D-Mesh-Futter auf der Vorder- und R\u00fcckseite zur W\u00e4rmeregulierung<br \/>\n2 Taschen (Tellerhalter) zum Hinzuf\u00fcgen zus\u00e4tzlicher Teller auf h\u00f6heren Ebenen<\/p>\n<p>Ma\u00dfanfertigung der Weste durch uns m\u00f6glich OPTION Zubeh\u00f6rtaschen mit MOLLE-System Entdecken Sie die BALLISTIC MATERIAL-Reihe. 100% DYNEEMA UD-SB21 Dichte 140 \u2013 150 G\/M2. 5 + 5 Jahre Garantie auf ballistisches Paket DYNEEMA ist derzeit das Material der Wahl. Seine ballistische Leistung ist au\u00dfergew\u00f6hnlich, die Verformung beim Aufprall ist sehr gering. DYNEEMA bietet auch Klingenschutz an. SICHERHEIT Hoher Schutzgrad NIJ IIIA Standard 04, skalierbar mit Platten in Kombination in Level III +, IV Lamellenschirme Geringe Verformung beim Aufprall<br \/>\nHaben Sie keine Angst vor Feuchtigkeit oder Licht. Abdeckung f\u00fcr schwarzes Modell. WARTUNG: Legen Sie das Ballistikpaket niemals in die Maschine.\u00a0<span class=\"\">Gehen Sie einfach mit einem Schwamm oder einem feuchten Tuch \u00fcber die ballistische H\u00fclle. Maschinenw\u00e4sche bei 30\u00b0. Nicht b\u00fcgeln. Bewahren Sie die Westen flach oder auf einem Kleiderb\u00fcgel auf<\/span><\/p>\n<h4>GR\u00d6SSEN Herrenmodell S \u2013 4XL<br \/>\n<strong>Bitte geben Sie bei der Bestellung Ihre Gr\u00f6\u00dfe in den Kommentaren an.\u00a0<\/strong><\/h4>\n<p><span class=\"goog-text-highlight\">PRODUKTVORTEILE Skalierbarer ballistischer Schutz f\u00fcr diesen K\u00f6rperschutz. Moderner und ma\u00dfgeschneiderter Schnitt. Der Bezug kann separat verkauft werden<\/span><\/p>","protected":false},"excerpt":{"rendered":"<p>Kugelsichere Weste IIIA FULL TACTICAL One Plus SECURITY Mann. <span class=\"\">Vollst\u00e4ndig kugelsichere Weste: schwarzer \u00dcberzug + ballistisches Paket.<\/span><\/p>","protected":false},"featured_media":74682,"template":"","meta":[],"product_brand":[],"product_cat":[2911],"product_tag":[],"class_list":{"0":"post-74681","1":"product","2":"type-product","3":"status-publish","4":"has-post-thumbnail","6":"product_cat-pbm","8":"first","9":"instock","10":"taxable","11":"shipping-taxable","12":"purchasable","13":"product-type-variable"},"mb":[],"mfb_rest_fields":["title"],"_links":{"self":[{"href":"https:\/\/dogpride.nl\/de\/wp-json\/wp\/v2\/product\/74681","targetHints":{"allow":["GET"]}}],"collection":[{"href":"https:\/\/dogpride.nl\/de\/wp-json\/wp\/v2\/product"}],"about":[{"href":"https:\/\/dogpride.nl\/de\/wp-json\/wp\/v2\/types\/product"}],"wp:featuredmedia":[{"embeddable":true,"href":"https:\/\/dogpride.nl\/de\/wp-json\/wp\/v2\/media\/74682"}],"wp:attachment":[{"href":"https:\/\/dogpride.nl\/de\/wp-json\/wp\/v2\/media?parent=74681"}],"wp:term":[{"taxonomy":"product_brand","embeddable":true,"href":"https:\/\/dogpride.nl\/de\/wp-json\/wp\/v2\/product_brand?post=74681"},{"taxonomy":"product_cat","embeddable":true,"href":"https:\/\/dogpride.nl\/de\/wp-json\/wp\/v2\/product_cat?post=74681"},{"taxonomy":"product_tag","embeddable":true,"href":"https:\/\/dogpride.nl\/de\/wp-json\/wp\/v2\/product_tag?post=74681"}],"curies":[{"name":"wp","href":"https:\/\/api.w.org\/{rel}","templated":true}]}}