{"id":74672,"date":"2021-09-24T10:45:24","date_gmt":"2021-09-24T08:45:24","guid":{"rendered":"https:\/\/dogpride1.wpengine.com\/?post_type=product&#038;p=74672"},"modified":"2021-12-23T13:56:26","modified_gmt":"2021-12-23T12:56:26","slug":"kogelwerend-vest-model-one-plus","status":"publish","type":"product","link":"https:\/\/dogpride.nl\/de\/kogelwerend-vest-model-one-plus\/","title":{"rendered":"Kugelsichere Weste Modell ONE-PLUS"},"content":{"rendered":"<h3>Kugelsichere Weste Modell ONE-PLUS<\/h3>\n<p><span class=\"\">Kugelsichere Weste Modell ONE-PLUS. Unsere kugelsicheren Westen sind speziell f\u00fcr das diskrete Tragen (\u00fcber oder unter der Kleidung) konzipiert.<\/span><\/p>\n<p>Herrenmodell \u2013 2 G\u00fcrtelverstellungen mit Gummizug auf Klettverschluss \u2013 2 Schulterverstellungen auf starrer Lasche und Klettverschluss \u2013 2 Klettverschl\u00fcsse auf der Herzseite und 1 Klettverschluss auf der R\u00fcckseite \u2013 M\u00f6gliche Anpassung der Weste mit Ma\u00dfen durch uns nach der Lieferung<br \/>\nBALLISTISCHES MATERIAL \u2013 100% DYNEEMA UD-SB21 \u2013 Dichte 140 \u2013 150 G\/M2.<br \/>\nBallistikpaket 5 + 5 Jahre Garantie<br \/>\nDYNEEMA ist derzeit ein Material der Wahl f\u00fcr die Herstellung kugelsicherer Westen. Seine ballistische Leistung ist au\u00dfergew\u00f6hnlich. Sehr geringe Verformung beim Aufprall. DYNEEMA bietet auch Klingenschutz an.\u00a0<span class=\"\">SICHERHEIT \u2013 Unsere kugelsicheren Westen bieten ein hohes Ma\u00df an Schutz und erf\u00fcllen den NI-Standard, I IIIA-Standard 04. \u2013 Explosionsschutzweste \u2013 geringe Verformung durch Aufprall \u2013 keine Angst vor Feuchtigkeit oder Licht\u00a0<\/span><\/p>\n<p><span class=\"\">Kugelsichere Westenh\u00fclle, Modell One Plus<\/span><\/p>\n<p>Marineblaue Farbe \u2013 UNZERST\u00d6RBARER Twill-Stoff 245 g: m2 Industriew\u00e4sche \u2013 Zusammensetzung 65% Polyester 35% Baumwolle \u2013 Kein Allergierisiko \u2013 Bezug anpassbar an verschiedene K\u00f6rpertypen \u2013 Abnehmbarer Bezug \u2013 Klettverschluss 800-Qualit\u00e4t von APLIX (Verwaltungsnormen)<\/p>\n<p>WARTUNG IHRES BALLISTISCHEN SCHUTZES Manipulieren Sie niemals die ballistische Verpackung.<br \/>\n<span class=\"goog-text-highlight\">Eisen\u00a0<\/span><span class=\"goog-text-highlight\">einfach einen Schwamm oder ein feuchtes Tuch \u00fcber die ballistische Au\u00dfenseite streichen.<br \/>\n<\/span><span class=\"goog-text-highlight\">PFLEGE IHRES BALL-TIGHT-WESENBEZUGS Maschinenw\u00e4sche bei 40 \u00b0, au\u00dfer Cordura 30 \u00b0, mittleres B\u00fcgeln des Bezugs<br \/>\nBewahren Sie die Westen flach oder auf einem Kleiderb\u00fcgel auf<\/span><\/p>\n<p><span class=\"\">GR\u00d6SSEN \u2013 Herrenmodell von S bis 4XL<\/span><br \/>\n<strong><span class=\"\">Bitte geben Sie bei der Bestellung Ihre Gr\u00f6\u00dfe in den Kommentaren an.<\/span><\/strong><\/p>","protected":false},"excerpt":{"rendered":"<p>Kugelsichere Weste Modell ONE PLUS. <span class=\"\">Unsere kugelsicheren Westen sind speziell f\u00fcr das diskrete Tragen (\u00fcber oder unter der Kleidung) konzipiert.<\/span><\/p>","protected":false},"featured_media":74673,"template":"","meta":[],"product_brand":[],"product_cat":[2911],"product_tag":[],"class_list":{"0":"post-74672","1":"product","2":"type-product","3":"status-publish","4":"has-post-thumbnail","6":"product_cat-pbm","8":"first","9":"instock","10":"taxable","11":"shipping-taxable","12":"purchasable","13":"product-type-variable"},"mb":[],"mfb_rest_fields":["title"],"_links":{"self":[{"href":"https:\/\/dogpride.nl\/de\/wp-json\/wp\/v2\/product\/74672","targetHints":{"allow":["GET"]}}],"collection":[{"href":"https:\/\/dogpride.nl\/de\/wp-json\/wp\/v2\/product"}],"about":[{"href":"https:\/\/dogpride.nl\/de\/wp-json\/wp\/v2\/types\/product"}],"wp:featuredmedia":[{"embeddable":true,"href":"https:\/\/dogpride.nl\/de\/wp-json\/wp\/v2\/media\/74673"}],"wp:attachment":[{"href":"https:\/\/dogpride.nl\/de\/wp-json\/wp\/v2\/media?parent=74672"}],"wp:term":[{"taxonomy":"product_brand","embeddable":true,"href":"https:\/\/dogpride.nl\/de\/wp-json\/wp\/v2\/product_brand?post=74672"},{"taxonomy":"product_cat","embeddable":true,"href":"https:\/\/dogpride.nl\/de\/wp-json\/wp\/v2\/product_cat?post=74672"},{"taxonomy":"product_tag","embeddable":true,"href":"https:\/\/dogpride.nl\/de\/wp-json\/wp\/v2\/product_tag?post=74672"}],"curies":[{"name":"wp","href":"https:\/\/api.w.org\/{rel}","templated":true}]}}