{"id":74644,"date":"2021-09-23T17:20:54","date_gmt":"2021-09-23T15:20:54","guid":{"rendered":"https:\/\/dogpride1.wpengine.com\/?post_type=product&#038;p=74644"},"modified":"2021-12-23T14:00:53","modified_gmt":"2021-12-23T13:00:53","slug":"zwarte-kevlar-spiraalveiligheidsriem","status":"publish","type":"product","link":"https:\/\/dogpride.nl\/de\/zwarte-kevlar-spiraalveiligheidsriem\/","title":{"rendered":"Schwarzer spiralf\u00f6rmiger Sicherheitsgurt aus Kevlar"},"content":{"rendered":"<h4>Schwarzer spiralf\u00f6rmiger Sicherheitsgurt aus Kevlar<\/h4>\n<p><span class=\"\">Schwarzer spiralf\u00f6rmiger Sicherheitsgurt aus Kevlar. Das spiralf\u00f6rmige Kevlar\u00ae-Band verf\u00fcgt \u00fcber eine sehr gute mechanische Best\u00e4ndigkeit und eine ausgezeichnete Flexibilit\u00e4t, selbst unter extremen Temperaturen. <\/span>Es soll das Tragen einer Waffe durch Milit\u00e4r und Strafverfolgungsbeh\u00f6rden sichern.<br \/>\nDank seiner Diebstahl- oder Absturzsicherungsfunktion kann es auch in anderen T\u00e4tigkeitsbereichen eingesetzt werden.<br \/>\n<span class=\"\">Regulierender Spiralg\u00fcrtel mit Karabiner aus Kevlar\u00ae<\/span><span class=\"\">Ring<br \/>\nAbriebfester Polyurethanmantel<\/span><br \/>\n<span class=\"\">Ausgezeichnetes Formged\u00e4chtnis<\/span><br \/>\n<span class=\"\">Einzelstrangbruch Kevlar\u00ae Widerstand: &gt; 80 daN Bruchwiderstand der Ringe: &gt; 50 daN Widerstand des Karabiners: &gt; 40 daN<\/span><br \/>\n<span class=\"\">Verschluss f\u00fcr G\u00fcrtel \/ G\u00fcrtel (50 mm)<br \/>\nNicht <\/span><span class=\"\">gestreckte L\u00e4nge: 35 cm<\/span><br \/>\n<span class=\"\">Verl\u00e4ngerung bis 120 cm<\/span><br \/>\n<span class=\"\">Durchmesser: 3,5 mm. Gewicht: 25 g<\/span><\/p>","protected":false},"excerpt":{"rendered":"<p>Schwarzer spiralf\u00f6rmiger Sicherheitsgurt aus Kevlar\u00ae. <span class=\"\">Das spiralf\u00f6rmige Kevlar\u00ae-Band weist eine sehr gute mechanische Best\u00e4ndigkeit und eine hervorragende Flexibilit\u00e4t auf.<\/span><\/p>","protected":false},"featured_media":74645,"template":"","meta":[],"product_brand":[],"product_cat":[2930],"product_tag":[],"class_list":{"0":"post-74644","1":"product","2":"type-product","3":"status-publish","4":"has-post-thumbnail","6":"product_cat-persoonlijke-uitrusting","8":"first","9":"instock","10":"taxable","11":"shipping-taxable","12":"purchasable","13":"product-type-simple"},"exclude_global_add_ons":[],"addons":[],"mb":[],"mfb_rest_fields":["title","exclude_global_add_ons","addons"],"_links":{"self":[{"href":"https:\/\/dogpride.nl\/de\/wp-json\/wp\/v2\/product\/74644","targetHints":{"allow":["GET"]}}],"collection":[{"href":"https:\/\/dogpride.nl\/de\/wp-json\/wp\/v2\/product"}],"about":[{"href":"https:\/\/dogpride.nl\/de\/wp-json\/wp\/v2\/types\/product"}],"wp:featuredmedia":[{"embeddable":true,"href":"https:\/\/dogpride.nl\/de\/wp-json\/wp\/v2\/media\/74645"}],"wp:attachment":[{"href":"https:\/\/dogpride.nl\/de\/wp-json\/wp\/v2\/media?parent=74644"}],"wp:term":[{"taxonomy":"product_brand","embeddable":true,"href":"https:\/\/dogpride.nl\/de\/wp-json\/wp\/v2\/product_brand?post=74644"},{"taxonomy":"product_cat","embeddable":true,"href":"https:\/\/dogpride.nl\/de\/wp-json\/wp\/v2\/product_cat?post=74644"},{"taxonomy":"product_tag","embeddable":true,"href":"https:\/\/dogpride.nl\/de\/wp-json\/wp\/v2\/product_tag?post=74644"}],"curies":[{"name":"wp","href":"https:\/\/api.w.org\/{rel}","templated":true}]}}