{"id":74625,"date":"2021-09-23T16:52:57","date_gmt":"2021-09-23T14:52:57","guid":{"rendered":"https:\/\/dogpride1.wpengine.com\/?post_type=product&#038;p=74625"},"modified":"2021-12-23T14:03:17","modified_gmt":"2021-12-23T13:03:17","slug":"ehbo-tas-gevuld-voor-redding-verzorging","status":"publish","type":"product","link":"https:\/\/dogpride.nl\/de\/ehbo-tas-gevuld-voor-redding-verzorging\/","title":{"rendered":"Gef\u00fcllte Erste-Hilfe-Tasche f\u00fcr Rettung\/Pflege"},"content":{"rendered":"<h4>Gef\u00fcllte Erste-Hilfe-Tasche f\u00fcr Rettung\/Pflege<\/h4>\n<p>Gef\u00fcllte Erste-Hilfe-Tasche f\u00fcr Rettung\/Pflege. Tasche gef\u00fcllt f\u00fcr Erste Hilfe\/Behandlung.<br \/>\nBeutelinhalt: 1 Schere, 1 Pinzette, 1 Pflaster, 1 Dehnband, 1 Mullbinde, 10 Alkoholtupfer, 1 Set mit 10 Kompressen, 1 Paar Handschuhe, 1 Set mit 10 Bandagen, 1 Set mit 5 Beuteln \u00e0 3 St\u00fcck N\u00e4hte, 1 Dehnverband, 1 K\u00e4ltekompresse, 1 selbstreinigendes Band, 1 K\u00e4ltespray und 1 70\u00b0 Alkoholspray.<\/p>\n<p><span class=\"\">Abmessungen: 38 x 24 x 24 cm.<\/span><br \/>\n<span class=\"goog-text-highlight\">Farbe der Tasche: Schwarz \/ Blau<\/span><\/p>\n<p><span class=\"goog-text-highlight\">Nachf\u00fcllen des Notfallbeutels: (ohne Beutel) Das Set enth\u00e4lt: 1 Schere, 1 Pinzette, 1 Pflaster, 1 Dehnband, 1 Mullbinde, 10 in Alkohol getr\u00e4nkte Pads, 1 Satz mit 10 Kompressen, 1 Paar Handschuhe, 1 Set mit 10 Binden, 1 Set mit 5 Beuteln mit 3 N\u00e4hten, 1 Dehnbinde, 1 K\u00e4ltekompresse, 1 selbstreinigendes Band, 1 K\u00e4ltespray und 1 Alkoholspray 70\u00b0.<\/span><\/p>","protected":false},"excerpt":{"rendered":"<p>Gef\u00fcllte Erste-Hilfe-Tasche f\u00fcr Rettung\/Pflege.<\/p>","protected":false},"featured_media":74626,"template":"","meta":[],"product_brand":[],"product_cat":[2911],"product_tag":[],"class_list":{"0":"post-74625","1":"product","2":"type-product","3":"status-publish","4":"has-post-thumbnail","6":"product_cat-pbm","8":"first","9":"instock","10":"taxable","11":"shipping-taxable","12":"purchasable","13":"product-type-variable"},"mb":[],"mfb_rest_fields":["title"],"_links":{"self":[{"href":"https:\/\/dogpride.nl\/de\/wp-json\/wp\/v2\/product\/74625","targetHints":{"allow":["GET"]}}],"collection":[{"href":"https:\/\/dogpride.nl\/de\/wp-json\/wp\/v2\/product"}],"about":[{"href":"https:\/\/dogpride.nl\/de\/wp-json\/wp\/v2\/types\/product"}],"wp:featuredmedia":[{"embeddable":true,"href":"https:\/\/dogpride.nl\/de\/wp-json\/wp\/v2\/media\/74626"}],"wp:attachment":[{"href":"https:\/\/dogpride.nl\/de\/wp-json\/wp\/v2\/media?parent=74625"}],"wp:term":[{"taxonomy":"product_brand","embeddable":true,"href":"https:\/\/dogpride.nl\/de\/wp-json\/wp\/v2\/product_brand?post=74625"},{"taxonomy":"product_cat","embeddable":true,"href":"https:\/\/dogpride.nl\/de\/wp-json\/wp\/v2\/product_cat?post=74625"},{"taxonomy":"product_tag","embeddable":true,"href":"https:\/\/dogpride.nl\/de\/wp-json\/wp\/v2\/product_tag?post=74625"}],"curies":[{"name":"wp","href":"https:\/\/api.w.org\/{rel}","templated":true}]}}