{"id":74621,"date":"2021-09-23T15:58:04","date_gmt":"2021-09-23T13:58:04","guid":{"rendered":"https:\/\/dogpride1.wpengine.com\/?post_type=product&#038;p=74621"},"modified":"2025-12-09T11:35:39","modified_gmt":"2025-12-09T10:35:39","slug":"warq-pro-trainingshelm-zwart","status":"publish","type":"product","link":"https:\/\/dogpride.nl\/de\/warq-pro-trainingshelm-zwart\/","title":{"rendered":"WARQ Pro Trainingshelm schwarz"},"content":{"rendered":"<h4>WARQ Pro Trainingshelm schwarz<\/h4>\n<p>Der WARQ Pro Trainingshelm Schwarz ist ein Helm mit verst\u00e4rktem Kinnb\u00fcgel und Nackenband \u2013 Schwarz<\/p>\n<ul>\n<li>Der <strong>WARQ Pro Trainingshelm schwarz<\/strong> is een revolutie in de wereld van professionele training.<\/li>\n<li>Entwickelt mit und f\u00fcr Profis, garantiert es v\u00f6llige Beschlagfreiheit unter allen Bedingungen, maximalen Komfort und ein weites Sichtfeld.<\/li>\n<li>Dank seiner zahlreichen Innovationen erobert es seinen Platz innerhalb der Interventionseinheiten.<\/li>\n<li>Es ist f\u00fcr das Training und den Einsatz im Kraft- und Kraftbereich mit Scoring- und Trainingsmunition gedacht.<\/li>\n<li>Die ballistische und mechanische Best\u00e4ndigkeit des Helms entspricht der europ\u00e4ischen Norm EN166A.<\/li>\n<li>Es bietet umfassenden Kopfschutz vor St\u00f6\u00dfen und St\u00fcrzen.<\/li>\n<li><span class=\"\">Die Version mit verst\u00e4rktem Kinnb\u00fcgel bietet Schutz, der auch bei Munitionstreffern geeignet ist.<\/span><\/li>\n<li>Der Helm ist leicht und passt sich perfekt Ihrer K\u00f6rperform an.<\/li>\n<li>Ein Halteset sorgt f\u00fcr unvergleichlichen Komfort, auch nach mehreren Stunden intensiven Trainings.<\/li>\n<li>Dank des hochwertigen Schaumstoffs, der dem Helm beiliegt, k\u00f6nnen Sie ihn zudem an Ihre Kopfform anpassen.<\/li>\n<li>Einheitsgr\u00f6\u00dfe f\u00fcr einen Kopfumfang von 56 bis 62 cm<\/li>\n<li>Gewicht 1,2 kg<\/li>\n<\/ul>\n<p><a href=\"https:\/\/dogpride.nl\/de\/k9\/cynotechnische-eenheden\/pbm\/\"><img loading=\"lazy\" decoding=\"async\" class=\"alignnone\" title=\"WARQ Pro Trainingshelm schwarz\" src=\"https:\/\/dogpride.nl\/wp-content\/uploads\/verybig-4786-3-150x150.jpg\" alt=\"WARQ Pro trainingshelm zwart\" width=\"99\" height=\"99\" \/><\/a>\u00a0 <img loading=\"lazy\" decoding=\"async\" class=\"\" src=\"https:\/\/dogpride.nl\/wp-content\/uploads\/verybig-4786-2-150x150.jpg\" width=\"105\" height=\"105\" \/><\/p>\n<h4>Normen EN 166 \u2013 Von den Akkreditierungslaboren SATRA, BSI und ABAL durchgef\u00fchrte Tests gem\u00e4\u00df den Normen EN 167 und EN 168<\/h4>\n<ul>\n<li>UV-Best\u00e4ndigkeit der Optik der Klasse 1<\/li>\n<li>180\u00b0 Sichtfeld<\/li>\n<li>Solidit\u00e4t, gekennzeichnet durch Widerstandsf\u00e4higkeit gegen St\u00f6\u00dfe und mechanische St\u00f6\u00dfe.<\/li>\n<li>Festigkeit der Rahmen, Schlagfestigkeit von Stahlkugeln mit einem Durchmesser von 22 mm und einer Masse von 43 g. mit einer Geschwindigkeit von 5,1 m\/s (Minimum)<\/li>\n<li>Schutz gegen Partikel, die mit hoher Geschwindigkeit und mittlerer Aufprallenergie A abgefeuert werden (0,86 g Stahlkugel, Mindestdurchmesser 6 mm, projiziert mit 190 m\/s.)<\/li>\n<li>Anpassung f\u00fcr professionelles Training, Schutz der oberen L\u00f6cher des Helms durch Edelstahlplatte \u2013 EP 1MM. L\u00fcftungsschutz f\u00fcr Seitenteile aus Edelstahlblech - EP 1 MM<\/li>\n<li>Kinnb\u00fcgel in Version mit zus\u00e4tzlichem Partikelfilter aus Edelstahlgewebe.<\/li>\n<li>Kragen, selbstatmendes, verstellbares Nackenband. Materialien: Polyester- und Coolmax-Stoffe (80 und 240 g\/m2)<\/li>\n<li>Europ\u00e4ische CE-Produktion<\/li>\n<li>Die Bel\u00fcftung des Helms verbessert den Atemkomfort des Benutzers und verhindert Kondensation und Beschlagen auch unter extremen Bedingungen f\u00fcr lange Zeit.<\/li>\n<li>Der Helm ist leicht und passt sich perfekt Ihrer K\u00f6rperform an<\/li>\n<li>WARQ bescheinigt, dass der WARQ PRO-Helm den Augenschutzstandards CSA Standard Z94.3-02 entspricht, wie von den Herstellern von Trainingsmunition empfohlen.<\/li>\n<li>Picatinny-Schiene und NVG-Clip sorgen f\u00fcr Helmkompatibilit\u00e4t mit einer Vielzahl von Zubeh\u00f6rteilen<\/li>\n<li>Optional besteht die M\u00f6glichkeit, ein speziell entwickeltes Headset zu integrieren.<\/li>\n<\/ul>\n<h4>In het kader van de EN166 reageert de WARQ Pro trainingshelm zwart positief op de tests op het gebied van:<\/h4>\n<ul>\n<li>Allgemeine Konstruktion<\/li>\n<li>Sichtfeld<\/li>\n<li>\u00dcbertragungsfaktor.<\/li>\n<li>Lichtstreuung.<\/li>\n<li>Qualit\u00e4t von Material und Oberfl\u00e4che.<\/li>\n<li>Verst\u00e4rkte Kraft.<\/li>\n<li>Stabilit\u00e4t bei erh\u00f6hter Temperatur<\/li>\n<li>Best\u00e4ndigkeit gegen ultraviolette Strahlung<\/li>\n<li>Korrosionsbest\u00e4ndigkeit.<\/li>\n<li><span class=\"goog-text-highlight\">Z\u00fcndwiderstand<\/span><\/li>\n<li>Schutz gegen mit hoher Geschwindigkeit geschleuderte Partikel<\/li>\n<li>Nebelbest\u00e4ndigkeit:<\/li>\n<li>Widerstand gegen Partikel, die mit hoher Geschwindigkeit abgefeuert werden, und Widerstand gegen Partikel, die mit hoher Geschwindigkeit bei extremen Temperaturen abgefeuert werden.<\/li>\n<li>Seitenprotektoren<\/li>\n<\/ul>\n<p>&nbsp;<\/p>\n<p>&nbsp;<\/p>\n<p><a href=\"https:\/\/warqhelmets.com\/warq-pro\/\" target=\"_blank\" rel=\"noopener\"><img loading=\"lazy\" decoding=\"async\" class=\"alignnone wp-image-141058 size-full\" title=\"WARQ Pro Trainingshelm schwarz\" src=\"https:\/\/dogpride.nl\/wp-content\/uploads\/Logo-4.jpg\" alt=\"WARQ Pro trainingshelm zwart\" width=\"201\" height=\"89\" srcset=\"https:\/\/dogpride.nl\/wp-content\/uploads\/Logo-4.jpg 201w, https:\/\/dogpride.nl\/wp-content\/uploads\/Logo-4-18x8.jpg 18w\" sizes=\"auto, (max-width: 201px) 100vw, 201px\" \/><\/a><\/p>\n<p>&nbsp;<\/p>","protected":false},"excerpt":{"rendered":"<p><strong>WARQ Pro Trainingshelm schwarz<\/strong>. WARQ Pro trainingshelm zwart is een helm met verstevigde kinbeugel en nekband &#8211; Zwart en is een revolutie in de wereld van professionele training.<\/p>","protected":false},"featured_media":74622,"template":"","meta":[],"product_brand":[],"product_cat":[2911],"product_tag":[12077,12092,12087,12100,12094,12095,12091,12084,12085,12099,12076,12078,12098,12090,12086,12089,5442,12101,12097,12075,12080,12081,12088,12079,12073,12096,12072,12083,12093,12074,12082],"class_list":{"0":"post-74621","1":"product","2":"type-product","3":"status-publish","4":"has-post-thumbnail","6":"product_cat-pbm","7":"product_tag-airsoft-helm","8":"product_tag-anti-fog-vizier-helm","9":"product_tag-beschermende-helm","10":"product_tag-beschermhelm-zwart","11":"product_tag-combat-training-helm","12":"product_tag-duurzame-helm","13":"product_tag-full-face-helm","14":"product_tag-geavanceerde-trainingshelm","15":"product_tag-helm-voor-tactische-training","16":"product_tag-militaire-oefenhelm","17":"product_tag-militaire-trainingshelm","18":"product_tag-paintball-helm","19":"product_tag-politie-training-uitrusting","20":"product_tag-professionele-trainingshelm","21":"product_tag-realistische-training-helm","22":"product_tag-tactical-training-gear","23":"product_tag-tactische-helm","24":"product_tag-training-safety-helmet","25":"product_tag-trainingshelm-defensie","26":"product_tag-trainingshelm-politie","27":"product_tag-trainingsuitrusting","28":"product_tag-veiligheidshelm-training","29":"product_tag-veiligheidsuitrusting","30":"product_tag-warq-head-protection","31":"product_tag-warq-helm-zwart","32":"product_tag-warq-nederland","33":"product_tag-warq-pro-trainingshelm","34":"product_tag-warq-pro-zwart","35":"product_tag-warq-tactical-helmet","36":"product_tag-warq-trainingshelm","37":"product_tag-zwarte-warq-helm","38":"product_shipping_class-vast-tarief-eu-overig","40":"first","41":"instock","42":"taxable","43":"shipping-taxable","44":"purchasable","45":"product-type-simple"},"mb":[],"mfb_rest_fields":["title"],"_links":{"self":[{"href":"https:\/\/dogpride.nl\/de\/wp-json\/wp\/v2\/product\/74621","targetHints":{"allow":["GET"]}}],"collection":[{"href":"https:\/\/dogpride.nl\/de\/wp-json\/wp\/v2\/product"}],"about":[{"href":"https:\/\/dogpride.nl\/de\/wp-json\/wp\/v2\/types\/product"}],"wp:featuredmedia":[{"embeddable":true,"href":"https:\/\/dogpride.nl\/de\/wp-json\/wp\/v2\/media\/74622"}],"wp:attachment":[{"href":"https:\/\/dogpride.nl\/de\/wp-json\/wp\/v2\/media?parent=74621"}],"wp:term":[{"taxonomy":"product_brand","embeddable":true,"href":"https:\/\/dogpride.nl\/de\/wp-json\/wp\/v2\/product_brand?post=74621"},{"taxonomy":"product_cat","embeddable":true,"href":"https:\/\/dogpride.nl\/de\/wp-json\/wp\/v2\/product_cat?post=74621"},{"taxonomy":"product_tag","embeddable":true,"href":"https:\/\/dogpride.nl\/de\/wp-json\/wp\/v2\/product_tag?post=74621"}],"curies":[{"name":"wp","href":"https:\/\/api.w.org\/{rel}","templated":true}]}}