{"id":74618,"date":"2021-09-23T15:52:22","date_gmt":"2021-09-23T13:52:22","guid":{"rendered":"https:\/\/dogpride1.wpengine.com\/?post_type=product&#038;p=74618"},"modified":"2021-12-23T14:07:37","modified_gmt":"2021-12-23T13:07:37","slug":"pro-shell-bescherming-heren","status":"publish","type":"product","link":"https:\/\/dogpride.nl\/de\/pro-shell-bescherming-heren\/","title":{"rendered":"PRO Schalenschutz Herren"},"content":{"rendered":"<h4>PRO Schalenschutz Herren<\/h4>\n<p>PRO Schalenschutz Herren. f\u00fcr Schutz und Sicherheit im Hundesport.<\/p>\n<p>Anatomische Schale minimiert seitliche Verschiebung.<br \/>\nGeformt aus robustem Kunststoff mit PU-Beschichtung.<br \/>\n<span class=\"goog-text-highlight\">Hervorragende Unterst\u00fctzung durch ein breites Gummiband + Schwamm sorgt f\u00fcr guten Komfort und hervorragenden Halt.<\/span><br \/>\nMikropor\u00f6ses Schalengeh\u00e4use sorgt f\u00fcr Bel\u00fcftung.<br \/>\nIdeal zum Schutz vor Hunden mit Maulkorb oder unter einem Bissanzug.<\/p>","protected":false},"excerpt":{"rendered":"<p>PRO-Shell-Schutz f\u00fcr Herren. Ideal zum Schutz vor Hunden mit Maulkorb oder unter einem Bissanzug.<\/p>","protected":false},"featured_media":74619,"template":"","meta":[],"product_brand":[],"product_cat":[2911],"product_tag":[],"class_list":{"0":"post-74618","1":"product","2":"type-product","3":"status-publish","4":"has-post-thumbnail","6":"product_cat-pbm","8":"first","9":"instock","10":"taxable","11":"shipping-taxable","12":"purchasable","13":"product-type-simple"},"mb":[],"mfb_rest_fields":["title"],"_links":{"self":[{"href":"https:\/\/dogpride.nl\/de\/wp-json\/wp\/v2\/product\/74618","targetHints":{"allow":["GET"]}}],"collection":[{"href":"https:\/\/dogpride.nl\/de\/wp-json\/wp\/v2\/product"}],"about":[{"href":"https:\/\/dogpride.nl\/de\/wp-json\/wp\/v2\/types\/product"}],"wp:featuredmedia":[{"embeddable":true,"href":"https:\/\/dogpride.nl\/de\/wp-json\/wp\/v2\/media\/74619"}],"wp:attachment":[{"href":"https:\/\/dogpride.nl\/de\/wp-json\/wp\/v2\/media?parent=74618"}],"wp:term":[{"taxonomy":"product_brand","embeddable":true,"href":"https:\/\/dogpride.nl\/de\/wp-json\/wp\/v2\/product_brand?post=74618"},{"taxonomy":"product_cat","embeddable":true,"href":"https:\/\/dogpride.nl\/de\/wp-json\/wp\/v2\/product_cat?post=74618"},{"taxonomy":"product_tag","embeddable":true,"href":"https:\/\/dogpride.nl\/de\/wp-json\/wp\/v2\/product_tag?post=74618"}],"curies":[{"name":"wp","href":"https:\/\/api.w.org\/{rel}","templated":true}]}}