{"id":74591,"date":"2021-09-23T15:23:42","date_gmt":"2021-09-23T13:23:42","guid":{"rendered":"https:\/\/dogpride1.wpengine.com\/?post_type=product&#038;p=74591"},"modified":"2021-12-23T14:21:33","modified_gmt":"2021-12-23T13:21:33","slug":"morin-pro-force-interventievest-met-holster-voor-pa-of-taser","status":"publish","type":"product","link":"https:\/\/dogpride.nl\/de\/morin-pro-force-interventievest-met-holster-voor-pa-of-taser\/","title":{"rendered":"MORIN PRO Force Interventionsweste mit Holster f\u00fcr PA oder Taser"},"content":{"rendered":"<h4>MORIN PRO Force Interventionsweste mit Holster f\u00fcr PA oder Taser<\/h4>\n<p><span class=\"\">Die MORIN PRO Force Interventionsweste mit Holster f\u00fcr PA oder Taser ist eine 100% wasserabweisende Nylon-Interventionsweste<\/span><\/p>\n<p><span class=\"goog-text-highlight\">Zahlreiche Vordertaschen zur Aufbewahrung von 1 Sig Sauer 2022 oder PA oder Taser, 5 Kugeln, 2 Magazinen, 1 HK-Ladeger\u00e4t (22 cm), 1 Paar Handschellen, 1 Funkger\u00e4t, 1 Tasche f\u00fcr verschiedene Gegenst\u00e4nde: 3 Blitzpatronen oder Handschuhe<\/span><br \/>\n<span class=\"goog-text-highlight\">Abnehmbare Kopfbedeckungen an Brust und R\u00fccken (Marker separat erh\u00e4ltlich)<\/span><br \/>\n<span class=\"goog-text-highlight\">An den Schultern und an beiden Seiten verstellbar<\/span><br \/>\n<span class=\"goog-text-highlight\">Tonfa-Verschluss auf der R\u00fcckseite<\/span><br \/>\n<span class=\"goog-text-highlight\">Erh\u00e4ltlich f\u00fcr Rechts- oder Linksh\u00e4nder<br \/>\nA <\/span><span class=\"goog-text-highlight\">sich paaren<\/span><br \/>\n<span class=\"goog-text-highlight\">Verkauft ohne Abzeichen oder Anpassung.\u00a0<\/span><\/p>","protected":false},"excerpt":{"rendered":"<p>MORIN PRO Force Interventionsweste mit Holster f\u00fcr PA oder Taser.<\/p>","protected":false},"featured_media":74568,"template":"","meta":[],"product_brand":[],"product_cat":[2930],"product_tag":[],"class_list":{"0":"post-74591","1":"product","2":"type-product","3":"status-publish","4":"has-post-thumbnail","6":"product_cat-persoonlijke-uitrusting","8":"first","9":"instock","10":"taxable","11":"shipping-taxable","12":"purchasable","13":"product-type-variable"},"mb":[],"mfb_rest_fields":["title"],"_links":{"self":[{"href":"https:\/\/dogpride.nl\/de\/wp-json\/wp\/v2\/product\/74591","targetHints":{"allow":["GET"]}}],"collection":[{"href":"https:\/\/dogpride.nl\/de\/wp-json\/wp\/v2\/product"}],"about":[{"href":"https:\/\/dogpride.nl\/de\/wp-json\/wp\/v2\/types\/product"}],"wp:featuredmedia":[{"embeddable":true,"href":"https:\/\/dogpride.nl\/de\/wp-json\/wp\/v2\/media\/74568"}],"wp:attachment":[{"href":"https:\/\/dogpride.nl\/de\/wp-json\/wp\/v2\/media?parent=74591"}],"wp:term":[{"taxonomy":"product_brand","embeddable":true,"href":"https:\/\/dogpride.nl\/de\/wp-json\/wp\/v2\/product_brand?post=74591"},{"taxonomy":"product_cat","embeddable":true,"href":"https:\/\/dogpride.nl\/de\/wp-json\/wp\/v2\/product_cat?post=74591"},{"taxonomy":"product_tag","embeddable":true,"href":"https:\/\/dogpride.nl\/de\/wp-json\/wp\/v2\/product_tag?post=74591"}],"curies":[{"name":"wp","href":"https:\/\/api.w.org\/{rel}","templated":true}]}}