{"id":74569,"date":"2021-09-23T14:43:13","date_gmt":"2021-09-23T12:43:13","guid":{"rendered":"https:\/\/dogpride1.wpengine.com\/?post_type=product&#038;p=74569"},"modified":"2021-12-23T14:24:30","modified_gmt":"2021-12-23T13:24:30","slug":"stb-elastische-discrete-riem","status":"publish","type":"product","link":"https:\/\/dogpride.nl\/de\/stb-elastische-discrete-riem\/","title":{"rendered":"STB Elastischer, diskreter G\u00fcrtel"},"content":{"rendered":"<h4>STB Elastischer, diskreter G\u00fcrtel<\/h4>\n<p>STB Elastischer, diskreter G\u00fcrtel<\/p>\n<p>Diskreter G\u00fcrtel zum Tragen unter einem T-Shirt oder einer Jacke.<br \/>\nErm\u00f6glicht den Transport von Funkger\u00e4t, Waffe und Taschenlampe oder Teleskopschlagstock und Handschellen.<br \/>\n<span class=\"goog-text-highlight\">Aufgrund seiner Funktionalit\u00e4t ein Bestseller.<\/span><br \/>\nEntwickelt von und f\u00fcr eine Gruppe von Spezialisten.<\/p>","protected":false},"excerpt":{"rendered":"<p>STB Elastischer, diskreter G\u00fcrtel. Erm\u00f6glicht den Transport von Funkger\u00e4t, Waffe, Magazinhalter und Taschenlampe bzw. Teleskopschlagstock und Handschellen.<\/p>","protected":false},"featured_media":74570,"template":"","meta":[],"product_brand":[],"product_cat":[2930],"product_tag":[],"class_list":{"0":"post-74569","1":"product","2":"type-product","3":"status-publish","4":"has-post-thumbnail","6":"product_cat-persoonlijke-uitrusting","8":"first","9":"instock","10":"taxable","11":"shipping-taxable","12":"purchasable","13":"product-type-simple"},"mb":[],"mfb_rest_fields":["title"],"_links":{"self":[{"href":"https:\/\/dogpride.nl\/de\/wp-json\/wp\/v2\/product\/74569","targetHints":{"allow":["GET"]}}],"collection":[{"href":"https:\/\/dogpride.nl\/de\/wp-json\/wp\/v2\/product"}],"about":[{"href":"https:\/\/dogpride.nl\/de\/wp-json\/wp\/v2\/types\/product"}],"wp:featuredmedia":[{"embeddable":true,"href":"https:\/\/dogpride.nl\/de\/wp-json\/wp\/v2\/media\/74570"}],"wp:attachment":[{"href":"https:\/\/dogpride.nl\/de\/wp-json\/wp\/v2\/media?parent=74569"}],"wp:term":[{"taxonomy":"product_brand","embeddable":true,"href":"https:\/\/dogpride.nl\/de\/wp-json\/wp\/v2\/product_brand?post=74569"},{"taxonomy":"product_cat","embeddable":true,"href":"https:\/\/dogpride.nl\/de\/wp-json\/wp\/v2\/product_cat?post=74569"},{"taxonomy":"product_tag","embeddable":true,"href":"https:\/\/dogpride.nl\/de\/wp-json\/wp\/v2\/product_tag?post=74569"}],"curies":[{"name":"wp","href":"https:\/\/api.w.org\/{rel}","templated":true}]}}