{"id":74557,"date":"2021-09-23T14:15:54","date_gmt":"2021-09-23T12:15:54","guid":{"rendered":"https:\/\/dogpride1.wpengine.com\/?post_type=product&#038;p=74557"},"modified":"2023-10-26T12:08:16","modified_gmt":"2023-10-26T10:08:16","slug":"camelback-drinkrugzak","status":"publish","type":"product","link":"https:\/\/dogpride.nl\/de\/camelback-drinkrugzak\/","title":{"rendered":"Camelback Trinkrucksack"},"content":{"rendered":"<h4 class=\"txt-title-fichier\"><span class=\"goog-text-highlight\">Camelback Trinkrucksack<\/span><\/h4>\n<div id=\"\" class=\"\">\n<div id=\"CatDescribe\">\n<p><span class=\"\">Camelback Trinkrucksack. Die Camelbak Stealth Bag ist das ideale Trinksystem f\u00fcr kurze Stadteins\u00e4tze.<\/span><\/p>\n<p>Der Trinkbeutel ist ein Antidote LP mit einem Fassungsverm\u00f6gen von 2 Litern. Einfaches Bef\u00fcllen dank der breiten \u00d6ffnung, in die auch Eisw\u00fcrfel hineingelegt werden k\u00f6nnen.<br \/>\n<span class=\"\">Einfache Handhabung dank \u201eBig Bite Valve\u201c.<br \/>\nDas medizinische Silikon des Schnullers gew\u00e4hrleistet jederzeit einen einfachen Zugang: Einfach zubei\u00dfen und einen Schluck trinken.<\/span><br \/>\nGeschmacksneutral: dank der \u201ePur Flow\u201c-R\u00f6hre bestehend aus drei St\u00e4rken: \u2013 PVC-isolierendes Au\u00dfenteil = frisches Wasser ab dem ersten Schluck. \u2013 Zentraler Teil = Schnittstelle. \u2013 Innenteil aus Polyethylen = garantiert geschmacksneutrales Wasser.<br \/>\n<span class=\"goog-text-highlight\">Leicht zu reinigen: Die antimikrobielle Hydrogaurd-Technologie t\u00f6tet 99.991 TP3T h\u00e4ufig vorkommender Bakterien und Pilze ab.<\/span><br \/>\nDurch die gro\u00dfe \u00d6ffnung k\u00f6nnen Sie Ihre Hand leicht hineinschieben, um das Innere zu reinigen. Widerstandsf\u00e4hig und wasserdicht: Der Antidote-Reservoir besteht aus verst\u00e4rktem Polyurethan und weist eine unvergleichliche Bruch- und Berstfestigkeit auf. Die Stealth-Tasche ist nur in Schwarz erh\u00e4ltlich.<\/p>\n<p>Die Stealth-Tasche enth\u00e4lt: \u2013 Schnellverschlussgurte \u2013 1 flache Tasche zum Einschieben des Antidote-Reservoirs \u2013 Klettverschluss f\u00fcr Namensb\u00e4nder \u2013 Zusammensetzung: Cordura 500D \u2013 Trinkkapazit\u00e4t: 2 l \u2013 Leergewicht: 300 g \u2013 Abmessungen: 36,5 x 25,1 x 6,1 cm<\/p>\n<p>&nbsp;<\/p>\n<\/div>\n<\/div>\n<div><\/div>","protected":false},"excerpt":{"rendered":"<p class=\"txt-title-fichier\"><span class=\"goog-text-highlight\">Camelback Trinkrucksack. <span class=\"\">Die Camelbak Stealth Bag ist das ideale Trinksystem f\u00fcr kurze Stadteins\u00e4tze.<\/span><\/span><\/p>","protected":false},"featured_media":74558,"template":"","meta":[],"product_brand":[],"product_cat":[2911],"product_tag":[],"class_list":{"0":"post-74557","1":"product","2":"type-product","3":"status-publish","4":"has-post-thumbnail","6":"product_cat-pbm","8":"first","9":"instock","10":"taxable","11":"shipping-taxable","12":"purchasable","13":"product-type-simple"},"mb":[],"mfb_rest_fields":["title"],"_links":{"self":[{"href":"https:\/\/dogpride.nl\/de\/wp-json\/wp\/v2\/product\/74557","targetHints":{"allow":["GET"]}}],"collection":[{"href":"https:\/\/dogpride.nl\/de\/wp-json\/wp\/v2\/product"}],"about":[{"href":"https:\/\/dogpride.nl\/de\/wp-json\/wp\/v2\/types\/product"}],"wp:featuredmedia":[{"embeddable":true,"href":"https:\/\/dogpride.nl\/de\/wp-json\/wp\/v2\/media\/74558"}],"wp:attachment":[{"href":"https:\/\/dogpride.nl\/de\/wp-json\/wp\/v2\/media?parent=74557"}],"wp:term":[{"taxonomy":"product_brand","embeddable":true,"href":"https:\/\/dogpride.nl\/de\/wp-json\/wp\/v2\/product_brand?post=74557"},{"taxonomy":"product_cat","embeddable":true,"href":"https:\/\/dogpride.nl\/de\/wp-json\/wp\/v2\/product_cat?post=74557"},{"taxonomy":"product_tag","embeddable":true,"href":"https:\/\/dogpride.nl\/de\/wp-json\/wp\/v2\/product_tag?post=74557"}],"curies":[{"name":"wp","href":"https:\/\/api.w.org\/{rel}","templated":true}]}}