{"id":74534,"date":"2021-09-23T13:33:27","date_gmt":"2021-09-23T11:33:27","guid":{"rendered":"https:\/\/dogpride1.wpengine.com\/?post_type=product&#038;p=74534"},"modified":"2021-12-23T15:27:11","modified_gmt":"2021-12-23T14:27:11","slug":"streamlight-bandit-hoofdlamp-zwart","status":"publish","type":"product","link":"https:\/\/dogpride.nl\/de\/streamlight-bandit-hoofdlamp-zwart\/","title":{"rendered":"STREAMLIGHT BANDIT Stirnlampe-schwarz"},"content":{"rendered":"<h4>STREAMLIGHT BANDIT Stirnlampe-schwarz<\/h4>\n<p><span class=\"\">Die STREAMLIGHT BANDIT Headlamp-black ist eine f\u00fcr die Polizei geeignete Stirnlampe.<\/span><\/p>\n<p>Streamlight Bandit Stirnlampe \u2013 Schwarz. Die ultraleichte, wetterbest\u00e4ndige Stirnlampe Bandit\u00ae wird meist als Raum- oder Arbeitsleuchte verwendet.<br \/>\nEs verf\u00fcgt \u00fcber einen gro\u00dfen Knopf zum einfachen Z\u00fcnden und einen wiederaufladbaren Lithium-Polymer-Akku. Die Gummikappe h\u00e4lt Schmutz und Ablagerungen vom Micro-USB-Anschluss fern. Sie verf\u00fcgt \u00fcber einen abnehmbaren Clip-Adapter, um die Taschenlampe am Schirm einer M\u00fctze zu befestigen oder bei Verwendung mit dem Riemen eine zus\u00e4tzliche Verstellung nach unten zu erm\u00f6glichen.<br \/>\nDie schwarze Lampe verf\u00fcgt \u00fcber eine wei\u00dfe LED mit drei Helligkeitsstufen: hoch, niedrig und blinkend.<br \/>\nW\u00e4hrend des Ladevorgangs leuchtet eine rote LED an der Ein-\/Aus-Taste auf, um anzuzeigen, dass der Akku geladen wird. Anschlie\u00dfend zeigt eine gr\u00fcne LED an, dass der Akku geladen ist.<br \/>\nLadezeit: ca. 2h30min.<br \/>\nAbmessungen: 6,85 x 1,9 x 2,87 cm<br \/>\nGewicht: 36,8 g (mit Kopfband);\u00a0<span class=\"goog-text-highlight\">39,7 g (mit abnehmbarem Clip)<\/span><br \/>\n<span class=\"goog-text-highlight\">Sto\u00dffest 2 Meter getestet<\/span><br \/>\n<span class=\"goog-text-highlight\">Wetterfest nach IPX4<\/span><br \/>\n<span class=\"goog-text-highlight\">COB-LED-Technologie f\u00fcr extreme Helligkeit<\/span><br \/>\n<span class=\"goog-text-highlight\">Mit Kopfband und USB-Kabel Schwarz<\/span><\/p>","protected":false},"excerpt":{"rendered":"<p>STREAMLIGHT BANDIT Stirnlampe \u2013 schwarz. Die ultraleichte, wetterbest\u00e4ndige Stirnlampe Bandit\u00ae wird meist als Raum- oder Arbeitsleuchte verwendet.<\/p>","protected":false},"featured_media":74535,"template":"","meta":[],"product_brand":[],"product_cat":[2919],"product_tag":[],"class_list":{"0":"post-74534","1":"product","2":"type-product","3":"status-publish","4":"has-post-thumbnail","6":"product_cat-verlichting-voor-k9-handlers","8":"first","9":"instock","10":"taxable","11":"shipping-taxable","12":"purchasable","13":"product-type-simple"},"mb":[],"mfb_rest_fields":["title"],"_links":{"self":[{"href":"https:\/\/dogpride.nl\/de\/wp-json\/wp\/v2\/product\/74534","targetHints":{"allow":["GET"]}}],"collection":[{"href":"https:\/\/dogpride.nl\/de\/wp-json\/wp\/v2\/product"}],"about":[{"href":"https:\/\/dogpride.nl\/de\/wp-json\/wp\/v2\/types\/product"}],"wp:featuredmedia":[{"embeddable":true,"href":"https:\/\/dogpride.nl\/de\/wp-json\/wp\/v2\/media\/74535"}],"wp:attachment":[{"href":"https:\/\/dogpride.nl\/de\/wp-json\/wp\/v2\/media?parent=74534"}],"wp:term":[{"taxonomy":"product_brand","embeddable":true,"href":"https:\/\/dogpride.nl\/de\/wp-json\/wp\/v2\/product_brand?post=74534"},{"taxonomy":"product_cat","embeddable":true,"href":"https:\/\/dogpride.nl\/de\/wp-json\/wp\/v2\/product_cat?post=74534"},{"taxonomy":"product_tag","embeddable":true,"href":"https:\/\/dogpride.nl\/de\/wp-json\/wp\/v2\/product_tag?post=74534"}],"curies":[{"name":"wp","href":"https:\/\/api.w.org\/{rel}","templated":true}]}}