{"id":74531,"date":"2021-09-23T13:26:54","date_gmt":"2021-09-23T11:26:54","guid":{"rendered":"https:\/\/dogpride1.wpengine.com\/?post_type=product&#038;p=74531"},"modified":"2021-12-23T15:28:33","modified_gmt":"2021-12-23T14:28:33","slug":"oplaadbare-streamlight-zaklamp-polystinger-led-c4","status":"publish","type":"product","link":"https:\/\/dogpride.nl\/de\/oplaadbare-streamlight-zaklamp-polystinger-led-c4\/","title":{"rendered":"Wiederaufladbare Streamlight-Taschenlampe Polystinger-LED-C4"},"content":{"rendered":"<h4>Wiederaufladbare Streamlight-Taschenlampe Polystinger-LED-C4<\/h4>\n<p>Wiederaufladbare Streamlight-Taschenlampe Polystinger-LED-C4<\/p>\n<p>Beleuchtung: 1 LED mit einer Lebensdauer von 50.000 Stunden. 3 Intensit\u00e4tsstufen: maximal, mittel, niedrig + Strobe-Funktion<br \/>\nStromversorgung: neue NiMH-Akkus, 1000-fach wiederaufladbar<br \/>\nK\u00f6rper: hochbest\u00e4ndiges, nicht leitendes Polymer-Nylon und rutschfester Griff<br \/>\nParabolischer Reflektor tief f\u00fcr kraftvolle Ausleuchtung mit einem regelm\u00e4\u00dfigen peripheren Lichthof<br \/>\nUnzerbrechliche Polycarbonatlinse<br \/>\nGewicht\/Abmessungen: 326 g\/20,5 cm<br \/>\nSCHWARZ MIT 220V + 12V LADEGER\u00c4T<\/p>","protected":false},"excerpt":{"rendered":"<p>Wiederaufladbare Streamlight-Taschenlampe \u2013 Polystinger LED-C4. Parabolischer Reflektor tief f\u00fcr kraftvolle Ausleuchtung mit einem regelm\u00e4\u00dfigen peripheren Lichthof.<\/p>","protected":false},"featured_media":74532,"template":"","meta":[],"product_brand":[],"product_cat":[2919],"product_tag":[],"class_list":{"0":"post-74531","1":"product","2":"type-product","3":"status-publish","4":"has-post-thumbnail","6":"product_cat-verlichting-voor-k9-handlers","8":"first","9":"instock","10":"taxable","11":"shipping-taxable","12":"purchasable","13":"product-type-simple"},"exclude_global_add_ons":[],"addons":[],"mb":[],"mfb_rest_fields":["title","exclude_global_add_ons","addons"],"_links":{"self":[{"href":"https:\/\/dogpride.nl\/de\/wp-json\/wp\/v2\/product\/74531","targetHints":{"allow":["GET"]}}],"collection":[{"href":"https:\/\/dogpride.nl\/de\/wp-json\/wp\/v2\/product"}],"about":[{"href":"https:\/\/dogpride.nl\/de\/wp-json\/wp\/v2\/types\/product"}],"wp:featuredmedia":[{"embeddable":true,"href":"https:\/\/dogpride.nl\/de\/wp-json\/wp\/v2\/media\/74532"}],"wp:attachment":[{"href":"https:\/\/dogpride.nl\/de\/wp-json\/wp\/v2\/media?parent=74531"}],"wp:term":[{"taxonomy":"product_brand","embeddable":true,"href":"https:\/\/dogpride.nl\/de\/wp-json\/wp\/v2\/product_brand?post=74531"},{"taxonomy":"product_cat","embeddable":true,"href":"https:\/\/dogpride.nl\/de\/wp-json\/wp\/v2\/product_cat?post=74531"},{"taxonomy":"product_tag","embeddable":true,"href":"https:\/\/dogpride.nl\/de\/wp-json\/wp\/v2\/product_tag?post=74531"}],"curies":[{"name":"wp","href":"https:\/\/api.w.org\/{rel}","templated":true}]}}