{"id":74529,"date":"2021-09-23T13:23:49","date_gmt":"2021-09-23T11:23:49","guid":{"rendered":"https:\/\/dogpride1.wpengine.com\/?post_type=product&#038;p=74529"},"modified":"2021-12-23T15:30:19","modified_gmt":"2021-12-23T14:30:19","slug":"streamlight-protac-2l-x-usb-lamp-met-oplaadbare-batterijen-in-blister","status":"publish","type":"product","link":"https:\/\/dogpride.nl\/de\/streamlight-protac-2l-x-usb-lamp-met-oplaadbare-batterijen-in-blister\/","title":{"rendered":"STREAMLIGHT PROTAC 2L-X USB-Lampe \u2013 mit wiederaufladbaren Batterien \u2013 im Blister"},"content":{"rendered":"<h4>STREAMLIGHT PROTAC 2L-X USB-Lampe \u2013 mit wiederaufladbaren Batterien \u2013 im Blister<\/h4>\n<p>STREAMLIGHT PROTAC 2L-X USB-Lampe \u2013 mit wiederaufladbaren Batterien \u2013 im Blister. Taschenlampe mit 500 Lumen<\/p>\n<p>Streamlight Protac 2L-X USB-Taschenlampe \u2013 mit wiederaufladbaren Batterien \u2013 im Blister. Die ProTac\u00ae 2L-X USB ist eine taktische Taschenlampe mit 500 Lumen, die entweder einen wiederaufladbaren Streamlight 18650 Li-Ion-Akku oder zwei Einweg-CR123A-Batterien verwenden kann.<br \/>\nDer ProTac\u00ae 2L-X USB wird mit einem Streamlight 18650-Akku mit integriertem Micro-USB-Ladeanschluss geliefert.<br \/>\nDas Licht verf\u00fcgt \u00fcber einen taktischen Schalter am Ende des Lichts f\u00fcr kurzzeitiges oder dauerhaftes Einschalten, drei verschiedene vom Benutzer w\u00e4hlbare Programme und einen Taschenclip f\u00fcr zus\u00e4tzlichen Komfort.<br \/>\nDas Aluminiumgeh\u00e4use mit Military Spec Type II Eloxierung macht die Lampen extrem robust und verschlei\u00dffest.<\/p>\n<p><strong>Streamlight-Lampenfunktion<\/strong><\/p>\n<p><span class=\"goog-text-highlight\">Linse: Glaslinse, versiegelte Dichtung<\/span><br \/>\n<span class=\"goog-text-highlight\">IPX7-zertifiziertes Design: Wasserdicht bis zu einer Tiefe von 1 Meter f\u00fcr 30 Minuten<\/span><br \/>\n<span class=\"goog-text-highlight\">TEN-TAP\u00ae-Programm zur Auswahl verschiedener Modi<\/span><br \/>\n<span class=\"goog-text-highlight\">Wiederaufladbare Lampe mit 18650 wiederaufladbaren USB-Batterien<\/span><br \/>\n<span class=\"goog-text-highlight\">Geh\u00e4use aus eloxiertem Aluminium nach Milit\u00e4rstandard Typ II<\/span><br \/>\n<span class=\"goog-text-highlight\">L\u00e4nge: 13 cm<\/span><br \/>\n<span class=\"goog-text-highlight\">K\u00f6rperdurchmesser: 2,4 cm<\/span><br \/>\n<span class=\"goog-text-highlight\">Kopfdurchmesser: 2,7 cm<\/span><br \/>\n<span class=\"goog-text-highlight\">Gewicht: 125 g mit Akku<\/span><br \/>\n<span class=\"goog-text-highlight\">Sto\u00dffest 2 Meter<\/span><\/p>","protected":false},"excerpt":{"rendered":"<p>STREAMLIGHT PROTAC 2L-X USB-Lampe \u2013 mit wiederaufladbaren Batterien \u2013 im Blister ist eine taktische Taschenlampe mit 500 Lumen.<\/p>","protected":false},"featured_media":74530,"template":"","meta":[],"product_brand":[],"product_cat":[2919],"product_tag":[],"class_list":{"0":"post-74529","1":"product","2":"type-product","3":"status-publish","4":"has-post-thumbnail","6":"product_cat-verlichting-voor-k9-handlers","8":"first","9":"instock","10":"taxable","11":"shipping-taxable","12":"purchasable","13":"product-type-simple"},"mb":[],"mfb_rest_fields":["title"],"_links":{"self":[{"href":"https:\/\/dogpride.nl\/de\/wp-json\/wp\/v2\/product\/74529","targetHints":{"allow":["GET"]}}],"collection":[{"href":"https:\/\/dogpride.nl\/de\/wp-json\/wp\/v2\/product"}],"about":[{"href":"https:\/\/dogpride.nl\/de\/wp-json\/wp\/v2\/types\/product"}],"wp:featuredmedia":[{"embeddable":true,"href":"https:\/\/dogpride.nl\/de\/wp-json\/wp\/v2\/media\/74530"}],"wp:attachment":[{"href":"https:\/\/dogpride.nl\/de\/wp-json\/wp\/v2\/media?parent=74529"}],"wp:term":[{"taxonomy":"product_brand","embeddable":true,"href":"https:\/\/dogpride.nl\/de\/wp-json\/wp\/v2\/product_brand?post=74529"},{"taxonomy":"product_cat","embeddable":true,"href":"https:\/\/dogpride.nl\/de\/wp-json\/wp\/v2\/product_cat?post=74529"},{"taxonomy":"product_tag","embeddable":true,"href":"https:\/\/dogpride.nl\/de\/wp-json\/wp\/v2\/product_tag?post=74529"}],"curies":[{"name":"wp","href":"https:\/\/api.w.org\/{rel}","templated":true}]}}