{"id":74527,"date":"2021-09-23T13:19:08","date_gmt":"2021-09-23T11:19:08","guid":{"rendered":"https:\/\/dogpride1.wpengine.com\/?post_type=product&#038;p=74527"},"modified":"2021-12-23T15:31:26","modified_gmt":"2021-12-23T14:31:26","slug":"streamlight-sl-20l-oplaadbare-zaklamp","status":"publish","type":"product","link":"https:\/\/dogpride.nl\/de\/streamlight-sl-20l-oplaadbare-zaklamp\/","title":{"rendered":"STREAMLIGHT SL-20L Wiederaufladbare Taschenlampe"},"content":{"rendered":"<h4>STREAMLIGHT SL-20L Wiederaufladbare Taschenlampe<\/h4>\n<p><span class=\"\">Die wiederaufladbare Taschenlampe STREAMLIGHT SL-20L ist eine Taschenlampe f\u00fcr Sicherheit und Strafverfolgung<\/span><\/p>\n<p>Gro\u00dfformatige multifunktionale LED-C4R-Taschenlampe aus Aluminium mit einem Lichtstrahl von 490 Metern.<br \/>\nDer tiefe Parabolreflektor erzeugt einen engen Strahl mit optimaler Randausleuchtung.<br \/>\nC4R-LED-Technologie mit einer Lebensdauer von 50.000 Stunden. Auswahl zwischen High-, Medium-, Low- oder Strobe-Modus mittels Multifunktionsschalter. Ladezustandsanzeige am Schalter, nur w\u00e4hrend des Ladevorgangs.<br \/>\n<span class=\"goog-text-highlight\">Eine optimierte Elektronik sorgt f\u00fcr eine geregelte<\/span><br \/>\n<span class=\"goog-text-highlight\">Bis zu 1000-mal wiederaufladbarer NiMH-Akku;\u00a0<\/span>Voll aufgeladen in 7 Stunden<br \/>\nKompatibel mit Ladest\u00e4ndern der SL-Serie<br \/>\nHergestellt aus Fabrikaluminium mit eloxierter Oberfl\u00e4che, mit ger\u00e4ndeltem Schaft f\u00fcr sicheren Halt<br \/>\nWasserbest\u00e4ndigkeit: IPX4.<br \/>\nBruchsichere Polycarbonatlinse mit Anti-Kratz-Behandlung<br \/>\nAufprallfestigkeit aus 2 Metern H\u00f6he getestet.<br \/>\nAbmessungen: 33,3 cm \u2013<br \/>\nGewicht: 770g<br \/>\nWIEDERAUFLADBAR MIT TRANSFO 220V + 12V (mit zwei Halterungen)<\/p>","protected":false},"excerpt":{"rendered":"<p>STREAMLIGHT SL-20L Wiederaufladbare Taschenlampe. Gro\u00dfformatige multifunktionale LED-C4R-Taschenlampe aus Aluminium mit einem Lichtstrahl von 490 Metern.<\/p>","protected":false},"featured_media":74528,"template":"","meta":[],"product_brand":[],"product_cat":[2919],"product_tag":[],"class_list":{"0":"post-74527","1":"product","2":"type-product","3":"status-publish","4":"has-post-thumbnail","6":"product_cat-verlichting-voor-k9-handlers","8":"first","9":"instock","10":"taxable","11":"shipping-taxable","12":"purchasable","13":"product-type-simple"},"mb":[],"mfb_rest_fields":["title"],"_links":{"self":[{"href":"https:\/\/dogpride.nl\/de\/wp-json\/wp\/v2\/product\/74527","targetHints":{"allow":["GET"]}}],"collection":[{"href":"https:\/\/dogpride.nl\/de\/wp-json\/wp\/v2\/product"}],"about":[{"href":"https:\/\/dogpride.nl\/de\/wp-json\/wp\/v2\/types\/product"}],"wp:featuredmedia":[{"embeddable":true,"href":"https:\/\/dogpride.nl\/de\/wp-json\/wp\/v2\/media\/74528"}],"wp:attachment":[{"href":"https:\/\/dogpride.nl\/de\/wp-json\/wp\/v2\/media?parent=74527"}],"wp:term":[{"taxonomy":"product_brand","embeddable":true,"href":"https:\/\/dogpride.nl\/de\/wp-json\/wp\/v2\/product_brand?post=74527"},{"taxonomy":"product_cat","embeddable":true,"href":"https:\/\/dogpride.nl\/de\/wp-json\/wp\/v2\/product_cat?post=74527"},{"taxonomy":"product_tag","embeddable":true,"href":"https:\/\/dogpride.nl\/de\/wp-json\/wp\/v2\/product_tag?post=74527"}],"curies":[{"name":"wp","href":"https:\/\/api.w.org\/{rel}","templated":true}]}}