{"id":74519,"date":"2021-09-23T13:05:08","date_gmt":"2021-09-23T11:05:08","guid":{"rendered":"https:\/\/dogpride1.wpengine.com\/?post_type=product&#038;p=74519"},"modified":"2021-12-23T15:34:37","modified_gmt":"2021-12-23T14:34:37","slug":"visipad-rechthoekige-marker-10-uur-rood","status":"publish","type":"product","link":"https:\/\/dogpride.nl\/de\/visipad-rechthoekige-marker-10-uur-rood\/","title":{"rendered":"Visipad rechteckiger Marker \u2013 10 Uhr \u2013 rot"},"content":{"rendered":"<h4>Visipad rechteckiger Marker \u2013 10 Uhr \u2013 rot<\/h4>\n<p>Visipad rechteckiger Marker \u2013 10 Uhr \u2013 rot. Selbstklebender Einweg-Lichtmarker<\/p>\n<p><span class=\"goog-text-highlight\">Aktivierung mit einer einfachen Geste durch Falten und Kneten des Markers<\/span><br \/>\n<span class=\"goog-text-highlight\">Kompakt, sehr leicht, ungiftig (phthalatfrei) und nicht brennbar<\/span><br \/>\n<span class=\"goog-text-highlight\">Verursacht keine\u00a0<\/span><span class=\"goog-text-highlight\">Funken\u00a0<\/span><br \/>\n<span class=\"goog-text-highlight\">Erzeugt keine Hitze<\/span><br \/>\n<span class=\"goog-text-highlight\">Rechteckige Form mit transparenter Oberfl\u00e4che und hochwertiger Selbstklebefl\u00e4che f\u00fcr glatte und feste Untergr\u00fcnde<\/span><br \/>\n<span class=\"goog-text-highlight\">Flache Oberfl\u00e4che zum Schreiben mit einem Permanentmarker<\/span><br \/>\n<span class=\"goog-text-highlight\">Kerben und \u00d6sen an den Enden zur Befestigung an einem Kabel oder Seil<\/span><br \/>\n<span class=\"goog-text-highlight\">Akkulaufzeit: 10 Stunden<\/span><br \/>\n<span class=\"goog-text-highlight\">Farbe Rot<\/span><br \/>\n<span class=\"goog-text-highlight\">NSN 6260-01-564-0196<\/span><br \/>\n<span class=\"goog-text-highlight\">Abmessungen: 11,2 x 6,5 cm<\/span><br \/>\n<span class=\"goog-text-highlight\">Gewicht: 10 Gramm<\/span><\/p>","protected":false},"excerpt":{"rendered":"<p>Visipad\u00ae rechteckiger Marker \u2013 10 Stunden rot. <span class=\"goog-text-highlight\">Aktivierung mit einer einfachen Geste durch Falten und Kneten des Markers.<\/span><\/p>","protected":false},"featured_media":74520,"template":"","meta":[],"product_brand":[],"product_cat":[2919],"product_tag":[],"class_list":{"0":"post-74519","1":"product","2":"type-product","3":"status-publish","4":"has-post-thumbnail","6":"product_cat-verlichting-voor-k9-handlers","8":"first","9":"instock","10":"taxable","11":"shipping-taxable","12":"purchasable","13":"product-type-simple"},"mb":[],"mfb_rest_fields":["title"],"_links":{"self":[{"href":"https:\/\/dogpride.nl\/de\/wp-json\/wp\/v2\/product\/74519","targetHints":{"allow":["GET"]}}],"collection":[{"href":"https:\/\/dogpride.nl\/de\/wp-json\/wp\/v2\/product"}],"about":[{"href":"https:\/\/dogpride.nl\/de\/wp-json\/wp\/v2\/types\/product"}],"wp:featuredmedia":[{"embeddable":true,"href":"https:\/\/dogpride.nl\/de\/wp-json\/wp\/v2\/media\/74520"}],"wp:attachment":[{"href":"https:\/\/dogpride.nl\/de\/wp-json\/wp\/v2\/media?parent=74519"}],"wp:term":[{"taxonomy":"product_brand","embeddable":true,"href":"https:\/\/dogpride.nl\/de\/wp-json\/wp\/v2\/product_brand?post=74519"},{"taxonomy":"product_cat","embeddable":true,"href":"https:\/\/dogpride.nl\/de\/wp-json\/wp\/v2\/product_cat?post=74519"},{"taxonomy":"product_tag","embeddable":true,"href":"https:\/\/dogpride.nl\/de\/wp-json\/wp\/v2\/product_tag?post=74519"}],"curies":[{"name":"wp","href":"https:\/\/api.w.org\/{rel}","templated":true}]}}