{"id":74513,"date":"2021-09-23T12:56:30","date_gmt":"2021-09-23T10:56:30","guid":{"rendered":"https:\/\/dogpride1.wpengine.com\/?post_type=product&#038;p=74513"},"modified":"2021-12-23T15:41:44","modified_gmt":"2021-12-23T14:41:44","slug":"quiqlite-pro-handsfree-lamp-wit-uv-led-10-lumen","status":"publish","type":"product","link":"https:\/\/dogpride.nl\/de\/quiqlite-pro-handsfree-lamp-wit-uv-led-10-lumen\/","title":{"rendered":"QuiqLite-Pro Freisprechlampe wei\u00df \/ UV-LED - 10 Lumen"},"content":{"rendered":"<h4>QuiqLite-Pro Freisprechlampe wei\u00df \/ UV-LED - 10 Lumen<\/h4>\n<p>QuiqLite-Pro Freisprechlampe wei\u00df \/ UV-LED - 10 Lumen. Um 160\u00b0 verstellbare Dual-LED-Freisprechlampe mit breitem Lichtstrahl<\/p>\n<p><span class=\"goog-text-highlight\">Die Lampe bietet blendfreien Lichtkomfort f\u00fcr alle Interventionsaktivit\u00e4ten im Feld<\/span><br \/>\n<span class=\"goog-text-highlight\">Maximale Lichtintensit\u00e4t: 10 Lumen<br \/>\nAm niedrigsten <\/span><span class=\"goog-text-highlight\">Autonomie: 40 Stunden<\/span><br \/>\n<span class=\"goog-text-highlight\">Eine Lichtintensit\u00e4t (10 lm)<\/span><br \/>\n<span class=\"goog-text-highlight\">Blinkender Wei\u00dflichtmodus (10 lm)<\/span><br \/>\n<span class=\"goog-text-highlight\">Wei\u00dfe Beleuchtung zum Lesen und Schreiben<\/span><br \/>\n<span class=\"goog-text-highlight\">UV-Beleuchtung zur Pr\u00fcfung von Geldscheinen, Ausweisen und zur Suche nach Fingerabdr\u00fccken, Blutspuren, K\u00f6rperfl\u00fcssigkeiten \u2026<\/span><br \/>\n<span class=\"goog-text-highlight\">Automatische Abschaltung nach 10 Minuten<\/span><br \/>\n<span class=\"goog-text-highlight\">Wasserdichtigkeit: IPX-Standard -4 (Wetterbest\u00e4ndigkeit)<\/span><br \/>\n<span class=\"goog-text-highlight\">Lieferung mit zwei nicht wiederaufladbaren CR2032 3V Lithiumbatterien Ref. 26595<\/span><br \/>\n<span class=\"goog-text-highlight\">360\u00b0 drehbares Geh\u00e4use mit magnetischem und abnehmbarem G\u00fcrtelclip<\/span><br \/>\nG\u00fcrtel-\/Riemenbefestigung (50 mm) und MOLLE-Schlaufe<br \/>\nNettogewicht: 30 g (ohne Batterien)<br \/>\nBruttogewicht: 45 g (mit Batterien)<br \/>\n1 Jahr Garantie<\/p>","protected":false},"excerpt":{"rendered":"<p>QuiqLite Pro Freisprechlampe wei\u00df \/ UV-LED - 10 Lumen. <span class=\"goog-text-highlight\">UV-Beleuchtung zur Pr\u00fcfung von Banknoten etc.<\/span><\/p>","protected":false},"featured_media":74514,"template":"","meta":[],"product_brand":[],"product_cat":[2919],"product_tag":[],"class_list":{"0":"post-74513","1":"product","2":"type-product","3":"status-publish","4":"has-post-thumbnail","6":"product_cat-verlichting-voor-k9-handlers","8":"first","9":"instock","10":"taxable","11":"shipping-taxable","12":"purchasable","13":"product-type-simple"},"mb":[],"mfb_rest_fields":["title"],"_links":{"self":[{"href":"https:\/\/dogpride.nl\/de\/wp-json\/wp\/v2\/product\/74513","targetHints":{"allow":["GET"]}}],"collection":[{"href":"https:\/\/dogpride.nl\/de\/wp-json\/wp\/v2\/product"}],"about":[{"href":"https:\/\/dogpride.nl\/de\/wp-json\/wp\/v2\/types\/product"}],"wp:featuredmedia":[{"embeddable":true,"href":"https:\/\/dogpride.nl\/de\/wp-json\/wp\/v2\/media\/74514"}],"wp:attachment":[{"href":"https:\/\/dogpride.nl\/de\/wp-json\/wp\/v2\/media?parent=74513"}],"wp:term":[{"taxonomy":"product_brand","embeddable":true,"href":"https:\/\/dogpride.nl\/de\/wp-json\/wp\/v2\/product_brand?post=74513"},{"taxonomy":"product_cat","embeddable":true,"href":"https:\/\/dogpride.nl\/de\/wp-json\/wp\/v2\/product_cat?post=74513"},{"taxonomy":"product_tag","embeddable":true,"href":"https:\/\/dogpride.nl\/de\/wp-json\/wp\/v2\/product_tag?post=74513"}],"curies":[{"name":"wp","href":"https:\/\/api.w.org\/{rel}","templated":true}]}}