{"id":74509,"date":"2021-09-23T12:38:55","date_gmt":"2021-09-23T10:38:55","guid":{"rendered":"https:\/\/dogpride1.wpengine.com\/?post_type=product&#038;p=74509"},"modified":"2021-12-23T15:44:13","modified_gmt":"2021-12-23T14:44:13","slug":"quiqlitepro-wit-witte-led-handsfree-lamp-20-lumen","status":"publish","type":"product","link":"https:\/\/dogpride.nl\/de\/quiqlitepro-wit-witte-led-handsfree-lamp-20-lumen\/","title":{"rendered":"QuiqLitePro LED-Freisprechlampe wei\u00df \u2013 20 Lumen"},"content":{"rendered":"<h4>QuiqLitePro LED-Freisprechlampe wei\u00df \u2013 20 Lumen<\/h4>\n<p>QuiqLitePro LED-Freisprechlampe wei\u00df \u2013 20 Lumen. Dual-LED-Freisprechleuchte<\/p>\n<p><span class=\"goog-text-highlight\">Um 160\u00b0 drehbare, breitstrahlende Lampe, die blendfreien Lichtkomfort f\u00fcr alle Interventionst\u00e4tigkeiten im Feld bietet. Maximale Lichtst\u00e4rke: 20 Lumen<br \/>\nAm niedrigsten <\/span><span class=\"goog-text-highlight\">Autonomie: 40 Stunden<\/span><br \/>\n<span class=\"goog-text-highlight\">Zwei Lichtst\u00e4rken (10 und 20 lm)<\/span><br \/>\n<span class=\"goog-text-highlight\">Blinkmodus (10 lm)<\/span><br \/>\n<span class=\"goog-text-highlight\">Wei\u00dfe Beleuchtung zum Lesen und Schreiben<br \/>\nAutomatische Abschaltung nach 10 Minuten<\/span><br \/>\n<span class=\"goog-text-highlight\">Wasserbest\u00e4ndigkeit: IPX-4-Standard (Wetterbest\u00e4ndigkeit)<\/span><br \/>\n<span class=\"goog-text-highlight\">Lieferung mit zwei nicht wiederaufladbaren CR2032 3V Lithiumbatterien Ref. 26595<\/span><br \/>\n<span class=\"goog-text-highlight\">360\u00b0 drehbarer K\u00f6rper am G\u00fcrtelclip, magnetisch und abnehmbar<\/span><br \/>\n<span class=\"goog-text-highlight\">Verschluss f\u00fcr Riemen\/G\u00fcrtel (50 mm) und MOLLE<\/span><span class=\"goog-text-highlight\">Schleife<br \/>\nNettogewicht: 30 g (ohne Batterien)<\/span><br \/>\n<span class=\"goog-text-highlight\">Bruttogewicht: 45 g (mit Batterien)<br \/>\n<\/span><br \/>\n<span class=\"goog-text-highlight\">1 Jahr Garantie<\/span><\/p>","protected":false},"excerpt":{"rendered":"<p>QuiqLitePro wei\u00df\/wei\u00dfe LED-Freisprechlampe \u2013 20 Lumen. <span class=\"goog-text-highlight\">Breitstrahlende, um 160\u00b0 drehbare Lampe f\u00fcr blendfreien Lichtkomfort.<\/span><\/p>","protected":false},"featured_media":74510,"template":"","meta":[],"product_brand":[],"product_cat":[2919],"product_tag":[],"class_list":{"0":"post-74509","1":"product","2":"type-product","3":"status-publish","4":"has-post-thumbnail","6":"product_cat-verlichting-voor-k9-handlers","8":"first","9":"instock","10":"taxable","11":"shipping-taxable","12":"purchasable","13":"product-type-simple"},"mb":[],"mfb_rest_fields":["title"],"_links":{"self":[{"href":"https:\/\/dogpride.nl\/de\/wp-json\/wp\/v2\/product\/74509","targetHints":{"allow":["GET"]}}],"collection":[{"href":"https:\/\/dogpride.nl\/de\/wp-json\/wp\/v2\/product"}],"about":[{"href":"https:\/\/dogpride.nl\/de\/wp-json\/wp\/v2\/types\/product"}],"wp:featuredmedia":[{"embeddable":true,"href":"https:\/\/dogpride.nl\/de\/wp-json\/wp\/v2\/media\/74510"}],"wp:attachment":[{"href":"https:\/\/dogpride.nl\/de\/wp-json\/wp\/v2\/media?parent=74509"}],"wp:term":[{"taxonomy":"product_brand","embeddable":true,"href":"https:\/\/dogpride.nl\/de\/wp-json\/wp\/v2\/product_brand?post=74509"},{"taxonomy":"product_cat","embeddable":true,"href":"https:\/\/dogpride.nl\/de\/wp-json\/wp\/v2\/product_cat?post=74509"},{"taxonomy":"product_tag","embeddable":true,"href":"https:\/\/dogpride.nl\/de\/wp-json\/wp\/v2\/product_tag?post=74509"}],"curies":[{"name":"wp","href":"https:\/\/api.w.org\/{rel}","templated":true}]}}