{"id":74502,"date":"2021-09-23T12:03:33","date_gmt":"2021-09-23T10:03:33","guid":{"rendered":"https:\/\/dogpride1.wpengine.com\/?post_type=product&#038;p=74502"},"modified":"2021-12-23T15:47:37","modified_gmt":"2021-12-23T14:47:37","slug":"magnetische-militaire-houder-voor-chemlight-en-snaplight-15-cm-lightsticks","status":"publish","type":"product","link":"https:\/\/dogpride.nl\/de\/magnetische-militaire-houder-voor-chemlight-en-snaplight-15-cm-lightsticks\/","title":{"rendered":"Magnetischer Halter f\u00fcr ChemLight und SnapLight 15 cm Leuchtst\u00e4be"},"content":{"rendered":"<h4>Magnetischer Halter f\u00fcr ChemLight und SnapLight 15 cm Leuchtst\u00e4be<\/h4>\n<p>Magnetischer Halter f\u00fcr ChemLight und SnapLight 15 cm Leuchtst\u00e4be<\/p>\n<p><span class=\"goog-text-highlight\">Griff f\u00fcr SnapLight\u00ae Leuchtstab<\/span><br \/>\n<span class=\"goog-text-highlight\">360\u00b0\u00a0<\/span><span class=\"goog-text-highlight\">Lichtverteilung<br \/>\nGemacht <\/span><span class=\"goog-text-highlight\">von <\/span><span class=\"goog-text-highlight\">Stabiler Kunststoff mit Handschlaufe<\/span><\/p>","protected":false},"excerpt":{"rendered":"<p>Magnetischer Milit\u00e4rhalter f\u00fcr ChemLight\u00ae und SnapLight\u00ae 15 cm Leuchtst\u00e4be. <span class=\"goog-text-highlight\">Gemacht <\/span><span class=\"goog-text-highlight\">von <\/span><span class=\"goog-text-highlight\">Stabiler Kunststoff mit Handschlaufe<\/span><\/p>","protected":false},"featured_media":74503,"template":"","meta":[],"product_brand":[],"product_cat":[2919],"product_tag":[],"class_list":{"0":"post-74502","1":"product","2":"type-product","3":"status-publish","4":"has-post-thumbnail","6":"product_cat-verlichting-voor-k9-handlers","8":"first","9":"instock","10":"taxable","11":"shipping-taxable","12":"purchasable","13":"product-type-simple"},"mb":[],"mfb_rest_fields":["title"],"_links":{"self":[{"href":"https:\/\/dogpride.nl\/de\/wp-json\/wp\/v2\/product\/74502","targetHints":{"allow":["GET"]}}],"collection":[{"href":"https:\/\/dogpride.nl\/de\/wp-json\/wp\/v2\/product"}],"about":[{"href":"https:\/\/dogpride.nl\/de\/wp-json\/wp\/v2\/types\/product"}],"wp:featuredmedia":[{"embeddable":true,"href":"https:\/\/dogpride.nl\/de\/wp-json\/wp\/v2\/media\/74503"}],"wp:attachment":[{"href":"https:\/\/dogpride.nl\/de\/wp-json\/wp\/v2\/media?parent=74502"}],"wp:term":[{"taxonomy":"product_brand","embeddable":true,"href":"https:\/\/dogpride.nl\/de\/wp-json\/wp\/v2\/product_brand?post=74502"},{"taxonomy":"product_cat","embeddable":true,"href":"https:\/\/dogpride.nl\/de\/wp-json\/wp\/v2\/product_cat?post=74502"},{"taxonomy":"product_tag","embeddable":true,"href":"https:\/\/dogpride.nl\/de\/wp-json\/wp\/v2\/product_tag?post=74502"}],"curies":[{"name":"wp","href":"https:\/\/api.w.org\/{rel}","templated":true}]}}