{"id":74484,"date":"2021-09-23T11:29:55","date_gmt":"2021-09-23T09:29:55","guid":{"rendered":"https:\/\/dogpride1.wpengine.com\/?post_type=product&#038;p=74484"},"modified":"2021-12-23T16:02:06","modified_gmt":"2021-12-23T15:02:06","slug":"klarus-oplader-voor-1-oplaadbare-batterij","status":"publish","type":"product","link":"https:\/\/dogpride.nl\/de\/klarus-oplader-voor-1-oplaadbare-batterij\/","title":{"rendered":"KLARUS Ladeger\u00e4t f\u00fcr 1 Akku"},"content":{"rendered":"<h4>KLARUS Ladeger\u00e4t f\u00fcr 1 Akku<\/h4>\n<p>KLARUS Ladeger\u00e4t f\u00fcr 1 Akku. Externes Ladeger\u00e4t, das 1 Akku aufnehmen kann<\/p>\n<p>Kompatibel mit Lithium-Ionen-Akkus 26650\/22650\/18650\/18490\/ 18350\/17670\/17500\/16340\/14500\/10440\/16340 (RCR123A) und Ni-MH \/ Ni-Cd AA \/ AAA \/ YYYY \/ C<br \/>\nKontrollleuchte zeigt das Ende des Akkuladevorgangs an<br \/>\nAutomatische Abschaltung am Ende des Ladevorgangs, um ein \u00dcberladen des Ladeger\u00e4ts und eine Besch\u00e4digung des Akkus zu vermeiden<br \/>\nAufladen mit nichtmagnetischem USB-Kabel (im Lieferumfang enthalten)<br \/>\n1 Jahr Garantie<\/p>","protected":false},"excerpt":{"rendered":"<p>KLARUS Ladeger\u00e4t f\u00fcr 1 Akku. Aufladen mit nichtmagnetischem USB-Kabel (im Lieferumfang enthalten)<\/p>","protected":false},"featured_media":74485,"template":"","meta":[],"product_brand":[],"product_cat":[2919],"product_tag":[],"class_list":{"0":"post-74484","1":"product","2":"type-product","3":"status-publish","4":"has-post-thumbnail","6":"product_cat-verlichting-voor-k9-handlers","8":"first","9":"instock","10":"taxable","11":"shipping-taxable","12":"purchasable","13":"product-type-simple"},"mb":[],"mfb_rest_fields":["title"],"_links":{"self":[{"href":"https:\/\/dogpride.nl\/de\/wp-json\/wp\/v2\/product\/74484","targetHints":{"allow":["GET"]}}],"collection":[{"href":"https:\/\/dogpride.nl\/de\/wp-json\/wp\/v2\/product"}],"about":[{"href":"https:\/\/dogpride.nl\/de\/wp-json\/wp\/v2\/types\/product"}],"wp:featuredmedia":[{"embeddable":true,"href":"https:\/\/dogpride.nl\/de\/wp-json\/wp\/v2\/media\/74485"}],"wp:attachment":[{"href":"https:\/\/dogpride.nl\/de\/wp-json\/wp\/v2\/media?parent=74484"}],"wp:term":[{"taxonomy":"product_brand","embeddable":true,"href":"https:\/\/dogpride.nl\/de\/wp-json\/wp\/v2\/product_brand?post=74484"},{"taxonomy":"product_cat","embeddable":true,"href":"https:\/\/dogpride.nl\/de\/wp-json\/wp\/v2\/product_cat?post=74484"},{"taxonomy":"product_tag","embeddable":true,"href":"https:\/\/dogpride.nl\/de\/wp-json\/wp\/v2\/product_tag?post=74484"}],"curies":[{"name":"wp","href":"https:\/\/api.w.org\/{rel}","templated":true}]}}