{"id":74474,"date":"2021-09-23T11:20:18","date_gmt":"2021-09-23T09:20:18","guid":{"rendered":"https:\/\/dogpride1.wpengine.com\/?post_type=product&#038;p=74474"},"modified":"2021-12-23T16:06:01","modified_gmt":"2021-12-23T15:06:01","slug":"klarus-ondersteuning-op-afstand-voor-tactische-zaklamp","status":"publish","type":"product","link":"https:\/\/dogpride.nl\/de\/klarus-ondersteuning-op-afstand-voor-tactische-zaklamp\/","title":{"rendered":"KLARUS Unterst\u00fctzung f\u00fcr taktische Taschenlampe"},"content":{"rendered":"<h4>KLARUS Unterst\u00fctzung f\u00fcr taktische Taschenlampe<\/h4>\n<p>KLARUS Unterst\u00fctzung f\u00fcr taktische Taschenlampe<\/p>\n<p><span class=\"goog-text-highlight\">Offset-Unterst\u00fctzung f\u00fcr taktische Taschenlampe<\/span><br \/>\n<span class=\"goog-text-highlight\">Kompatibel mit jeder Taschenlampe mit einem Geh\u00e4usedurchmesser von 25,4 bis 27,5 mm<\/span><br \/>\n<span class=\"goog-text-highlight\">Wird auf einer 20-mm-Picatinny-Schiene montiert<\/span><br \/>\n<span class=\"goog-text-highlight\">Im Lieferumfang ist ein 6-Punkt-Montageschl\u00fcssel enthalten<\/span><\/p>","protected":false},"excerpt":{"rendered":"<p>KLARUS Fernunterst\u00fctzung f\u00fcr taktische Taschenlampe. <span class=\"goog-text-highlight\">Kompatibel mit jeder Taschenlampe mit einem Geh\u00e4usedurchmesser von 25,4 bis 27,5 mm<\/span><\/p>","protected":false},"featured_media":74475,"template":"","meta":[],"product_brand":[],"product_cat":[2919],"product_tag":[],"class_list":{"0":"post-74474","1":"product","2":"type-product","3":"status-publish","4":"has-post-thumbnail","6":"product_cat-verlichting-voor-k9-handlers","8":"first","9":"instock","10":"taxable","11":"shipping-taxable","12":"purchasable","13":"product-type-simple"},"mb":[],"mfb_rest_fields":["title"],"_links":{"self":[{"href":"https:\/\/dogpride.nl\/de\/wp-json\/wp\/v2\/product\/74474","targetHints":{"allow":["GET"]}}],"collection":[{"href":"https:\/\/dogpride.nl\/de\/wp-json\/wp\/v2\/product"}],"about":[{"href":"https:\/\/dogpride.nl\/de\/wp-json\/wp\/v2\/types\/product"}],"wp:featuredmedia":[{"embeddable":true,"href":"https:\/\/dogpride.nl\/de\/wp-json\/wp\/v2\/media\/74475"}],"wp:attachment":[{"href":"https:\/\/dogpride.nl\/de\/wp-json\/wp\/v2\/media?parent=74474"}],"wp:term":[{"taxonomy":"product_brand","embeddable":true,"href":"https:\/\/dogpride.nl\/de\/wp-json\/wp\/v2\/product_brand?post=74474"},{"taxonomy":"product_cat","embeddable":true,"href":"https:\/\/dogpride.nl\/de\/wp-json\/wp\/v2\/product_cat?post=74474"},{"taxonomy":"product_tag","embeddable":true,"href":"https:\/\/dogpride.nl\/de\/wp-json\/wp\/v2\/product_tag?post=74474"}],"curies":[{"name":"wp","href":"https:\/\/api.w.org\/{rel}","templated":true}]}}