{"id":74457,"date":"2021-09-23T11:03:37","date_gmt":"2021-09-23T09:03:37","guid":{"rendered":"https:\/\/dogpride1.wpengine.com\/?post_type=product&#038;p=74457"},"modified":"2021-12-24T10:20:52","modified_gmt":"2021-12-24T09:20:52","slug":"klarus-trs1-externe-adapter-voor-360x1-360x3-fx10-xt2cr-xt11-serie-xt12-serie","status":"publish","type":"product","link":"https:\/\/dogpride.nl\/de\/klarus-trs1-externe-adapter-voor-360x1-360x3-fx10-xt2cr-xt11-serie-xt12-serie\/","title":{"rendered":"KLARUS TRS1 externer Adapter f\u00fcr 360X1 \/ 360X3 \/ FX10 \/ XT2CR \/ XT11-Serie \/ XT12-Serie"},"content":{"rendered":"<h4>KLARUS TRS1 externer Adapter f\u00fcr 360X1 \/ 360X3 \/ FX10 \/ XT2CR \/ XT11-Serie \/ XT12-Serie<\/h4>\n<p>KLARUS TRS1 externer Adapter f\u00fcr 360X1 \/ 360X3 \/ FX10 \/ XT2CR \/ XT11-Serie \/ XT12-Serie<\/p>\n<p><span class=\"\">Das Unternehmen Klarus ist auf die Herstellung funktionaler taktischer Lampen f\u00fcr den Mehrzweckgebrauch sowie deren Zubeh\u00f6r spezialisiert, um die Armeen und Streitkr\u00e4fte des Ordens bei ihren t\u00e4glichen Eins\u00e4tzen zu begleiten.<\/span><\/p>\n<p><span class=\"\">Der TRS1-Remote-Adapter ist speziell f\u00fcr die Montage einer Klarus XT11S-Eingriffslampe Ref. 99298, XT11GT Ref. 99297 oder XT12GT Ref. 99342 auf der Picatinny-Schiene Ihrer Waffe konzipiert. <\/span>Sie macht Ihre Lampe bei Feldeins\u00e4tzen unverzichtbar, da sie mit mehreren Schaltern ausgestattet ist, die alle verf\u00fcgbaren Modi aktivieren.<br \/>\nDas leichte und kompakte Kabel hat eine Spiralform und kann f\u00fcr die unterschiedlichsten Waffen auf bis zu 55 cm gedehnt werden. TRS1 externe Z\u00fcndung f\u00fcr taktische Taschenlampe 360X1 \/ 360X3 \/ FX10 \/ XT2CR \/ XT11GT \/ XT11S \/ XT11UV \/ XT11X \/ XT12GT \/ XT12S Spiralkabel<br \/>\nf\u00fcr einen Z\u00fcndversatz von bis zu 55 cm<br \/>\nRechteckiger Schalter f\u00fcr direkten und schnellen Zugriff auf den Blinkmodus<br \/>\nRunder Schalter f\u00fcr direkten und schnellen Zugriff auf die maximale Intensit\u00e4t und anschlie\u00dfenden Zugriff auf andere Lichtintensit\u00e4ten \u00fcber die rechteckige Taste.<\/p>","protected":false},"excerpt":{"rendered":"<p>KLARUS TRS1 externer Adapter f\u00fcr 360X1 \/ 360X3 \/ FX10 \/ XT2CR \/ XT11-Serie \/ XT12-Serie. <span class=\"\">Klarus ist auf die Herstellung funktioneller taktischer Leuchten spezialisiert<\/span><\/p>","protected":false},"featured_media":74458,"template":"","meta":[],"product_brand":[],"product_cat":[2919],"product_tag":[],"class_list":{"0":"post-74457","1":"product","2":"type-product","3":"status-publish","4":"has-post-thumbnail","6":"product_cat-verlichting-voor-k9-handlers","8":"first","9":"instock","10":"taxable","11":"shipping-taxable","12":"purchasable","13":"product-type-simple"},"mb":[],"mfb_rest_fields":["title"],"_links":{"self":[{"href":"https:\/\/dogpride.nl\/de\/wp-json\/wp\/v2\/product\/74457","targetHints":{"allow":["GET"]}}],"collection":[{"href":"https:\/\/dogpride.nl\/de\/wp-json\/wp\/v2\/product"}],"about":[{"href":"https:\/\/dogpride.nl\/de\/wp-json\/wp\/v2\/types\/product"}],"wp:featuredmedia":[{"embeddable":true,"href":"https:\/\/dogpride.nl\/de\/wp-json\/wp\/v2\/media\/74458"}],"wp:attachment":[{"href":"https:\/\/dogpride.nl\/de\/wp-json\/wp\/v2\/media?parent=74457"}],"wp:term":[{"taxonomy":"product_brand","embeddable":true,"href":"https:\/\/dogpride.nl\/de\/wp-json\/wp\/v2\/product_brand?post=74457"},{"taxonomy":"product_cat","embeddable":true,"href":"https:\/\/dogpride.nl\/de\/wp-json\/wp\/v2\/product_cat?post=74457"},{"taxonomy":"product_tag","embeddable":true,"href":"https:\/\/dogpride.nl\/de\/wp-json\/wp\/v2\/product_tag?post=74457"}],"curies":[{"name":"wp","href":"https:\/\/api.w.org\/{rel}","templated":true}]}}