{"id":74453,"date":"2021-09-23T10:58:26","date_gmt":"2021-09-23T08:58:26","guid":{"rendered":"https:\/\/dogpride1.wpengine.com\/?post_type=product&#038;p=74453"},"modified":"2021-12-24T10:24:56","modified_gmt":"2021-12-24T09:24:56","slug":"klarus-oplaadbare-ar10-led-zaklamp-1080-lumen","status":"publish","type":"product","link":"https:\/\/dogpride.nl\/de\/klarus-oplaadbare-ar10-led-zaklamp-1080-lumen\/","title":{"rendered":"KLARUS Wiederaufladbare AR10 LED-Taschenlampe \u2013 1080 Lumen"},"content":{"rendered":"<h4>KLARUS Wiederaufladbare AR10 LED-Taschenlampe \u2013 1080 Lumen<\/h4>\n<p>KLARUS Wiederaufladbare AR10 LED-Taschenlampe \u2013 1080 Lumen<\/p>\n<p>Cree XM-L2 U2 wiederaufladbare LED-Lampe mit verstellbarem Kopf bis zu 90\u00b0 mit G\u00fcrtelclip<br \/>\nMagnetischer Sockel zur Stabilisierung der Lampe bei freih\u00e4ndiger Nutzung<br \/>\nMaximale Beleuchtungsentfernung: 153 m<br \/>\nmax. Lichtst\u00e4rke: 1080 Lumen<br \/>\nMaximale Autonomie: 220 Stunden<br \/>\nVier Lichtst\u00e4rken (10, 150, 450 und 1080 lm)<br \/>\nBlinkmodus (1080 lm) und SOS-Modus (150 lm)<br \/>\nHergestellt aus einer Aluminiumlegierung in Flugzeugqualit\u00e4t<br \/>\nFallfestigkeit: 1 m hoch<br \/>\nWasserbest\u00e4ndigkeit: IPX-Standard 8 (wasserdicht bis zum Untertauchen in einer Tiefe von 2 Metern f\u00fcr 30 Minuten)<br \/>\nIm Lieferumfang ist ein Lithium-Ionen-Akku 18650 3,7 V 2600 mAh Ref. 99320 enthalten<br \/>\n<span class=\"goog-text-highlight\">Laden der Lampe mit einem nichtmagnetischen USB-Kabel Ref. 99299 (im Lieferumfang enthalten)<\/span><br \/>\n<span class=\"goog-text-highlight\">Lieferung mit Ersatzreifen und Dichtung<br \/>\n<\/span><span class=\"goog-text-highlight\">Kopfdurchmesser<\/span><span class=\"goog-text-highlight\">: 2,5 cm<\/span><br \/>\n<span class=\"goog-text-highlight\">K\u00f6rperdurchmesser: 2,4 cm<\/span><br \/>\n<span class=\"goog-text-highlight\">Gl\u00fchbirnenl\u00e4nge: 14,4 cm<\/span><br \/>\n<span class=\"goog-text-highlight\">Nettogewicht: 100 g (ohne Batterie)<\/span><br \/>\n<span class=\"goog-text-highlight\">Bruttogewicht: 145 g (mit Batterie)<\/span><br \/>\n<span class=\"goog-text-highlight\">Farbe schwarz<\/span><br \/>\n<span class=\"goog-text-highlight\">Garantie: 5 Jahre<\/span><\/p>\n<p>Brauchen Sie mehr Licht? Dann werfen Sie einen Blick auf die <a href=\"https:\/\/dogpride.nl\/de\/produkt\/klarus-oplaadbare-zaklamp-xt11gt-led-2000-lumen\/\">KLARUS Wiederaufladbare taktische Taschenlampe XT11GT LED \u2013 2000 Lumen<\/a><\/p>\n<p>&nbsp;<\/p>\n<p><a href=\"https:\/\/devrolijkekwispel.nl\/\" target=\"_blank\" rel=\"noopener\">Dogpride NL sponsert Kelly Albers<\/a><\/p>\n<p><em>Ich (Kelly Albers) bin seit 2015 im Tierbereich t\u00e4tig. Nach mehreren Ausbildungen, langj\u00e4hriger Erfahrung im Hundesport und langj\u00e4hriger T\u00e4tigkeit bei verschiedenen Tierbetrieben.<\/em><br \/>\n<em>Im Mai 2018 erreichte ich den H\u00f6hepunkt meiner Hundesportkarriere. Ich wurde WDSF-Weltmeister in der Klasse ipo2 und nahm anschlie\u00dfend an der niederl\u00e4ndischen Meisterschaft aller Rassen teil.<\/em><\/p>","protected":false},"excerpt":{"rendered":"<p>KLARUS Wiederaufladbare AR10 LED Taktische Taschenlampe \u2013 1080 Lumen. Cree XM-L2 U2 wiederaufladbare LED-Lampe mit verstellbarem Kopf bis zu 90\u00b0 mit G\u00fcrtelclip<\/p>","protected":false},"featured_media":74454,"template":"","meta":[],"product_brand":[],"product_cat":[2919],"product_tag":[],"class_list":{"0":"post-74453","1":"product","2":"type-product","3":"status-publish","4":"has-post-thumbnail","6":"product_cat-verlichting-voor-k9-handlers","8":"first","9":"instock","10":"taxable","11":"shipping-taxable","12":"purchasable","13":"product-type-simple"},"mb":[],"mfb_rest_fields":["title"],"_links":{"self":[{"href":"https:\/\/dogpride.nl\/de\/wp-json\/wp\/v2\/product\/74453","targetHints":{"allow":["GET"]}}],"collection":[{"href":"https:\/\/dogpride.nl\/de\/wp-json\/wp\/v2\/product"}],"about":[{"href":"https:\/\/dogpride.nl\/de\/wp-json\/wp\/v2\/types\/product"}],"wp:featuredmedia":[{"embeddable":true,"href":"https:\/\/dogpride.nl\/de\/wp-json\/wp\/v2\/media\/74454"}],"wp:attachment":[{"href":"https:\/\/dogpride.nl\/de\/wp-json\/wp\/v2\/media?parent=74453"}],"wp:term":[{"taxonomy":"product_brand","embeddable":true,"href":"https:\/\/dogpride.nl\/de\/wp-json\/wp\/v2\/product_brand?post=74453"},{"taxonomy":"product_cat","embeddable":true,"href":"https:\/\/dogpride.nl\/de\/wp-json\/wp\/v2\/product_cat?post=74453"},{"taxonomy":"product_tag","embeddable":true,"href":"https:\/\/dogpride.nl\/de\/wp-json\/wp\/v2\/product_tag?post=74453"}],"curies":[{"name":"wp","href":"https:\/\/api.w.org\/{rel}","templated":true}]}}