{"id":74451,"date":"2021-09-23T10:39:44","date_gmt":"2021-09-23T08:39:44","guid":{"rendered":"https:\/\/dogpride1.wpengine.com\/?post_type=product&#038;p=74451"},"modified":"2023-10-26T12:08:17","modified_gmt":"2023-10-26T10:08:17","slug":"klarus-oplaadbare-tactische-zaklamp-xt11x-led-3200-lumen","status":"publish","type":"product","link":"https:\/\/dogpride.nl\/de\/klarus-oplaadbare-tactische-zaklamp-xt11x-led-3200-lumen\/","title":{"rendered":"KLARUS wiederaufladbare Taschenlampe \u2013 XT11X LED \u2013 3200 Lumen"},"content":{"rendered":"<h4>KLARUS wiederaufladbare Taschenlampe \u2013 XT11X LED \u2013 3200 Lumen<\/h4>\n<p>KLARUS wiederaufladbare Taschenlampe \u2013 XT11X LED \u2013 3200 Lumen<\/p>\n<p>Cree XHP70.2 P2 wiederaufladbare taktische LED-Taschenlampe mit G\u00fcrtelclip<br \/>\nMaximale Beleuchtungsentfernung: 283 m<br \/>\nmax. Lichtst\u00e4rke: 3200 Lumen<br \/>\nMaximale Autonomie: 82 Stunden<br \/>\nVier Lichtst\u00e4rken (15, 100, 400 und 3200 lm)<br \/>\nBlinkmodus (3200 lm) und SOS-Modus (100 lm)<br \/>\nHergestellt aus einer Aluminiumlegierung in Flugzeugqualit\u00e4t<br \/>\nFallfestigkeit: 1 m hoch<br \/>\nWasserbest\u00e4ndigkeit: IPX-8-Standard (wasserdicht bis zum Untertauchen in einer Tiefe von 2 Metern f\u00fcr 30 Minuten)<br \/>\nLieferung mit einer Lithiumbatterie -Ion 18650 3,6V 3100 mAh Ref. 99371<br \/>\nLaden der Lampe mit dem nichtmagnetischen USB-Kabel Ref. 99299 (im Lieferumfang enthalten)<br \/>\n<span class=\"goog-text-highlight\">Im Lieferumfang sind eine Handschlaufe, eine Ersatzplombe und eine schwarze Nylon-Tragetasche mit Karabiner enthalten<\/span><br \/>\n<span class=\"goog-text-highlight\">Verschluss f\u00fcr G\u00fcrtel\/G\u00fcrtel (50 mm) und MOLLE-<\/span><br \/>\n<span class=\"goog-text-highlight\">Schleife\u00a0<\/span><span class=\"goog-text-highlight\">Kopfdurchmesser\u00a0<\/span><span class=\"goog-text-highlight\">: 4,1 cm<\/span><br \/>\n<span class=\"goog-text-highlight\">K\u00f6rperdurchmesser: 2,5 cm<\/span><br \/>\n<span class=\"goog-text-highlight\">Gl\u00fchbirnenl\u00e4nge: 15,1 cm<\/span><br \/>\n<span class=\"goog-text-highlight\">Nettogewicht: 135 g (ohne Batterie)<\/span><br \/>\n<span class=\"goog-text-highlight\">Bruttogewicht: 180 g (mit Batterie)<\/span><br \/>\n<span class=\"goog-text-highlight\">Farbe schwarz<\/span><br \/>\n<span class=\"goog-text-highlight\">Garantie: 5 Jahre<\/span><\/p>\n<p><a href=\"https:\/\/dogpride.nl\/de\/produkt\/klarus-oplaadbare-batterij-micro-usb-aansluiting-voor-ar10-e1-fx10-st15-xt11-xt2c-lamp\/\">Suchen Sie hier nach passenden Akkus. KLARUS Akku Micro-USB-Anschluss<\/a><\/p>\n<p>&nbsp;<\/p>\n<p><a href=\"https:\/\/devrolijkekwispel.nl\/\" target=\"_blank\" rel=\"noopener\">Dogpride NL sponsert Kelly Albers<\/a><\/p>\n<p><em>Ich (Kelly Albers) bin seit 2015 im Tierbereich t\u00e4tig. Nach mehreren Ausbildungen, langj\u00e4hriger Erfahrung im Hundesport und langj\u00e4hriger T\u00e4tigkeit bei verschiedenen Tierbetrieben.<\/em><br \/>\n<em>Im Mai 2018 erreichte ich den H\u00f6hepunkt meiner Hundesportkarriere. Ich wurde WDSF-Weltmeister in der Klasse ipo2 und nahm anschlie\u00dfend an der niederl\u00e4ndischen Meisterschaft aller Rassen teil.<\/em><\/p>","protected":false},"excerpt":{"rendered":"<p>KLARUS Wiederaufladbare taktische Taschenlampe XT11X LED \u2013 3200 Lumen. Maximale Beleuchtungsentfernung: 283 m<\/p>","protected":false},"featured_media":74452,"template":"","meta":[],"product_brand":[],"product_cat":[2919],"product_tag":[],"class_list":{"0":"post-74451","1":"product","2":"type-product","3":"status-publish","4":"has-post-thumbnail","6":"product_cat-verlichting-voor-k9-handlers","8":"first","9":"instock","10":"taxable","11":"shipping-taxable","12":"purchasable","13":"product-type-simple"},"mb":[],"mfb_rest_fields":["title"],"_links":{"self":[{"href":"https:\/\/dogpride.nl\/de\/wp-json\/wp\/v2\/product\/74451","targetHints":{"allow":["GET"]}}],"collection":[{"href":"https:\/\/dogpride.nl\/de\/wp-json\/wp\/v2\/product"}],"about":[{"href":"https:\/\/dogpride.nl\/de\/wp-json\/wp\/v2\/types\/product"}],"wp:featuredmedia":[{"embeddable":true,"href":"https:\/\/dogpride.nl\/de\/wp-json\/wp\/v2\/media\/74452"}],"wp:attachment":[{"href":"https:\/\/dogpride.nl\/de\/wp-json\/wp\/v2\/media?parent=74451"}],"wp:term":[{"taxonomy":"product_brand","embeddable":true,"href":"https:\/\/dogpride.nl\/de\/wp-json\/wp\/v2\/product_brand?post=74451"},{"taxonomy":"product_cat","embeddable":true,"href":"https:\/\/dogpride.nl\/de\/wp-json\/wp\/v2\/product_cat?post=74451"},{"taxonomy":"product_tag","embeddable":true,"href":"https:\/\/dogpride.nl\/de\/wp-json\/wp\/v2\/product_tag?post=74451"}],"curies":[{"name":"wp","href":"https:\/\/api.w.org\/{rel}","templated":true}]}}