{"id":74448,"date":"2021-09-23T10:31:24","date_gmt":"2021-09-23T08:31:24","guid":{"rendered":"https:\/\/dogpride1.wpengine.com\/?post_type=product&#038;p=74448"},"modified":"2024-11-12T10:01:38","modified_gmt":"2024-11-12T09:01:38","slug":"hoofdlamp-hybride-verlichting-2-kleuren-tactikka-zwart-2","status":"publish","type":"product","link":"https:\/\/dogpride.nl\/de\/hoofdlamp-hybride-verlichting-2-kleuren-tactikka-zwart-2\/","title":{"rendered":"Stirnlampe Hybridbeleuchtung-2-farbig Tactikka-schwarz"},"content":{"rendered":"<h4>Stirnlampe Hybridbeleuchtung-2-farbig Tactikka-schwarz<\/h4>\n<p>Die Scheinwerfer-Hybrid-Beleuchtung \u2013 2-farbig, Tactikka \u2013 Schwarz<\/p>\n<p>Kompakter Scheinwerfer mit zweifarbiger Breitstrahlbeleuchtung.<\/p>\n<p>Stirnlampe mit gro\u00dfer Vielseitigkeit in der Beleuchtung, um weit zu sehen oder die Sichtbarkeit im Dunkeln zu gew\u00e4hrleisten und gleichzeitig Diskretion zu wahren<br \/>\nMaximale Beleuchtungsentfernung: 60 m<br \/>\nmax. Lichtst\u00e4rke: 200 Lumen<br \/>\nNiedrigste Autonomie: 240 Stunden<br \/>\nVier Lichtst\u00e4rken (5, 100 und 200 lm bei wei\u00dfem Licht und 2 lm bei rotem Licht)<br \/>\nBlinkmodus bei Rotlicht (400 Stunden sichtbar auf 700 m)<br \/>\nWasserbest\u00e4ndigkeit: IPX-4-Standard (Wetterbest\u00e4ndigkeit)<\/p>\n<p>Diese Lampe wird mit drei nicht wiederaufladbaren Alkalibatterien LR03 \/ AAA 1,5 V, Ref. 26581, geliefert und kann auch mit einer Lithium-Ionen-Kernbatterie mit 3,6 V und 1250 mAh, Ref. 27345 (separat erh\u00e4ltlich) betrieben werden, die \u00fcber den integrierten USB-Anschluss direkt wiederaufladbar ist ( (im Lieferumfang des Akkus enthaltenes Kabel)<br \/>\nIm Lieferumfang ist ein verstellbares Gummiband mit Warnpfeife zur Signalisierung in einer Notsituation enthalten<br \/>\nKann mit dem Adapter Ref. 27331 (separat erh\u00e4ltlich) an einem Helm montiert werden.<br \/>\nNettogewicht: 50 g (ohne Batterien)<br \/>\nBruttogewicht: 85 g (mit Batterien)<br \/>\nFarbe schwarz<br \/>\nGarantie: 5 Jahre<\/p>\n<p>Brauchen Sie mehr Farben? Dann schauen Sie sich dieses hier an <a href=\"https:\/\/dogpride.nl\/de\/produkt\/hoofdlamp-hybride-verlichting-4-kleuren-tactikka-rgb-zwart\/\">Scheinwerfer Hybridbeleuchtung 4 Farben Tactikka + RGB Schwarz.<\/a><\/p>\n<p>&nbsp;<\/p>\n<p><a href=\"https:\/\/devrolijkekwispel.nl\/\" target=\"_blank\" rel=\"noopener\">Dogpride NL sponsert Kelly Albers<\/a><\/p>\n<p><em>Ich (Kelly Albers) bin seit 2015 im Tierbereich t\u00e4tig. Nach mehreren Ausbildungen, langj\u00e4hriger Erfahrung im Hundesport und langj\u00e4hriger T\u00e4tigkeit bei verschiedenen Tierbetrieben.<\/em><br \/>\n<em>Im Mai 2018 erreichte ich den H\u00f6hepunkt meiner Hundesportkarriere. Ich wurde WDSF-Weltmeister in der Klasse ipo2 und nahm anschlie\u00dfend an der niederl\u00e4ndischen Meisterschaft aller Rassen teil.<\/em><\/p>","protected":false},"excerpt":{"rendered":"<p>Stirnlampe Hybridbeleuchtung 2 Farben Tactikka schwarz. Kompakter Scheinwerfer mit zweifarbiger Breitstrahlbeleuchtung.<\/p>","protected":false},"featured_media":74449,"template":"","meta":[],"product_brand":[],"product_cat":[2919],"product_tag":[],"class_list":{"0":"post-74448","1":"product","2":"type-product","3":"status-publish","4":"has-post-thumbnail","6":"product_cat-verlichting-voor-k9-handlers","8":"first","9":"instock","10":"taxable","11":"shipping-taxable","12":"purchasable","13":"product-type-simple"},"mb":[],"mfb_rest_fields":["title"],"_links":{"self":[{"href":"https:\/\/dogpride.nl\/de\/wp-json\/wp\/v2\/product\/74448","targetHints":{"allow":["GET"]}}],"collection":[{"href":"https:\/\/dogpride.nl\/de\/wp-json\/wp\/v2\/product"}],"about":[{"href":"https:\/\/dogpride.nl\/de\/wp-json\/wp\/v2\/types\/product"}],"wp:featuredmedia":[{"embeddable":true,"href":"https:\/\/dogpride.nl\/de\/wp-json\/wp\/v2\/media\/74449"}],"wp:attachment":[{"href":"https:\/\/dogpride.nl\/de\/wp-json\/wp\/v2\/media?parent=74448"}],"wp:term":[{"taxonomy":"product_brand","embeddable":true,"href":"https:\/\/dogpride.nl\/de\/wp-json\/wp\/v2\/product_brand?post=74448"},{"taxonomy":"product_cat","embeddable":true,"href":"https:\/\/dogpride.nl\/de\/wp-json\/wp\/v2\/product_cat?post=74448"},{"taxonomy":"product_tag","embeddable":true,"href":"https:\/\/dogpride.nl\/de\/wp-json\/wp\/v2\/product_tag?post=74448"}],"curies":[{"name":"wp","href":"https:\/\/api.w.org\/{rel}","templated":true}]}}