{"id":74440,"date":"2021-09-23T10:19:21","date_gmt":"2021-09-23T08:19:21","guid":{"rendered":"https:\/\/dogpride1.wpengine.com\/?post_type=product&#038;p=74440"},"modified":"2021-12-27T10:05:29","modified_gmt":"2021-12-27T09:05:29","slug":"hoofdlamp-hybride-verlichting-4-kleuren-tactikka-rgb-zwart","status":"publish","type":"product","link":"https:\/\/dogpride.nl\/de\/hoofdlamp-hybride-verlichting-4-kleuren-tactikka-rgb-zwart\/","title":{"rendered":"Scheinwerfer-Hybrid-Beleuchtung \u2013 4-Farben-Taktikka + RGB \u2013 Schwarz"},"content":{"rendered":"<h4>Scheinwerfer-Hybrid-Beleuchtung \u2013 4-Farben-Taktikka + RGB \u2013 Schwarz<\/h4>\n<p>Scheinwerfer-Hybrid-Beleuchtung \u2013 4-Farben-Taktikka + RGB \u2013 Schwarz<\/p>\n<p>Kompakter Scheinwerfer mit 4-Farben-Breitstrahlbeleuchtung.<\/p>\n<p>Eine Stirnlampe mit einer gro\u00dfen Vielseitigkeit der Beleuchtung, um weit zu sehen und die Sichtbarkeit im Dunkeln zu gew\u00e4hrleisten und gleichzeitig Diskretion zu wahren<\/p>\n<p>Maximale Beleuchtungsentfernung: 70 m<br \/>\nMaximale Lichtintensit\u00e4t: 250 Lumen<br \/>\nNiedrigste Autonomie: 260 Stunden<br \/>\nVier Lichtst\u00e4rken (5, 100 und 250 lm in Wei\u00dflicht und 2 lm in Rot\/Gr\u00fcn\/Blau<br \/>\nLicht) Blinkmodus in Rotlicht \/ Gr\u00fcn \/ Blau (sichtbar auf 700 m f\u00fcr 400 Stunden)<br \/>\nWasserbest\u00e4ndigkeit: IPX-4-Standard (Wetterbest\u00e4ndigkeit)<br \/>\nDie Lampe wird mit drei nicht wiederaufladbaren 1,5-V-Alkalibatterien vom Typ LR03 \/ AAA (Ref. 26581) geliefert<br \/>\nKann auch mit einem Lithium-Ionen-Kernakku 3,6 V 1250 mAh Ref. 27345 (separat erh\u00e4ltlich) betrieben werden, der direkt \u00fcber den integrierten USB-Anschluss wiederaufladbar ist (Kabel im Lieferumfang des Akkus enthalten).<br \/>\nWird mit einem verstellbaren elastischen Riemen mit Schnellverschluss f\u00fcr einfaches Anlegen geliefert<br \/>\nKann mit dem Adapter Ref. 27331 (separat erh\u00e4ltlich) an einem Helm montiert werden.<br \/>\nNettogewicht: 50 g (ohne Batterien)<br \/>\nBruttogewicht: 85 g (mit Batterien)<br \/>\nFarbe schwarz<br \/>\nGarantie: 5 Jahre<\/p>\n<p><a href=\"https:\/\/dogpride.nl\/de\/produkt\/oplaadbare-batterij-voor-tactikka-lamp\/\">Suchen Sie hier nach einem passenden Akku.<\/a><\/p>\n<p>&nbsp;<\/p>\n<p><a href=\"https:\/\/devrolijkekwispel.nl\/\" target=\"_blank\" rel=\"noopener\">Dogpride NL sponsert Kelly Albers<\/a><\/p>\n<p><em>Ich (Kelly Albers) bin seit 2015 im Tierbereich t\u00e4tig. Nach mehreren Ausbildungen, langj\u00e4hriger Erfahrung im Hundesport und langj\u00e4hriger T\u00e4tigkeit bei verschiedenen Tierbetrieben.<\/em><br \/>\n<em>Im Mai 2018 erreichte ich den H\u00f6hepunkt meiner Hundesportkarriere. Ich wurde WDSF-Weltmeister in der Klasse ipo2 und nahm anschlie\u00dfend an der niederl\u00e4ndischen Meisterschaft aller Rassen teil.<\/em><\/p>","protected":false},"excerpt":{"rendered":"<p>Scheinwerfer Hybridbeleuchtung 4 Farben Tactikka + RGB Schwarz. Kompakter Scheinwerfer mit 4-Farben-Breitstrahlbeleuchtung.<\/p>","protected":false},"featured_media":74441,"template":"","meta":[],"product_brand":[],"product_cat":[2919],"product_tag":[],"class_list":{"0":"post-74440","1":"product","2":"type-product","3":"status-publish","4":"has-post-thumbnail","6":"product_cat-verlichting-voor-k9-handlers","8":"first","9":"instock","10":"taxable","11":"shipping-taxable","12":"purchasable","13":"product-type-simple"},"mb":[],"mfb_rest_fields":["title"],"_links":{"self":[{"href":"https:\/\/dogpride.nl\/de\/wp-json\/wp\/v2\/product\/74440","targetHints":{"allow":["GET"]}}],"collection":[{"href":"https:\/\/dogpride.nl\/de\/wp-json\/wp\/v2\/product"}],"about":[{"href":"https:\/\/dogpride.nl\/de\/wp-json\/wp\/v2\/types\/product"}],"wp:featuredmedia":[{"embeddable":true,"href":"https:\/\/dogpride.nl\/de\/wp-json\/wp\/v2\/media\/74441"}],"wp:attachment":[{"href":"https:\/\/dogpride.nl\/de\/wp-json\/wp\/v2\/media?parent=74440"}],"wp:term":[{"taxonomy":"product_brand","embeddable":true,"href":"https:\/\/dogpride.nl\/de\/wp-json\/wp\/v2\/product_brand?post=74440"},{"taxonomy":"product_cat","embeddable":true,"href":"https:\/\/dogpride.nl\/de\/wp-json\/wp\/v2\/product_cat?post=74440"},{"taxonomy":"product_tag","embeddable":true,"href":"https:\/\/dogpride.nl\/de\/wp-json\/wp\/v2\/product_tag?post=74440"}],"curies":[{"name":"wp","href":"https:\/\/api.w.org\/{rel}","templated":true}]}}