{"id":74434,"date":"2021-09-23T10:12:58","date_gmt":"2021-09-23T08:12:58","guid":{"rendered":"https:\/\/dogpride1.wpengine.com\/?post_type=product&#038;p=74434"},"modified":"2021-12-27T10:08:32","modified_gmt":"2021-12-27T09:08:32","slug":"hybride-hoofdlamp-camouflage","status":"publish","type":"product","link":"https:\/\/dogpride.nl\/de\/hybride-hoofdlamp-camouflage\/","title":{"rendered":"Hybrid-Scheinwerfer-Tarnung"},"content":{"rendered":"<h4>Hybrid-Scheinwerfer-Tarnung<\/h4>\n<p><span class=\"\">Hybrid Headlamp Camouflage ist ein kompakter Scheinwerfer mit zweifarbiger Breitstrahlbeleuchtung.<\/span><\/p>\n<p>Eine Lampe mit gro\u00dfer Vielseitigkeit bei der Beleuchtung, um weit zu sehen oder die Sichtbarkeit im Dunkeln zu gew\u00e4hrleisten und gleichzeitig Diskretion zu wahren<\/p>\n<p>Maximale Beleuchtungsentfernung: 70 m<br \/>\nMaximale Lichtintensit\u00e4t: 250 Lumen<br \/>\nNiedrigste Autonomie: 260 Stunden<br \/>\nVier Lichtst\u00e4rken (5, 100 und 250 lm bei wei\u00dfem Licht und 2 lm bei rotem Licht)<br \/>\nBlinkmodus im Rotlicht (sichtbar auf 700 m f\u00fcr 400 Stunden)<br \/>\nWasserbest\u00e4ndigkeit: IPX-4-Standard (Wetterbest\u00e4ndigkeit)<br \/>\nIm Lieferumfang sind drei nicht wiederaufladbare 1,5-V-Alkalibatterien vom Typ LR03 \/ AAA (Ref. 26581) enthalten<\/p>\n<p><span class=\"goog-text-highlight\">Die Lampe kann auch mit einem Lithium-Ionen-Akku mit 3,6 V und 1250 mAh (Ref. 27345) betrieben werden (separat erh\u00e4ltlich), der direkt \u00fcber die integrierte USB-Buchse aufgeladen werden kann (Kabel im Lieferumfang des Akkus enthalten).<\/span><br \/>\n<span class=\"goog-text-highlight\">Wird mit einem verstellbaren elastischen Riemen mit Schnellverschluss f\u00fcr eine einfache Installation geliefert<\/span><br \/>\n<span class=\"goog-text-highlight\">Kann mit dem Adapter Ref. 27331 (separat erh\u00e4ltlich) an einem Helm montiert werden.<\/span><br \/>\n<span class=\"goog-text-highlight\">Nettogewicht: 50 g (ohne Batterien)<\/span><br \/>\n<span class=\"goog-text-highlight\">Bruttogewicht: 85 g (mit Batterien)<\/span><br \/>\n<span class=\"goog-text-highlight\">Farbe: Camo<\/span><br \/>\n<span class=\"goog-text-highlight\">Garantie: 5 Jahre<\/span><\/p>\n<p><a href=\"https:\/\/dogpride.nl\/de\/produkt\/oplaadbare-batterij-voor-tactikka-lamp\/\">Suchen Sie hier nach einem passenden Akku.<\/a><\/p>\n<p>&nbsp;<\/p>\n<p><a href=\"https:\/\/devrolijkekwispel.nl\/\" target=\"_blank\" rel=\"noopener\">Dogpride NL sponsert Kelly Albers<\/a><\/p>\n<p><em>Ich (Kelly Albers) bin seit 2015 im Tierbereich t\u00e4tig. Nach mehreren Ausbildungen, langj\u00e4hriger Erfahrung im Hundesport und langj\u00e4hriger T\u00e4tigkeit bei verschiedenen Tierbetrieben.<\/em><br \/>\n<em>Im Mai 2018 erreichte ich den H\u00f6hepunkt meiner Hundesportkarriere. Ich wurde WDSF-Weltmeister in der Klasse ipo2 und nahm anschlie\u00dfend an der niederl\u00e4ndischen Meisterschaft aller Rassen teil.<\/em><\/p>","protected":false},"excerpt":{"rendered":"<p>Hybrid-Scheinwerfer \u2013 Tarnung. Vier Lichtst\u00e4rken (5, 100 und 250 lm bei wei\u00dfem Licht und 2 lm bei rotem Licht)<\/p>","protected":false},"featured_media":74435,"template":"","meta":[],"product_brand":[],"product_cat":[2919],"product_tag":[],"class_list":{"0":"post-74434","1":"product","2":"type-product","3":"status-publish","4":"has-post-thumbnail","6":"product_cat-verlichting-voor-k9-handlers","8":"first","9":"instock","10":"taxable","11":"shipping-taxable","12":"purchasable","13":"product-type-simple"},"exclude_global_add_ons":[],"addons":[],"mb":[],"mfb_rest_fields":["title","exclude_global_add_ons","addons"],"_links":{"self":[{"href":"https:\/\/dogpride.nl\/de\/wp-json\/wp\/v2\/product\/74434","targetHints":{"allow":["GET"]}}],"collection":[{"href":"https:\/\/dogpride.nl\/de\/wp-json\/wp\/v2\/product"}],"about":[{"href":"https:\/\/dogpride.nl\/de\/wp-json\/wp\/v2\/types\/product"}],"wp:featuredmedia":[{"embeddable":true,"href":"https:\/\/dogpride.nl\/de\/wp-json\/wp\/v2\/media\/74435"}],"wp:attachment":[{"href":"https:\/\/dogpride.nl\/de\/wp-json\/wp\/v2\/media?parent=74434"}],"wp:term":[{"taxonomy":"product_brand","embeddable":true,"href":"https:\/\/dogpride.nl\/de\/wp-json\/wp\/v2\/product_brand?post=74434"},{"taxonomy":"product_cat","embeddable":true,"href":"https:\/\/dogpride.nl\/de\/wp-json\/wp\/v2\/product_cat?post=74434"},{"taxonomy":"product_tag","embeddable":true,"href":"https:\/\/dogpride.nl\/de\/wp-json\/wp\/v2\/product_tag?post=74434"}],"curies":[{"name":"wp","href":"https:\/\/api.w.org\/{rel}","templated":true}]}}