{"id":74430,"date":"2021-09-23T10:09:21","date_gmt":"2021-09-23T08:09:21","guid":{"rendered":"https:\/\/dogpride1.wpengine.com\/?post_type=product&#038;p=74430"},"modified":"2021-12-27T10:10:58","modified_gmt":"2021-12-27T09:10:58","slug":"hoofdlamp-hybride-verlichting-2-kleuren-tactikka-zwart","status":"publish","type":"product","link":"https:\/\/dogpride.nl\/de\/hoofdlamp-hybride-verlichting-2-kleuren-tactikka-zwart\/","title":{"rendered":"Scheinwerfer Hybridbeleuchtung-2-farbig Tactikka+schwarz"},"content":{"rendered":"<h4>Scheinwerfer Hybridbeleuchtung-2-farbig Tactikka+schwarz<\/h4>\n<p>Scheinwerfer Hybridbeleuchtung-2-farbig Tactikka+schwarz<\/p>\n<p>Dies ist ein kompakter Scheinwerfer mit zweifarbiger Breitstrahlbeleuchtung<\/p>\n<p>Stirnlampe mit gro\u00dfer Vielseitigkeit bei der Beleuchtung, um in die Ferne zu blicken und die Sichtbarkeit im Dunkeln zu gew\u00e4hrleisten und gleichzeitig Diskretion zu wahren<br \/>\nMaximale Beleuchtungsentfernung: 70 m<br \/>\nMaximale Lichtintensit\u00e4t: 250 Lumen<br \/>\nNiedrigste Autonomie: 260 Stunden<br \/>\nVier Lichtst\u00e4rken (5, 100 und 250 lm bei wei\u00dfem Licht und 2 lm bei rotem Licht)<br \/>\nBlitzmodus bei Rotlicht (sichtbar auf 700 m f\u00fcr 400 Stunden)<br \/>\nWasserbest\u00e4ndigkeit: IPX-4-Standard (Wetterbest\u00e4ndigkeit)<br \/>\nLieferung mit drei LR03-Alkalibatterien \/ AAA 1,5 V, nicht wiederaufladbar, Ref. 26581<br \/>\n<span class=\"goog-text-highlight\">Kann auch mit einem Lithium-Ionen-Akku 3,6 V Core 1250 mAh Ref. 27345 (separat erh\u00e4ltlich) betrieben werden, der direkt \u00fcber den integrierten USB-Anschluss wiederaufladbar ist (Kabel im Lieferumfang des Akkus enthalten).<\/span><br \/>\n<span class=\"goog-text-highlight\">Wird mit einem verstellbaren Schnellverschlussgurt geliefert, um die Gebotsabgabe zu erleichtern<\/span><br \/>\n<span class=\"goog-text-highlight\">Kann mit dem Adapter Ref. 27331 (separat erh\u00e4ltlich) an einem Helm montiert werden.<\/span><br \/>\n<span class=\"goog-text-highlight\">Nettogewicht: 50 g (ohne Batterien)<\/span><br \/>\n<span class=\"goog-text-highlight\">Bruttogewicht: 85 g (mit Batterien)<\/span><br \/>\n<span class=\"goog-text-highlight\">Farbe schwarz<\/span><br \/>\n<span class=\"goog-text-highlight\">Garantie: 5 Jahre<\/span><\/p>\n<p><a href=\"https:\/\/dogpride.nl\/de\/produkt\/oplaadbare-batterij-voor-tactikka-lamp\/\">Suchen Sie hier nach einem passenden Akku.<\/a><\/p>\n<p>&nbsp;<\/p>\n<p><a href=\"https:\/\/devrolijkekwispel.nl\/\" target=\"_blank\" rel=\"noopener\">Dogpride NL sponsert Kelly Albers<\/a><\/p>\n<p><em>Ich (Kelly Albers) bin seit 2015 im Tierbereich t\u00e4tig. Nach mehreren Ausbildungen, langj\u00e4hriger Erfahrung im Hundesport und langj\u00e4hriger T\u00e4tigkeit bei verschiedenen Tierbetrieben.<\/em><br \/>\n<em>Im Mai 2018 erreichte ich den H\u00f6hepunkt meiner Hundesportkarriere. Ich wurde WDSF-Weltmeister in der Klasse ipo2 und nahm anschlie\u00dfend an der niederl\u00e4ndischen Meisterschaft aller Rassen teil.<\/em><\/p>","protected":false},"excerpt":{"rendered":"<p>Stirnlampe Hybridbeleuchtung 2 Farben Tactikka + Schwarz. Stirnlampe mit gro\u00dfer Vielseitigkeit bei der Beleuchtung, um in die Ferne zu blicken und die Sichtbarkeit im Dunkeln zu gew\u00e4hrleisten und gleichzeitig Diskretion zu wahren<\/p>","protected":false},"featured_media":74431,"template":"","meta":[],"product_brand":[],"product_cat":[2919],"product_tag":[],"class_list":{"0":"post-74430","1":"product","2":"type-product","3":"status-publish","4":"has-post-thumbnail","6":"product_cat-verlichting-voor-k9-handlers","8":"first","9":"instock","10":"taxable","11":"shipping-taxable","12":"purchasable","13":"product-type-simple"},"mb":[],"mfb_rest_fields":["title"],"_links":{"self":[{"href":"https:\/\/dogpride.nl\/de\/wp-json\/wp\/v2\/product\/74430","targetHints":{"allow":["GET"]}}],"collection":[{"href":"https:\/\/dogpride.nl\/de\/wp-json\/wp\/v2\/product"}],"about":[{"href":"https:\/\/dogpride.nl\/de\/wp-json\/wp\/v2\/types\/product"}],"wp:featuredmedia":[{"embeddable":true,"href":"https:\/\/dogpride.nl\/de\/wp-json\/wp\/v2\/media\/74431"}],"wp:attachment":[{"href":"https:\/\/dogpride.nl\/de\/wp-json\/wp\/v2\/media?parent=74430"}],"wp:term":[{"taxonomy":"product_brand","embeddable":true,"href":"https:\/\/dogpride.nl\/de\/wp-json\/wp\/v2\/product_brand?post=74430"},{"taxonomy":"product_cat","embeddable":true,"href":"https:\/\/dogpride.nl\/de\/wp-json\/wp\/v2\/product_cat?post=74430"},{"taxonomy":"product_tag","embeddable":true,"href":"https:\/\/dogpride.nl\/de\/wp-json\/wp\/v2\/product_tag?post=74430"}],"curies":[{"name":"wp","href":"https:\/\/api.w.org\/{rel}","templated":true}]}}