{"id":74418,"date":"2021-09-23T09:48:00","date_gmt":"2021-09-23T07:48:00","guid":{"rendered":"https:\/\/dogpride1.wpengine.com\/?post_type=product&#038;p=74418"},"modified":"2023-03-27T08:30:51","modified_gmt":"2023-03-27T06:30:51","slug":"maglite-lamp-in-diverse-uitvoeringen","status":"publish","type":"product","link":"https:\/\/dogpride.nl\/de\/maglite-lamp-in-diverse-uitvoeringen\/","title":{"rendered":"Maglite-Lampe in verschiedenen Ausf\u00fchrungen"},"content":{"rendered":"<h4 class=\"txt-title-fichier\">Maglite-Lampe in verschiedenen Ausf\u00fchrungen<\/h4>\n<p><span class=\"\">Maglite-Lampe in verschiedenen Ausf\u00fchrungen.<\/span><br \/>\nDie Mag Lite-Reihe: das Original f\u00fcr den professionellen Einsatz.<br \/>\nMag Lite, Produkte, die schnell Exzellenz erreichten und dank fortschrittlicher, effizienter und innovativer Produktionstechniken einzigartig geworden sind. Die \u00dcberlegenheit der MagLite-Lampen wird weltweit von Fachleuten und Privatpersonen anerkannt.<br \/>\nInterne und externe Eloxierung f\u00fcr erh\u00f6hte Festigkeit.<br \/>\nKorrosionsschutz- und US-amerikanische Explosionsschutzstandards.<br \/>\nO-Ringe an allen Gewinden f\u00fcr eine perfekte Abdichtung.<br \/>\nModularer Lichtstrahl.<\/p>\n<p>Erh\u00e4ltlich in den Modellen:<\/p>\n<p><span class=\"goog-text-highlight\">ML2 &gt; <b>L\u00e4nge:<\/b>\u00a025cm<br \/>\nML3 &gt; <b>L\u00e4nge:<\/b>\u00a031cm<br \/>\nML4 &gt; <b>L\u00e4nge:<\/b>\u00a037 cm<br \/>\nML5 &gt; <b>L\u00e4nge:<\/b>\u00a043cm<br \/>\nML6 &gt; <b><span class=\"\">L\u00e4nge:<\/span><\/b><span class=\"\">\u00a049cm<\/span><br \/>\n<\/span><\/p>\n<p>Krypton-Ersatzlampen sind f\u00fcr alle Modelle erh\u00e4ltlich<\/p>\n<p><a href=\"https:\/\/dogpride.nl\/de\/produkt\/verkeerskegel-voor-maglite\/\">Suchen Sie hier nach einem passenden Verkehrskegel in Rot und Wei\u00df<\/a><\/p>\n<p>&nbsp;<\/p>\n<p><a href=\"https:\/\/devrolijkekwispel.nl\/\" target=\"_blank\" rel=\"noopener\">Dogpride NL sponsert Kelly Albers<\/a><\/p>\n<p><em>Ich (Kelly Albers) bin seit 2015 im Tierbereich t\u00e4tig. Nach mehreren Ausbildungen, langj\u00e4hriger Erfahrung im Hundesport und langj\u00e4hriger T\u00e4tigkeit bei verschiedenen Tierbetrieben.<\/em><br \/>\n<em>Im Mai 2018 erreichte ich den H\u00f6hepunkt meiner Hundesportkarriere. Ich wurde WDSF-Weltmeister in der Klasse ipo2 und nahm anschlie\u00dfend an der niederl\u00e4ndischen Meisterschaft aller Rassen teil.<\/em><\/p>","protected":false},"excerpt":{"rendered":"<p class=\"txt-title-fichier\"><span class=\"goog-text-highlight\">Maglite-Lampe. Die \u00dcberlegenheit der MagLite-Lampen wird weltweit von Fachleuten und Privatpersonen anerkannt.<\/span><\/p>","protected":false},"featured_media":74419,"template":"","meta":[],"product_brand":[],"product_cat":[2919],"product_tag":[],"class_list":{"0":"post-74418","1":"product","2":"type-product","3":"status-publish","4":"has-post-thumbnail","6":"product_cat-verlichting-voor-k9-handlers","8":"first","9":"instock","10":"taxable","11":"shipping-taxable","12":"purchasable","13":"product-type-variable"},"mb":[],"mfb_rest_fields":["title"],"_links":{"self":[{"href":"https:\/\/dogpride.nl\/de\/wp-json\/wp\/v2\/product\/74418","targetHints":{"allow":["GET"]}}],"collection":[{"href":"https:\/\/dogpride.nl\/de\/wp-json\/wp\/v2\/product"}],"about":[{"href":"https:\/\/dogpride.nl\/de\/wp-json\/wp\/v2\/types\/product"}],"wp:featuredmedia":[{"embeddable":true,"href":"https:\/\/dogpride.nl\/de\/wp-json\/wp\/v2\/media\/74419"}],"wp:attachment":[{"href":"https:\/\/dogpride.nl\/de\/wp-json\/wp\/v2\/media?parent=74418"}],"wp:term":[{"taxonomy":"product_brand","embeddable":true,"href":"https:\/\/dogpride.nl\/de\/wp-json\/wp\/v2\/product_brand?post=74418"},{"taxonomy":"product_cat","embeddable":true,"href":"https:\/\/dogpride.nl\/de\/wp-json\/wp\/v2\/product_cat?post=74418"},{"taxonomy":"product_tag","embeddable":true,"href":"https:\/\/dogpride.nl\/de\/wp-json\/wp\/v2\/product_tag?post=74418"}],"curies":[{"name":"wp","href":"https:\/\/api.w.org\/{rel}","templated":true}]}}