{"id":74414,"date":"2021-09-23T09:41:23","date_gmt":"2021-09-23T07:41:23","guid":{"rendered":"https:\/\/dogpride1.wpengine.com\/?post_type=product&#038;p=74414"},"modified":"2021-12-27T10:17:37","modified_gmt":"2021-12-27T09:17:37","slug":"verkeerskegel-voor-maglite","status":"publish","type":"product","link":"https:\/\/dogpride.nl\/de\/verkeerskegel-voor-maglite\/","title":{"rendered":"Leitkegel f\u00fcr Maglite"},"content":{"rendered":"<h4 class=\"txt-title-fichier\"><span class=\"goog-text-highlight\">Leitkegel f\u00fcr Maglite<\/span><\/h4>\n<p><span class=\"goog-text-highlight\">Leitkegel f\u00fcr Maglite. Zirkulationskegel f\u00fcr Maglite<\/span><br \/>\n<span class=\"goog-text-highlight\">Sehr einfach zu\u00a0<\/span><span class=\"goog-text-highlight\">best\u00e4tigen\u00a0<\/span><span class=\"goog-text-highlight\">auf allen Maglite Typ 2 bis 6 GM-Batterien<\/span><\/p>\n<p><a href=\"https:\/\/dogpride.nl\/de\/produkt\/maglite-lamp-in-diverse-uitvoeringen\/\">Suchen Sie hier nach den Maglite-Lampen<\/a><\/p>\n<p>&nbsp;<\/p>\n<p><a href=\"https:\/\/devrolijkekwispel.nl\/\" target=\"_blank\" rel=\"noopener\">Dogpride NL sponsert Kelly Albers<\/a><\/p>\n<p><em>Ich (Kelly Albers) bin seit 2015 im Tierbereich t\u00e4tig. Nach mehreren Ausbildungen, langj\u00e4hriger Erfahrung im Hundesport und langj\u00e4hriger T\u00e4tigkeit bei verschiedenen Tierbetrieben.<\/em><br \/>\n<em>Im Mai 2018 erreichte ich den H\u00f6hepunkt meiner Hundesportkarriere. Ich wurde WDSF-Weltmeister in der Klasse ipo2 und nahm anschlie\u00dfend an der niederl\u00e4ndischen Meisterschaft aller Rassen teil.<\/em><\/p>","protected":false},"excerpt":{"rendered":"<p class=\"txt-title-fichier\"><span class=\"goog-text-highlight\">Leitkegel f\u00fcr Maglite. Zirkulationskegel f\u00fcr Maglite. Sehr einfach an allen Maglite Typ 2 bis 6 GM-Batterien anzubringen.<\/span><\/p>","protected":false},"featured_media":74415,"template":"","meta":[],"product_brand":[],"product_cat":[2919],"product_tag":[],"class_list":{"0":"post-74414","1":"product","2":"type-product","3":"status-publish","4":"has-post-thumbnail","6":"product_cat-verlichting-voor-k9-handlers","8":"first","9":"instock","10":"taxable","11":"shipping-taxable","12":"purchasable","13":"product-type-variable"},"mb":[],"mfb_rest_fields":["title"],"_links":{"self":[{"href":"https:\/\/dogpride.nl\/de\/wp-json\/wp\/v2\/product\/74414","targetHints":{"allow":["GET"]}}],"collection":[{"href":"https:\/\/dogpride.nl\/de\/wp-json\/wp\/v2\/product"}],"about":[{"href":"https:\/\/dogpride.nl\/de\/wp-json\/wp\/v2\/types\/product"}],"wp:featuredmedia":[{"embeddable":true,"href":"https:\/\/dogpride.nl\/de\/wp-json\/wp\/v2\/media\/74415"}],"wp:attachment":[{"href":"https:\/\/dogpride.nl\/de\/wp-json\/wp\/v2\/media?parent=74414"}],"wp:term":[{"taxonomy":"product_brand","embeddable":true,"href":"https:\/\/dogpride.nl\/de\/wp-json\/wp\/v2\/product_brand?post=74414"},{"taxonomy":"product_cat","embeddable":true,"href":"https:\/\/dogpride.nl\/de\/wp-json\/wp\/v2\/product_cat?post=74414"},{"taxonomy":"product_tag","embeddable":true,"href":"https:\/\/dogpride.nl\/de\/wp-json\/wp\/v2\/product_tag?post=74414"}],"curies":[{"name":"wp","href":"https:\/\/api.w.org\/{rel}","templated":true}]}}