{"id":74406,"date":"2021-09-23T09:12:00","date_gmt":"2021-09-23T07:12:00","guid":{"rendered":"https:\/\/dogpride1.wpengine.com\/?post_type=product&#038;p=74406"},"modified":"2021-12-27T10:24:16","modified_gmt":"2021-12-27T09:24:16","slug":"toe-oplaadbare-tactical-light-220-lumen-interventielamp","status":"publish","type":"product","link":"https:\/\/dogpride.nl\/de\/toe-oplaadbare-tactical-light-220-lumen-interventielamp\/","title":{"rendered":"TOE wiederaufladbare taktische Licht-Intervalllampe mit 220 Lumen"},"content":{"rendered":"<h4>TOE wiederaufladbare taktische Licht-Intervalllampe mit 220 Lumen<\/h4>\n<p>Die wiederaufladbaren TOE-Tactical-Light-Intervalllampen mit 220 Lumen bilden ein vielf\u00e4ltiges Sortiment, das perfekt auf die Anforderungen des Feldes zugeschnitten ist.<br \/>\nDie angebotenen Referenzen sind alle in Cree\u00aeLED-Qualit\u00e4t erh\u00e4ltlich; Sie bestehen aus rollsicherem Flugzeugaluminium. Je nach Modell gibt es sie im Strong-, Weak- oder Strobe-Modus. Sie sind wasserdicht und sto\u00dffest nach IPX7 und werden mit Batterien, einem G\u00fcrtelclip und in einer Blisterverpackung geliefert.<br \/>\nEffiziente, ergonomische und kompakte TOE-Eingriffsventillampen sind ideal f\u00fcr alle Anwendungen oder Eingriffe, die Qualit\u00e4t und Zuverl\u00e4ssigkeit erfordern.<\/p>\n<p>\u2013 220 Lumen<br \/>\n\u2013 Ausgangsleistung: Hoch 3h \u2013 Niedrig 7h<br \/>\n\u2013 LED: CREE XP-G R3 wei\u00df<br \/>\n\u2013 Anti-Roll-Aluminium-Luft- und Raumfahrtstruktur<br \/>\n<span class=\"goog-text-highlight\">\u2013 Modus: Stark \u2013 Schwach \u2013 Strobe<\/span><br \/>\n<span class=\"goog-text-highlight\">\u2013 Wasserbest\u00e4ndigkeit: IPX7<\/span><br \/>\n<span class=\"goog-text-highlight\">\u2013 Schlagfestigkeit: 1,2 m<\/span><br \/>\n<span class=\"goog-text-highlight\">\u2013 Wiederaufladbarer Akku: 1 x 18650 Li-Ion mit 2900 mAh<\/span><br \/>\n<span class=\"goog-text-highlight\">\u2013 Zubeh\u00f6r: G\u00fcrtelclip + Ladeger\u00e4t + Batterien<\/span><br \/>\n<span class=\"goog-text-highlight\">\u2013 Ma\u00dfe: L\u00e4nge: 12,5 cm<\/span><br \/>\n<span class=\"goog-text-highlight\">Durchmesser: 3 cm<\/span><br \/>\n<span class=\"goog-text-highlight\">Gewicht: 95g<\/span><br \/>\n<span class=\"goog-text-highlight\">\u2013 2 Jahre Garantie<\/span><\/p>","protected":false},"excerpt":{"rendered":"<p>TOE Wiederaufladbare Tactical Light 220 Lumen Interventionslampe. TOE-Eingriffslampen bilden ein vielf\u00e4ltiges Sortiment, das perfekt auf die Anforderungen vor Ort zugeschnitten ist.<\/p>","protected":false},"featured_media":74407,"template":"","meta":[],"product_brand":[],"product_cat":[2919],"product_tag":[],"class_list":{"0":"post-74406","1":"product","2":"type-product","3":"status-publish","4":"has-post-thumbnail","6":"product_cat-verlichting-voor-k9-handlers","8":"first","9":"instock","10":"taxable","11":"shipping-taxable","12":"purchasable","13":"product-type-simple"},"mb":[],"mfb_rest_fields":["title"],"_links":{"self":[{"href":"https:\/\/dogpride.nl\/de\/wp-json\/wp\/v2\/product\/74406","targetHints":{"allow":["GET"]}}],"collection":[{"href":"https:\/\/dogpride.nl\/de\/wp-json\/wp\/v2\/product"}],"about":[{"href":"https:\/\/dogpride.nl\/de\/wp-json\/wp\/v2\/types\/product"}],"wp:featuredmedia":[{"embeddable":true,"href":"https:\/\/dogpride.nl\/de\/wp-json\/wp\/v2\/media\/74407"}],"wp:attachment":[{"href":"https:\/\/dogpride.nl\/de\/wp-json\/wp\/v2\/media?parent=74406"}],"wp:term":[{"taxonomy":"product_brand","embeddable":true,"href":"https:\/\/dogpride.nl\/de\/wp-json\/wp\/v2\/product_brand?post=74406"},{"taxonomy":"product_cat","embeddable":true,"href":"https:\/\/dogpride.nl\/de\/wp-json\/wp\/v2\/product_cat?post=74406"},{"taxonomy":"product_tag","embeddable":true,"href":"https:\/\/dogpride.nl\/de\/wp-json\/wp\/v2\/product_tag?post=74406"}],"curies":[{"name":"wp","href":"https:\/\/api.w.org\/{rel}","templated":true}]}}