{"id":74404,"date":"2021-09-23T09:07:48","date_gmt":"2021-09-23T07:07:48","guid":{"rendered":"https:\/\/dogpride1.wpengine.com\/?post_type=product&#038;p=74404"},"modified":"2025-07-11T10:08:28","modified_gmt":"2025-07-11T08:08:28","slug":"toe-flitslicht-180-lumen","status":"publish","type":"product","link":"https:\/\/dogpride.nl\/de\/toe-flitslicht-180-lumen\/","title":{"rendered":"TOE-Taschenlampe 180 Lumen"},"content":{"rendered":"<h4>TOE-Taschenlampe 180 Lumen<\/h4>\n<p>TOE-Taschenlampe 180 Lumen<\/p>\n<p><span class=\"\">Die TOE-Eingriffslampen bilden ein vielf\u00e4ltiges Sortiment, das perfekt auf die Bed\u00fcrfnisse vor Ort zugeschnitten ist.<\/span><br \/>\nDie angebotenen Referenzen sind alle in Cree\u00aeLED-Qualit\u00e4t erh\u00e4ltlich; Sie bestehen aus rollsicherem Flugzeugaluminium. Je nach Modell gibt es sie im Strong-, Weak- oder Strobe-Modus. Sie sind wasserdicht und sto\u00dffest nach IPX7 und werden mit Batterien, einem G\u00fcrtelclip und in einer Blisterverpackung geliefert.<br \/>\nEffiziente, ergonomische und kompakte TOE-Eingriffsventillampen sind ideal f\u00fcr alle Anwendungen oder Eingriffe, die Qualit\u00e4t und Zuverl\u00e4ssigkeit erfordern.<\/p>\n<p>\u2013 180 Lumen<br \/>\n\u2013 Leistungsabgabe: Hoch 1 Stunde \u2013 Niedrig 5 Stunden<br \/>\n\u2013 LED: CREE XP-G R3 wei\u00df<br \/>\n\u2013 Anti-Roll-Aluminium-Luft- und Raumfahrtstruktur<br \/>\n<span class=\"goog-text-highlight\">\u2013 Modus: Stark \u2013 Schwach \u2013 Strobe<\/span><br \/>\n<span class=\"goog-text-highlight\">\u2013 Wasserbest\u00e4ndigkeit: IPX7<\/span><br \/>\n<span class=\"goog-text-highlight\">\u2013 Schlagfestigkeit: 1,2 m<\/span><br \/>\n<span class=\"goog-text-highlight\">\u2013 Batterien: 2 x AA<\/span><br \/>\n<span class=\"goog-text-highlight\">\u2013 Zubeh\u00f6r: G\u00fcrtelclip + Batterien<\/span><br \/>\n<span class=\"goog-text-highlight\">\u2013 Abmessungen: L\u00e4nge: 15,7 cm<\/span><br \/>\n<span class=\"goog-text-highlight\">Durchmesser: 2,6 cm<\/span><br \/>\n<span class=\"goog-text-highlight\">Gewicht: 92g<\/span><br \/>\n<span class=\"goog-text-highlight\">\u2013 2 Jahre Garantie<\/span><\/p>","protected":false},"excerpt":{"rendered":"<p>TOE-Taschenlampe 180 Lumen. <span class=\"\">TOE-Eingriffslampen bilden ein vielf\u00e4ltiges Sortiment, das perfekt auf die Anforderungen vor Ort zugeschnitten ist.<\/span><\/p>","protected":false},"featured_media":74405,"template":"","meta":[],"product_brand":[],"product_cat":[2919],"product_tag":[],"class_list":{"0":"post-74404","1":"product","2":"type-product","3":"status-publish","4":"has-post-thumbnail","6":"product_cat-verlichting-voor-k9-handlers","8":"first","9":"instock","10":"taxable","11":"shipping-taxable","12":"purchasable","13":"product-type-simple"},"mb":[],"mfb_rest_fields":["title"],"_links":{"self":[{"href":"https:\/\/dogpride.nl\/de\/wp-json\/wp\/v2\/product\/74404","targetHints":{"allow":["GET"]}}],"collection":[{"href":"https:\/\/dogpride.nl\/de\/wp-json\/wp\/v2\/product"}],"about":[{"href":"https:\/\/dogpride.nl\/de\/wp-json\/wp\/v2\/types\/product"}],"wp:featuredmedia":[{"embeddable":true,"href":"https:\/\/dogpride.nl\/de\/wp-json\/wp\/v2\/media\/74405"}],"wp:attachment":[{"href":"https:\/\/dogpride.nl\/de\/wp-json\/wp\/v2\/media?parent=74404"}],"wp:term":[{"taxonomy":"product_brand","embeddable":true,"href":"https:\/\/dogpride.nl\/de\/wp-json\/wp\/v2\/product_brand?post=74404"},{"taxonomy":"product_cat","embeddable":true,"href":"https:\/\/dogpride.nl\/de\/wp-json\/wp\/v2\/product_cat?post=74404"},{"taxonomy":"product_tag","embeddable":true,"href":"https:\/\/dogpride.nl\/de\/wp-json\/wp\/v2\/product_tag?post=74404"}],"curies":[{"name":"wp","href":"https:\/\/api.w.org\/{rel}","templated":true}]}}