{"id":74401,"date":"2021-09-23T09:05:03","date_gmt":"2021-09-23T07:05:03","guid":{"rendered":"https:\/\/dogpride1.wpengine.com\/?post_type=product&#038;p=74401"},"modified":"2021-12-27T10:29:31","modified_gmt":"2021-12-27T09:29:31","slug":"handsfree-lampje-quiqlite-pro","status":"publish","type":"product","link":"https:\/\/dogpride.nl\/de\/handsfree-lampje-quiqlite-pro\/","title":{"rendered":"Freisprechleuchte QuiqLite Pro"},"content":{"rendered":"<h4>Freisprechleuchte QuiqLite Pro<\/h4>\n<p>Freisprechleuchte QuiqLite Pro<\/p>\n<p>Die einzige freih\u00e4ndige Lichtquelle der Welt, die verdeckbar ist.<\/p>\n<p>Vollst\u00e4ndig darauf ausgelegt, alle Interventionsaktivit\u00e4ten vor Ort zu erleichtern und zu sichern.<br \/>\nMit dem QUIQLITE Pro mit seinen LED-Linsen und seinem um 360\u00b0 drehbaren Geh\u00e4use k\u00f6nnen Sie den Lichtwinkel an alle Bed\u00fcrfnisse anpassen.<br \/>\nSelbst bei Nachtsicht oder schlechten Lichtverh\u00e4ltnissen bietet der QUIQLITE Pro Lichtkomfort ohne Blendung und ohne Gew\u00f6hnung an die Dunkelheit.<\/p>\n<p>Ideal f\u00fcr: Milit\u00e4r, Strafverfolgung, Feuerwehr, private Sicherheit, Gef\u00e4ngnisdienst usw.<br \/>\nGeeignet f\u00fcr: G\u00fcrtel, taktische Weste, Weste, taktische Tasche, Karte, Notizblock, Sonnenblende usw.<\/p>\n<p>\u2013 Superhelle Doppel-LED<br \/>\n\u2013 Um 160\u00b0 verstellbare neigbare LED-Linse<br \/>\n\u2013 360\u00b0 drehbares Geh\u00e4use mit festem Clip<br \/>\n<span class=\"goog-text-highlight\">\u2013 Sofortiger Start durch Dr\u00fccken der Ein-\/Aus-Taste<\/span><br \/>\n<span class=\"goog-text-highlight\">Taste \u2013 Helligkeitsregler<\/span><br \/>\n<span class=\"goog-text-highlight\">\u2013 Automatisches Abschaltsystem nach 10 Minuten<\/span><br \/>\n<span class=\"goog-text-highlight\">&#8211;<\/span><br \/>\n<span class=\"goog-text-highlight\">Notfallblitz \u2013 \u201eQuiqFlare\u201c-System, pers\u00f6nliches Sicherheitslichtsignal<\/span><br \/>\n<span class=\"goog-text-highlight\">\u2013 Abnehmbarer Magnetclip<\/span><br \/>\n<span class=\"goog-text-highlight\">\u2013 Kein Einfluss auf die Nachtsicht<\/span><br \/>\n<span class=\"goog-text-highlight\">- Wasserfest\u00a0<\/span><span class=\"goog-text-highlight\">- D\u00fcnn<\/span><br \/>\n<span class=\"goog-text-highlight\">, kompakt, diskret<\/span><br \/>\n<span class=\"goog-text-highlight\">\u2013 Batterien: 2 x CR2032 im Lieferumfang enthalten (Ref: 26595)<\/span><\/p>\n<p><span class=\"goog-text-highlight\">Batterielebensdauer:<\/span><br \/>\n<span class=\"goog-text-highlight\">\u2013 1 LED = 10 Lumen<\/span><br \/>\n<span class=\"goog-text-highlight\">bis zu 40 Stunden\u00a0<\/span><span class=\"goog-text-highlight\">Autonomie\u00a0<\/span><span class=\"goog-text-highlight\">&#8211; 2<\/span><br \/>\n<span class=\"goog-text-highlight\">LEDs\u00a0<\/span><span class=\"goog-text-highlight\">= 20 Lumen bis zu 20 Stunden Autonomie\u00a0<\/span><span class=\"goog-text-highlight\">Notfall-Blitzlampe<\/span><br \/>\n<span class=\"goog-text-highlight\">\u2013 Bis zu 40 Stunden Autonomie<\/span><br \/>\n<span class=\"goog-text-highlight\">Dr\u00fccken Sie die Ein-\/Aus-Taste 2 Sekunden lang, um den Notfall-Blitzmodus zu aktivieren<\/span><br \/>\nDer Strobe-Modus wird h\u00e4ufig als einzelnes Blinklicht verwendet (Stra\u00dfenverkehr, Parkplatz usw.)<br \/>\n1 Jahr Garantie<\/p>","protected":false},"excerpt":{"rendered":"<p>Freisprechleuchte QuiqLite Pro. Diese Lampe ist die einzige freih\u00e4ndige Lichtquelle der Welt, die verdeckt werden kann.<\/p>","protected":false},"featured_media":74400,"template":"","meta":[],"product_brand":[],"product_cat":[2919],"product_tag":[],"class_list":{"0":"post-74401","1":"product","2":"type-product","3":"status-publish","4":"has-post-thumbnail","6":"product_cat-verlichting-voor-k9-handlers","8":"first","9":"instock","10":"taxable","11":"shipping-taxable","12":"purchasable","13":"product-type-simple"},"mb":[],"mfb_rest_fields":["title"],"_links":{"self":[{"href":"https:\/\/dogpride.nl\/de\/wp-json\/wp\/v2\/product\/74401","targetHints":{"allow":["GET"]}}],"collection":[{"href":"https:\/\/dogpride.nl\/de\/wp-json\/wp\/v2\/product"}],"about":[{"href":"https:\/\/dogpride.nl\/de\/wp-json\/wp\/v2\/types\/product"}],"wp:featuredmedia":[{"embeddable":true,"href":"https:\/\/dogpride.nl\/de\/wp-json\/wp\/v2\/media\/74400"}],"wp:attachment":[{"href":"https:\/\/dogpride.nl\/de\/wp-json\/wp\/v2\/media?parent=74401"}],"wp:term":[{"taxonomy":"product_brand","embeddable":true,"href":"https:\/\/dogpride.nl\/de\/wp-json\/wp\/v2\/product_brand?post=74401"},{"taxonomy":"product_cat","embeddable":true,"href":"https:\/\/dogpride.nl\/de\/wp-json\/wp\/v2\/product_cat?post=74401"},{"taxonomy":"product_tag","embeddable":true,"href":"https:\/\/dogpride.nl\/de\/wp-json\/wp\/v2\/product_tag?post=74401"}],"curies":[{"name":"wp","href":"https:\/\/api.w.org\/{rel}","templated":true}]}}