{"id":74390,"date":"2021-09-23T08:51:39","date_gmt":"2021-09-23T06:51:39","guid":{"rendered":"https:\/\/dogpride1.wpengine.com\/?post_type=product&#038;p=74390"},"modified":"2026-03-19T10:15:19","modified_gmt":"2026-03-19T09:15:19","slug":"scanforce-blacktactilt-metaaldetectorhandschoen","status":"publish","type":"product","link":"https:\/\/dogpride.nl\/de\/scanforce-blacktactilt-metaaldetectorhandschoen\/","title":{"rendered":"SCANFORCE Blacktactilt Metalldetektorhandschuh"},"content":{"rendered":"<h4>SCANFORCE Blacktactilt Metalldetektorhandschuh<\/h4>\n<p>SCANFORCE Blacktactilt Metalldetektorhandschuh<\/p>\n<p>Metalldetektorhandschuh SCANFORCE-BL MESSERSCHUTZ UND GLEICHZEITIGE SUCHE<\/p>\n<p>Individuell zugewiesen f\u00fcr Personal bei Zugangskontrollen zu \u201eFanzonen\u201c bei Sportveranstaltungen, Festivals, Gef\u00e4ngnissen etc.<\/p>\n<p>Die Sicherheit von Territorien, Menschen und Eigentum nimmt zu und der Kampf gegen den Terrorismus ist zu einer t\u00e4glichen Aufgabe f\u00fcr Strafverfolgungs- und Sicherheitsdienste geworden.<br \/>\nSCANFORCE ist die L\u00f6sung, die die Mission von Sicherheitsexperten auf der ganzen Welt revolutioniert und erleichtert.<\/p>\n<p>SCANFORCE Blacktactilt metaaldetectorhandschoen MAXI INVISIBLE DETECTION SCANFORCE is een onzichtbare metaaldetectorhandschoen, van Frans ontwerp, technologie en fabricage.<br \/>\nVOLLST\u00c4NDIGE REAKTIVIT\u00c4T Es erm\u00f6glicht die Kontrolle und Filterung von Personen ohne physischen Kontakt und l\u00e4sst ihnen gleichzeitig die H\u00e4nde frei, um einzugreifen, wenn die Situation es erfordert: Handschellen, Immobilisierungstechniken, Einsatz einer Waffe \u2026<br \/>\nSCANFORCE Blacktactilt metaaldetectorhandschoen kan een pistool, een wapen met bladen of elk ander ander klein stukje metaal ter grootte van een paperclip.<\/p>\n<p><a href=\"https:\/\/dogpride.nl\/de\/\"><img loading=\"lazy\" decoding=\"async\" class=\"alignnone\" title=\"SCANFORCE Blacktactilt Metalldetektorhandschuh\" src=\"https:\/\/dogpride.nl\/wp-content\/uploads\/verybig-4537-3-150x150.jpg\" alt=\"SCANFORCE Blacktactilt metaaldetectorhandschoen\" width=\"150\" height=\"150\" \/><\/a><\/p>\n<h4><strong>De prestaties van SCANFORCE Blacktactilt metaaldetectorhandschoen:<\/strong><\/h4>\n<ul>\n<li>Snelheid van het gebaar: uitgerust met de 2 handschoenen, wordt de effici\u00ebntie van de controle of de filtratie verbeterd.<\/li>\n<li>Handsfree: ultralicht geminiaturiseerd ge\u00efntegreerd systeem met permanente detectie.<\/li>\n<li>Maximale reactiviteit: handsfree met totale interventievrijheid.<\/li>\n<li>Actie zonder fysiek contact: detectiegevoeligheidsafstand van 4 tot 5 cm waardoor de operator zich kan concentreren op zijn actie.<\/li>\n<li>Onzichtbaar systeem: de detectiebox is onzichtbaar voor het blote oog.<\/li>\n<li>Frans gepatenteerd systeem: Frans ontwerp, technologie en fabricage.<\/li>\n<li><span class=\"goog-text-highlight\">Discretie van trillingen: trillingen die op de handpalm worden gevoeld om de aanwezigheid van een metalen voorwerp te waarschuwen, alleen de drager voelt het, wat het een voorsprong geeft bij een interventie.\u00a0<\/span><\/li>\n<li>Hoge autonomie: 1 week detectie (40 uur werking in permanente detectie).<\/li>\n<li>AAN\/UIT-knop + automatische stand-by: de 9 volt batterij schakelt uit na 15 minuten inactiviteit.<\/li>\n<\/ul>\n<p><a href=\"https:\/\/nl.wikipedia.org\/wiki\/Hoofdpagina\" target=\"_blank\" rel=\"noopener\"><img loading=\"lazy\" decoding=\"async\" class=\"alignnone\" src=\"https:\/\/dogpride.nl\/wp-content\/uploads\/verybig-4537-3-150x150.jpg\" alt=\"\" width=\"150\" height=\"150\" \/><\/a><\/p>","protected":false},"excerpt":{"rendered":"<p>VOLLST\u00c4NDIGE REAKTIVIT\u00c4T Es erm\u00f6glicht die Kontrolle und Filterung von Personen ohne physischen Kontakt und l\u00e4sst ihnen gleichzeitig die H\u00e4nde frei, um einzugreifen, wenn die Situation es erfordert: Handschellen, Immobilisierungstechniken, Einsatz einer Waffe \u2026<\/p>","protected":false},"featured_media":74391,"template":"","meta":[],"product_brand":[],"product_cat":[2899],"product_tag":[],"class_list":{"0":"post-74390","1":"product","2":"type-product","3":"status-publish","4":"has-post-thumbnail","6":"product_cat-metaaldetectoren-voor-beveiliging","8":"first","9":"instock","10":"taxable","11":"shipping-taxable","12":"purchasable","13":"product-type-variable"},"mb":[],"mfb_rest_fields":["title"],"_links":{"self":[{"href":"https:\/\/dogpride.nl\/de\/wp-json\/wp\/v2\/product\/74390","targetHints":{"allow":["GET"]}}],"collection":[{"href":"https:\/\/dogpride.nl\/de\/wp-json\/wp\/v2\/product"}],"about":[{"href":"https:\/\/dogpride.nl\/de\/wp-json\/wp\/v2\/types\/product"}],"wp:featuredmedia":[{"embeddable":true,"href":"https:\/\/dogpride.nl\/de\/wp-json\/wp\/v2\/media\/74391"}],"wp:attachment":[{"href":"https:\/\/dogpride.nl\/de\/wp-json\/wp\/v2\/media?parent=74390"}],"wp:term":[{"taxonomy":"product_brand","embeddable":true,"href":"https:\/\/dogpride.nl\/de\/wp-json\/wp\/v2\/product_brand?post=74390"},{"taxonomy":"product_cat","embeddable":true,"href":"https:\/\/dogpride.nl\/de\/wp-json\/wp\/v2\/product_cat?post=74390"},{"taxonomy":"product_tag","embeddable":true,"href":"https:\/\/dogpride.nl\/de\/wp-json\/wp\/v2\/product_tag?post=74390"}],"curies":[{"name":"wp","href":"https:\/\/api.w.org\/{rel}","templated":true}]}}