{"id":74383,"date":"2021-09-23T08:45:53","date_gmt":"2021-09-23T06:45:53","guid":{"rendered":"https:\/\/dogpride1.wpengine.com\/?post_type=product&#038;p=74383"},"modified":"2026-03-19T10:18:09","modified_gmt":"2026-03-19T09:18:09","slug":"scanforce-speedert-metaaldetectorhandschoen","status":"publish","type":"product","link":"https:\/\/dogpride.nl\/de\/scanforce-speedert-metaaldetectorhandschoen\/","title":{"rendered":"SCANFORCE Speedert Metalldetektorhandschuh"},"content":{"rendered":"<h4>SCANFORCE Speedert Metalldetektorhandschuh<\/h4>\n<p>SCANFORCE Speedert Metalldetektorhandschuh<\/p>\n<p><a href=\"https:\/\/dogpride.nl\/de\/\"><img loading=\"lazy\" decoding=\"async\" class=\"alignnone\" title=\"SCANFORCE Speedert Metalldetektorhandschuh\" src=\"https:\/\/dogpride.nl\/wp-content\/uploads\/verybig-4538-2-150x150.jpg\" alt=\"SCANFORCE Speedert metaaldetectorhandschoen\" width=\"150\" height=\"150\" \/><\/a><\/p>\n<p><span class=\"\">Metalldetektorhandschuh SCANFORCE-SP VERST\u00c4RKTES MODELL F\u00dcR INTERVENTIONEN<\/span><\/p>\n<p><span class=\"\">Im Einzelauftrag f\u00fcr Ma\u00dfnahmen zur Massenkontrolle, Demonstrationen, Sicherheit ziviler und milit\u00e4rischer Institutionen, Transportsicherheit.<\/span><\/p>\n<p><span class=\"\">Die Sicherheit von Territorien, Menschen und Eigentum nimmt zu und der Kampf gegen den Terrorismus ist zu einer t\u00e4glichen Aufgabe f\u00fcr Strafverfolgungs- und Sicherheitsdienste geworden.<br \/>\n<\/span>SCANFORCE ist die L\u00f6sung, die die Mission von Sicherheitsexperten auf der ganzen Welt revolutioniert und erleichtert.<\/p>\n<p><span class=\"\">MAXI INVISIBLE DETECTION SCANFORCE ist ein unsichtbarer Metalldetektorhandschuh mit franz\u00f6sischem Design, Technologie und Herstellung.\u00a0<\/span><br \/>\nVOLLST\u00c4NDIGE REAKTIVIT\u00c4T Es erm\u00f6glicht die Kontrolle und Filterung von Personen ohne physischen Kontakt und l\u00e4sst ihnen gleichzeitig die H\u00e4nde frei, um einzugreifen, wenn die Situation es erfordert: Handschellen, Immobilisierungstechniken, Einsatz einer Waffe \u2026<br \/>\nSCANFORCE kann eine Pistole, eine Klingenwaffe oder jedes andere kleine Metallst\u00fcck in der Gr\u00f6\u00dfe einer B\u00fcroklammer sein.<\/p>\n<p><a href=\"https:\/\/nl.wikipedia.org\/wiki\/Hoofdpagina\" target=\"_blank\" rel=\"noopener\"><img loading=\"lazy\" decoding=\"async\" class=\"alignnone\" src=\"https:\/\/dogpride.nl\/wp-content\/uploads\/verybig-4538-2-150x150.jpg\" alt=\"\" width=\"150\" height=\"150\" \/><\/a><\/p>\n<h4><strong>Die Leistung von Metalldetektorhandschuhen:<\/strong><\/h4>\n<ul>\n<li>Snelheid van het gebaar: uitgerust met de 2 handschoenen, wordt de effici\u00ebntie van de controle of de filtratie verbeterd.<\/li>\n<li>Handsfree: ultralicht geminiaturiseerd ge\u00efntegreerd systeem met permanente detectie.<\/li>\n<li>Maximale reactiviteit: handsfree met totale interventievrijheid.<\/li>\n<li><span class=\"goog-text-highlight\">Actie zonder fysiek contact: detectiegevoeligheidsafstand van 4 tot 5 cm waardoor de operator zich kan concentreren op zijn actie.\u00a0<\/span><\/li>\n<li>Onzichtbaar systeem: de detectiebox is onzichtbaar voor het blote oog.<\/li>\n<li>Frans gepatenteerd systeem: Frans ontwerp, technologie en fabricage.<\/li>\n<li>Discretie van trillingen: trillingen die op de handpalm worden gevoeld om de aanwezigheid van een metalen voorwerp te waarschuwen, alleen de drager voelt het, wat het een voorsprong geeft bij een interventie.<\/li>\n<li>Hoge autonomie: 1 week detectie (40 uur werking in permanente detectie).<\/li>\n<li>AAN\/UIT-knop + automatische stand-by: de 9 volt batterij schakelt uit na 15 minuten inactiviteit.<\/li>\n<\/ul>","protected":false},"excerpt":{"rendered":"<p>SCANFORCE Speedert Metalldetektorhandschuh.<\/p>","protected":false},"featured_media":74384,"template":"","meta":[],"product_brand":[],"product_cat":[2899],"product_tag":[8057,8053,8056],"class_list":{"0":"post-74383","1":"product","2":"type-product","3":"status-publish","4":"has-post-thumbnail","6":"product_cat-metaaldetectoren-voor-beveiliging","7":"product_tag-metaaldetectorhandschoen","8":"product_tag-scanforce","9":"product_tag-speedert","11":"first","12":"instock","13":"taxable","14":"shipping-taxable","15":"purchasable","16":"product-type-variable"},"mb":[],"mfb_rest_fields":["title"],"_links":{"self":[{"href":"https:\/\/dogpride.nl\/de\/wp-json\/wp\/v2\/product\/74383","targetHints":{"allow":["GET"]}}],"collection":[{"href":"https:\/\/dogpride.nl\/de\/wp-json\/wp\/v2\/product"}],"about":[{"href":"https:\/\/dogpride.nl\/de\/wp-json\/wp\/v2\/types\/product"}],"wp:featuredmedia":[{"embeddable":true,"href":"https:\/\/dogpride.nl\/de\/wp-json\/wp\/v2\/media\/74384"}],"wp:attachment":[{"href":"https:\/\/dogpride.nl\/de\/wp-json\/wp\/v2\/media?parent=74383"}],"wp:term":[{"taxonomy":"product_brand","embeddable":true,"href":"https:\/\/dogpride.nl\/de\/wp-json\/wp\/v2\/product_brand?post=74383"},{"taxonomy":"product_cat","embeddable":true,"href":"https:\/\/dogpride.nl\/de\/wp-json\/wp\/v2\/product_cat?post=74383"},{"taxonomy":"product_tag","embeddable":true,"href":"https:\/\/dogpride.nl\/de\/wp-json\/wp\/v2\/product_tag?post=74383"}],"curies":[{"name":"wp","href":"https:\/\/api.w.org\/{rel}","templated":true}]}}