{"id":7432,"date":"2021-05-17T17:15:22","date_gmt":"2021-05-17T15:15:22","guid":{"rendered":"https:\/\/dogpride1.wpengine.com\/?post_type=product&#038;p=7432"},"modified":"2026-02-20T10:47:11","modified_gmt":"2026-02-20T09:47:11","slug":"knuffelwuff-orthopedisch-hondenbed-jessy","status":"publish","type":"product","link":"https:\/\/dogpride.nl\/de\/knuffelwuff-orthopedisch-hondenbed-jessy\/","title":{"rendered":"Cuddlewuff Orthop\u00e4disches Hundebett Jessy"},"content":{"rendered":"<h4>Cuddlewuff Orthop\u00e4disches Hundebett Jessy<\/h4>\n<p>Cuddlewuff Orthop\u00e4disches Hundebett Jessy<\/p>\n<p>Cuddlewuff Orthop\u00e4disches Hundebett Jessy. M\u00f6chten Sie Ihrem Hund einfach etwas Gutes tun? Dann sind Sie bei uns <span style=\"font-size: 10pt;\">Cuddlewuff Orthop\u00e4disches Hundebett Jessy\u00a0<\/span>genau an der richtigen Stelle.<\/p>\n<p>Im Gegensatz zu einem normalen Bett passt sich diese Variante sehr genau an die Form Ihres Hundes an. Dies garantiert einen gelenk- und wirbels\u00e4ulenschonenden Schlaf. Wie ist das m\u00f6glich? Das Geheimnis liegt in und in der Bauweise.<\/p>\n<p>Der Kern besteht aus orthop\u00e4dischem Memory-Schaum. Dabei handelt es sich um einen hochelastischen und atmungsaktiven Kaltschaum, der auf Temperatur, Gewicht und K\u00f6rperform reagiert. Dadurch werden Druckstellen vermieden und das Material kehrt nach Gebrauch immer wieder in seine urspr\u00fcngliche Position zur\u00fcck.<\/p>\n<p>Dank des mit Schaumstoff gef\u00fcllten und extrabreiten Randes kann sich Ihr Vierbeiner daran anschmiegen, den Kopf nach unten legen und so erholsam und entspannt im orthop\u00e4dischen Hundebett Jessy schlafen.<\/p>\n<div>\n<div>\u00a0\u00a0\u00a0\u00a0\u00a0\u00a0\u00a0\u00a0\u00a0\u00a0\u00a0\u00a0\u00a0\u00a0\u00a0<iframe loading=\"lazy\" src=\"https:\/\/player.vimeo.com\/video\/398765666\" width=\"640\" height=\"360\" frameborder=\"0\" allowfullscreen=\"allowfullscreen\" data-mce-fragment=\"1\"><\/iframe><\/div>\n<\/div>\n<p>Das Obermaterial des Hundebetts besteht aus Cordura, einem robusten Nylongewebe, das f\u00fcr eine hohe Abrieb-, Rei\u00df- und Verschlei\u00dffestigkeit entwickelt wurde.<\/p>\n<p>Der separate Bezug aus Lammfellimitat ist pflegeleicht und durch den eingen\u00e4hten Rei\u00dfverschluss abnehmbar und kann bei 30 Grad in der Maschine gewaschen werden. Schmutz kann einfach abgeb\u00fcrstet oder abgesch\u00fcttelt werden. Selbstverst\u00e4ndlich k\u00f6nnen Sie f\u00fcr dieses Hundebett auch Ersatzbez\u00fcge kaufen.<\/p>\n<p>Die rutschfeste Unterseite sorgt f\u00fcr einen stabilen Stand des Hundebetts, das durch das verwendete Isoliermaterial einen zus\u00e4tzlichen Schutz vor Bodenk\u00e4lte bietet.<\/p>\n<p>F\u00fcr dieses Hundebett wurden, wie auch f\u00fcr alle anderen Produkte der Marke Cuddlewuff, ausschlie\u00dflich hochwertige Materialien verwendet.<\/p>\n<h5><strong>Material:\u00a0\u00a0<\/strong><\/h5>\n<ul>\n<li>Obermaterial: Cordura<\/li>\n<li>Separater Bezug: Lammlederimitat<\/li>\n<li>Unten: rutschfestes Isoliermaterial<\/li>\n<\/ul>\n<h5><strong>F\u00fcllung:<\/strong><\/h5>\n<ul>\n<li>Kern: orthop\u00e4discher Memory-Schaum<\/li>\n<li>Seitenkanten: Schaumstoffflocken<\/li>\n<\/ul>\n<h5><strong>Reinigung:<\/strong><\/h5>\n<ul>\n<li>Abnehmbarer Bezug dank eingen\u00e4htem Rei\u00dfverschluss<\/li>\n<li>Einfache Reinigung dank schmutz- und wasserabweisendem Material<\/li>\n<li>Bezug waschbar bei 30\u00b0<\/li>\n<\/ul>\n<h5><strong>Besonderheiten:<\/strong><\/h5>\n<ul>\n<li>Dieses Bett ist \u00e4u\u00dferst formstabil und kehrt nach Gebrauch immer wieder in seine urspr\u00fcngliche Form zur\u00fcck<\/li>\n<li>Orthop\u00e4dische Matratze f\u00fcr einen besonders angenehmen und gelenkschonenden Schlaf<\/li>\n<li>Entwickelt in Deutschland, hergestellt in der EU<\/li>\n<\/ul>\n<p><strong>Gr\u00f6\u00dfentabelle:<\/strong><\/p>\n<p><img loading=\"lazy\" decoding=\"async\" class=\"alignnone wp-image-103300 size-large\" src=\"https:\/\/www.dogpride.nl\/wp-content\/uploads\/Afmetingen-Jessy-1024x589.jpg\" alt=\"Maattabel\" width=\"1024\" height=\"589\" srcset=\"https:\/\/dogpride.nl\/wp-content\/uploads\/Afmetingen-Jessy-1024x589.jpg 1024w, https:\/\/dogpride.nl\/wp-content\/uploads\/Afmetingen-Jessy-250x144.jpg 250w, https:\/\/dogpride.nl\/wp-content\/uploads\/Afmetingen-Jessy-400x230.jpg 400w, https:\/\/dogpride.nl\/wp-content\/uploads\/Afmetingen-Jessy-300x172.jpg 300w, https:\/\/dogpride.nl\/wp-content\/uploads\/Afmetingen-Jessy-768x442.jpg 768w, https:\/\/dogpride.nl\/wp-content\/uploads\/Afmetingen-Jessy-200x115.jpg 200w, https:\/\/dogpride.nl\/wp-content\/uploads\/Afmetingen-Jessy-600x345.jpg 600w, https:\/\/dogpride.nl\/wp-content\/uploads\/Afmetingen-Jessy-800x460.jpg 800w, https:\/\/dogpride.nl\/wp-content\/uploads\/Afmetingen-Jessy-1200x690.jpg 1200w, https:\/\/dogpride.nl\/wp-content\/uploads\/Afmetingen-Jessy.jpg 1268w\" sizes=\"auto, (max-width: 1024px) 100vw, 1024px\" \/><\/p>\n<p><a href=\"https:\/\/www.knuffelwuff.de\/\" target=\"_blank\" rel=\"noopener\"><img loading=\"lazy\" decoding=\"async\" class=\"alignnone wp-image-145218 size-full\" src=\"https:\/\/dogpride.nl\/wp-content\/uploads\/Knuffelwuff-logo.jpg\" alt=\"Knuffelwuff logo\" width=\"141\" height=\"81\" srcset=\"https:\/\/dogpride.nl\/wp-content\/uploads\/Knuffelwuff-logo.jpg 141w, https:\/\/dogpride.nl\/wp-content\/uploads\/Knuffelwuff-logo-18x10.jpg 18w\" sizes=\"auto, (max-width: 141px) 100vw, 141px\" \/><\/a><\/p>\n<p><a href=\"https:\/\/dogpride.nl\/de\/hondenmanden\/knuffelwuff-hondenmanden\/\"><img loading=\"lazy\" decoding=\"async\" class=\"alignnone\" src=\"https:\/\/dogpride.nl\/wp-content\/uploads\/jessy4-150x150.jpeg\" alt=\"\" width=\"150\" height=\"150\" \/><\/a><\/p>","protected":false},"excerpt":{"rendered":"<p>Cuddlewuff Orthop\u00e4disches Hundebett Jessy. Im Gegensatz zu einem normalen Bett passt sich diese Variante sehr genau an die Form Ihres Hundes an.<\/p>","protected":false},"featured_media":46501,"template":"","meta":[],"product_brand":[],"product_cat":[1578],"product_tag":[],"class_list":{"0":"post-7432","1":"product","2":"type-product","3":"status-publish","4":"has-post-thumbnail","6":"product_cat-knuffelwuff-hondenmanden","8":"first","9":"instock","10":"taxable","11":"shipping-taxable","12":"purchasable","13":"product-type-variable"},"mb":[],"mfb_rest_fields":["title"],"_links":{"self":[{"href":"https:\/\/dogpride.nl\/de\/wp-json\/wp\/v2\/product\/7432","targetHints":{"allow":["GET"]}}],"collection":[{"href":"https:\/\/dogpride.nl\/de\/wp-json\/wp\/v2\/product"}],"about":[{"href":"https:\/\/dogpride.nl\/de\/wp-json\/wp\/v2\/types\/product"}],"wp:featuredmedia":[{"embeddable":true,"href":"https:\/\/dogpride.nl\/de\/wp-json\/wp\/v2\/media\/46501"}],"wp:attachment":[{"href":"https:\/\/dogpride.nl\/de\/wp-json\/wp\/v2\/media?parent=7432"}],"wp:term":[{"taxonomy":"product_brand","embeddable":true,"href":"https:\/\/dogpride.nl\/de\/wp-json\/wp\/v2\/product_brand?post=7432"},{"taxonomy":"product_cat","embeddable":true,"href":"https:\/\/dogpride.nl\/de\/wp-json\/wp\/v2\/product_cat?post=7432"},{"taxonomy":"product_tag","embeddable":true,"href":"https:\/\/dogpride.nl\/de\/wp-json\/wp\/v2\/product_tag?post=7432"}],"curies":[{"name":"wp","href":"https:\/\/api.w.org\/{rel}","templated":true}]}}