{"id":74129,"date":"2021-09-22T13:23:05","date_gmt":"2021-09-22T11:23:05","guid":{"rendered":"https:\/\/dogpride1.wpengine.com\/?post_type=product&#038;p=74129"},"modified":"2023-05-10T09:30:36","modified_gmt":"2023-05-10T07:30:36","slug":"rangers-magnum-lynx-8-0","status":"publish","type":"product","link":"https:\/\/dogpride.nl\/de\/rangers-magnum-lynx-8-0\/","title":{"rendered":"Ranger Magnum Lynx 8.0"},"content":{"rendered":"<h4>Ranger Magnum Lynx 8.0<\/h4>\n<p><span class=\"\">Ranger Magnum Lynx 8.0. Dieses Schuhmodell richtet sich an Sicherheits- und Strafverfolgungsexperten, die das beste Preis-Leistungs-Verh\u00e4ltnis suchen.<br \/>\n<\/span>Ranger-Vorteil: Nichtmagnetisches Design.<\/p>\n<p>INTERVENTIONSSCHUHE: POLIZEI \/ GENDARMERIE \/ PRIVATE SICHERHEIT<\/p>\n<p>SPITZE:<\/p>\n<p>\u2013 Atmungsaktives und wasserabweisendes Vollnarbenleder \/ abriebfestes und atmungsaktives Nylon<br \/>\n\u2013 Jerseyfutter \/ atmungsaktiver Schaumstoff mit antibakterieller Behandlung<br \/>\n\u2013 Gepolsterter Kragen und Zunge f\u00fcr mehr Komfort<br \/>\n\u2013 Schn\u00fcrsenkel und \u00d6sen aus Copolymer<br \/>\n\u2013 Runde Schn\u00fcrsenkel mit Spitzen<br \/>\n\u2013 Schafth\u00f6he: 17 cm<\/p>\n<p>SOHLE, EINZIG, ALLEINIG:<\/p>\n<p>\u2013 Herausnehmbare Innensohle \u2013 Vorgeformte, komprimierte, d\u00e4mpfende EVA-Zwischensohle<br \/>\n\u2013 Anti-Torsionswelle aus Verbundwerkstoff \u2013 Geschwei\u00dfte Erhebung<br \/>\n- Rutschfestes, gezahntes SRA-Karbongummi-Au\u00dfenmaterial mit seitlichen Stabilit\u00e4tsnoppen, best\u00e4ndig gegen Kohlenwasserstoffe\/Abrieb und Spritzer an der Ferse, um das Fahren und Laufen zu erleichtern<br \/>\n\u2013 V\u00f6llig NICHT magnetisch.<br \/>\n<span class=\"goog-text-highlight\">\u2013 Zertifiziert nach EN ISO 20347: 2012 OB E FO SRA<\/span><\/p>\n<p><span class=\"goog-text-highlight\">GEWICHT: 600 g pro Schuhgr\u00f6\u00dfe 42<\/span><\/p>\n<p><strong>Gr\u00f6\u00dfen: 35 bis 48<\/strong><\/p>","protected":false},"excerpt":{"rendered":"<p><span class=\"\">Dieses Schuhmodell richtet sich an Sicherheits- und Strafverfolgungsexperten, die das beste Preis-Leistungs-Verh\u00e4ltnis suchen.\u00a0<\/span><\/p>","protected":false},"featured_media":74130,"template":"","meta":[],"product_brand":[],"product_cat":[6064],"product_tag":[4875,4885,4870,4871],"class_list":{"0":"post-74129","1":"product","2":"type-product","3":"status-publish","4":"has-post-thumbnail","6":"product_cat-magnum-schoenen","7":"product_tag-8-0","8":"product_tag-lynx","9":"product_tag-magnum","10":"product_tag-rangers","12":"first","13":"instock","14":"taxable","15":"shipping-taxable","16":"purchasable","17":"product-type-variable"},"mb":[],"mfb_rest_fields":["title"],"_links":{"self":[{"href":"https:\/\/dogpride.nl\/de\/wp-json\/wp\/v2\/product\/74129","targetHints":{"allow":["GET"]}}],"collection":[{"href":"https:\/\/dogpride.nl\/de\/wp-json\/wp\/v2\/product"}],"about":[{"href":"https:\/\/dogpride.nl\/de\/wp-json\/wp\/v2\/types\/product"}],"wp:featuredmedia":[{"embeddable":true,"href":"https:\/\/dogpride.nl\/de\/wp-json\/wp\/v2\/media\/74130"}],"wp:attachment":[{"href":"https:\/\/dogpride.nl\/de\/wp-json\/wp\/v2\/media?parent=74129"}],"wp:term":[{"taxonomy":"product_brand","embeddable":true,"href":"https:\/\/dogpride.nl\/de\/wp-json\/wp\/v2\/product_brand?post=74129"},{"taxonomy":"product_cat","embeddable":true,"href":"https:\/\/dogpride.nl\/de\/wp-json\/wp\/v2\/product_cat?post=74129"},{"taxonomy":"product_tag","embeddable":true,"href":"https:\/\/dogpride.nl\/de\/wp-json\/wp\/v2\/product_tag?post=74129"}],"curies":[{"name":"wp","href":"https:\/\/api.w.org\/{rel}","templated":true}]}}