{"id":74113,"date":"2021-09-22T13:14:42","date_gmt":"2021-09-22T11:14:42","guid":{"rendered":"https:\/\/dogpride1.wpengine.com\/?post_type=product&#038;p=74113"},"modified":"2023-05-10T09:31:46","modified_gmt":"2023-05-10T07:31:46","slug":"magnum-lynx-8-0-sz-1-rits","status":"publish","type":"product","link":"https:\/\/dogpride.nl\/de\/magnum-lynx-8-0-sz-1-rits\/","title":{"rendered":"Magnum Lynx-8.0 SZ-1 Rei\u00dfverschluss"},"content":{"rendered":"<h4 class=\"txt-title-fichier\">Magnum Lynx-8.0 SZ-1 Rei\u00dfverschluss<\/h4>\n<p>Magnum Lynx-8.0 SZ-1 Rei\u00dfverschluss<\/p>\n<p><span class=\"\">Das Sicherheits- und Interventionsschuhmodell LYNX 8.0 SZ* richtet sich an Profis, die das beste Preis-Leistungs-Verh\u00e4ltnis suchen.\u00a0<\/span>Der Vorteil: Einfaches Anziehen dank Rei\u00dfverschluss an der Innenseite.<br \/>\n* SZ = 1 Rei\u00dfverschluss innen<\/p>\n<p>INTERVENTIONSSCHUHE: POLIZEI \/ GENDARMERIE \/ PRIVATE SICHERHEIT<\/p>\n<p>OBERER, H\u00d6HER:<\/p>\n<p>\u2013 Atmungsaktives und wasserabweisendes Vollnarbenleder \/ abriebfestes und atmungsaktives Nylon<br \/>\n\u2013 YKK-Rei\u00dfverschluss auf der Innenseite<br \/>\n\u2013 Atmungsaktives Jersey-\/Schaumfutter mit antibakterieller Behandlung<br \/>\n\u2013 Gepolsterter Kragen und Zunge f\u00fcr mehr Komfort<br \/>\n\u2013 Schn\u00fcrsenkel und \u00d6sen aus Copolymer<br \/>\n\u2013 Runde Schn\u00fcrsenkel mit Spitzen<br \/>\n<span class=\"goog-text-highlight\">\u2013 Schafth\u00f6he: 17 cm<\/span><\/p>\n<p><span class=\"goog-text-highlight\">SOHLE, EINZIG, ALLEINIG:<\/span><\/p>\n<p><span class=\"goog-text-highlight\">\u2013 Abnehmbar\u00a0<\/span><span class=\"goog-text-highlight\">innen<\/span><br \/>\n<span class=\"goog-text-highlight\">\u2013 Zwischengeformtes, sto\u00dfd\u00e4mpfendes EVA<\/span><br \/>\n<span class=\"goog-text-highlight\">\u2013 Anti-Torsionswelle aus Verbundwerkstoff \u2013 Geschwei\u00dft<\/span><br \/>\n<span class=\"goog-text-highlight\">Elevation<\/span><br \/>\n<span class=\"goog-text-highlight\">- Rutschfestes, gezahntes SRA-Karbongummi-Au\u00dfenmaterial mit seitlichen Stabilit\u00e4tspolstern, best\u00e4ndig gegen Kohlenwasserstoffe\/Abrieb und Spritzer an der Ferse, um das Fahren und Laufen zu erleichtern<\/span><br \/>\n<span class=\"goog-text-highlight\">\u2013 Zertifiziert nach EN ISO 20347: 2012 OB E FO SRA<\/span><\/p>\n<p><span class=\"goog-text-highlight\">GEWICHT: 590 g pro Schuh in Gr\u00f6\u00dfe 42<\/span><\/p>\n<p><strong>Gr\u00f6\u00dfen: 35 bis 47<\/strong><\/p>","protected":false},"excerpt":{"rendered":"<p class=\"txt-title-fichier\"><span class=\"goog-text-highlight\">Magnum Lynx 8.0 SZ 1 Rei\u00dfverschluss. <span class=\"\">Das Sicherheits- und Interventionsschuhmodell LYNX 8.0 SZ* richtet sich an Profis, die das beste Preis-Leistungs-Verh\u00e4ltnis suchen.\u00a0<\/span><\/span><\/p>","protected":false},"featured_media":74114,"template":"","meta":[],"product_brand":[],"product_cat":[6064],"product_tag":[4886,4875,4885,4870,4876],"class_list":{"0":"post-74113","1":"product","2":"type-product","3":"status-publish","4":"has-post-thumbnail","6":"product_cat-magnum-schoenen","7":"product_tag-1-rits","8":"product_tag-8-0","9":"product_tag-lynx","10":"product_tag-magnum","11":"product_tag-sz","13":"first","14":"instock","15":"taxable","16":"shipping-taxable","17":"purchasable","18":"product-type-variable"},"mb":[],"mfb_rest_fields":["title"],"_links":{"self":[{"href":"https:\/\/dogpride.nl\/de\/wp-json\/wp\/v2\/product\/74113","targetHints":{"allow":["GET"]}}],"collection":[{"href":"https:\/\/dogpride.nl\/de\/wp-json\/wp\/v2\/product"}],"about":[{"href":"https:\/\/dogpride.nl\/de\/wp-json\/wp\/v2\/types\/product"}],"wp:featuredmedia":[{"embeddable":true,"href":"https:\/\/dogpride.nl\/de\/wp-json\/wp\/v2\/media\/74114"}],"wp:attachment":[{"href":"https:\/\/dogpride.nl\/de\/wp-json\/wp\/v2\/media?parent=74113"}],"wp:term":[{"taxonomy":"product_brand","embeddable":true,"href":"https:\/\/dogpride.nl\/de\/wp-json\/wp\/v2\/product_brand?post=74113"},{"taxonomy":"product_cat","embeddable":true,"href":"https:\/\/dogpride.nl\/de\/wp-json\/wp\/v2\/product_cat?post=74113"},{"taxonomy":"product_tag","embeddable":true,"href":"https:\/\/dogpride.nl\/de\/wp-json\/wp\/v2\/product_tag?post=74113"}],"curies":[{"name":"wp","href":"https:\/\/api.w.org\/{rel}","templated":true}]}}