{"id":74066,"date":"2021-09-22T12:44:38","date_gmt":"2021-09-22T10:44:38","guid":{"rendered":"https:\/\/dogpride1.wpengine.com\/?post_type=product&#038;p=74066"},"modified":"2023-05-10T09:32:31","modified_gmt":"2023-05-10T07:32:31","slug":"magnum-active-duty-shell-veiligheidsschoen","status":"publish","type":"product","link":"https:\/\/dogpride.nl\/de\/magnum-active-duty-shell-veiligheidsschoen\/","title":{"rendered":"Magnum Active-Duty-Shell-Sicherheitsschuh"},"content":{"rendered":"<h4 class=\"txt-title-fichier\">Magnum Active-Duty-Shell-Sicherheitsschuh<\/h4>\n<p>Magnum Active-Duty-Shell-Sicherheitsschuh<\/p>\n<p>NIEDRIGE SCHUHE der Marke Magnum. F\u00fcr Sicherheit und Strafverfolgung.<br \/>\n<span class=\"goog-text-highlight\">SPITZE<\/span><br \/>\n<span class=\"goog-text-highlight\">\u2013 Weiches Vollnarbenleder<\/span><br \/>\n<span class=\"goog-text-highlight\">\u2013 CEN 345-zertifizierter Verbundwerkstoff<\/span><br \/>\n<span class=\"goog-text-highlight\">Gericht<\/span><br \/>\n<span class=\"goog-text-highlight\">&#8211;\u00a0<\/span><span class=\"goog-text-highlight\">Cambrelle-Futter\u00a0<\/span><span class=\"goog-text-highlight\">\u2013 Regulatorische Diskretion\u00a0<\/span><span class=\"goog-text-highlight\">Augen\u00a0<\/span><span class=\"goog-text-highlight\">- Von<\/span><br \/>\n<span class=\"goog-text-highlight\">Schaumstoffgepolsterter Kragen<\/span><br \/>\n<span class=\"goog-text-highlight\">\u2013 Herausnehmbare anatomische Innensohle<\/span><br \/>\n<span class=\"goog-text-highlight\">\u2013 Ferse mit d\u00e4mpfendem Gel<\/span><\/p>\n<p><span class=\"goog-text-highlight\">SOHLE, EINZIG, ALLEINIG<\/span><br \/>\n<span class=\"goog-text-highlight\">\u2013 Komprimiertes isolierendes und d\u00e4mpfendes EVA \u2013<\/span><br \/>\n<span class=\"goog-text-highlight\">Rutschfeste und widerstandsf\u00e4hige Au\u00dfenseite aus Kohlenwasserstoffkautschuk<\/span><br \/>\n<span class=\"goog-text-highlight\">\u2013 Zertifiziert nach EN ISO 345 S1<\/span><\/p>\n<p><strong>Gr\u00f6\u00dfen: 35 bis 48<\/strong><\/p>","protected":false},"excerpt":{"rendered":"<p class=\"txt-title-fichier\"><span class=\"goog-text-highlight\">Magnum Active Duty Shell-Sicherheitsschuh. NIEDRIGE SCHUHE der Marke Magnum. F\u00fcr Sicherheit und Strafverfolgung. Hergestellt aus weichem Vollnarbenleder. Gr\u00f6\u00dfen: 35 bis 48.<\/span><\/p>","protected":false},"featured_media":74067,"template":"","meta":[],"product_brand":[],"product_cat":[6064],"product_tag":[3400,4891,4870,4728,4863],"class_list":{"0":"post-74066","1":"product","2":"type-product","3":"status-publish","4":"has-post-thumbnail","6":"product_cat-magnum-schoenen","7":"product_tag-active","8":"product_tag-duty","9":"product_tag-magnum","10":"product_tag-shell","11":"product_tag-veiligheidsschoen","13":"first","14":"instock","15":"taxable","16":"shipping-taxable","17":"purchasable","18":"product-type-variable"},"mb":[],"mfb_rest_fields":["title"],"_links":{"self":[{"href":"https:\/\/dogpride.nl\/de\/wp-json\/wp\/v2\/product\/74066","targetHints":{"allow":["GET"]}}],"collection":[{"href":"https:\/\/dogpride.nl\/de\/wp-json\/wp\/v2\/product"}],"about":[{"href":"https:\/\/dogpride.nl\/de\/wp-json\/wp\/v2\/types\/product"}],"wp:featuredmedia":[{"embeddable":true,"href":"https:\/\/dogpride.nl\/de\/wp-json\/wp\/v2\/media\/74067"}],"wp:attachment":[{"href":"https:\/\/dogpride.nl\/de\/wp-json\/wp\/v2\/media?parent=74066"}],"wp:term":[{"taxonomy":"product_brand","embeddable":true,"href":"https:\/\/dogpride.nl\/de\/wp-json\/wp\/v2\/product_brand?post=74066"},{"taxonomy":"product_cat","embeddable":true,"href":"https:\/\/dogpride.nl\/de\/wp-json\/wp\/v2\/product_cat?post=74066"},{"taxonomy":"product_tag","embeddable":true,"href":"https:\/\/dogpride.nl\/de\/wp-json\/wp\/v2\/product_tag?post=74066"}],"curies":[{"name":"wp","href":"https:\/\/api.w.org\/{rel}","templated":true}]}}