{"id":74050,"date":"2021-09-22T12:16:11","date_gmt":"2021-09-22T10:16:11","guid":{"rendered":"https:\/\/dogpride1.wpengine.com\/?post_type=product&#038;p=74050"},"modified":"2023-05-10T10:51:48","modified_gmt":"2023-05-10T08:51:48","slug":"magnum-duty-lite-schoen","status":"publish","type":"product","link":"https:\/\/dogpride.nl\/de\/magnum-duty-lite-schoen\/","title":{"rendered":"Magnum Duty Lite Schuh"},"content":{"rendered":"<h1 class=\"txt-title-fichier\">Magnum Duty Lite Schuh<\/h1>\n<p>Magnum Duty Lite Schuh<\/p>\n<p><span>Der Duty Lite Uniformschuh f\u00fcr Damen und Herren ist langlebig, bequem und leicht. F\u00fcr zus\u00e4tzlichen Komfort sorgen die Ortholite-Einlegesohlen, die f\u00fcr ultimative D\u00e4mpfung sorgen.<\/span><\/p>\n<ul>\n<li>Obermaterial aus strapazierf\u00e4higem Vollnarbenleder<\/li>\n<li>Gepolsterter Kragen f\u00fcr Komfort<\/li>\n<li>Hoch atmungsaktives Futter f\u00fcr maximalen Komfort<\/li>\n<li>Die OrthoLite-Einlegesohle bietet hervorragende D\u00e4mpfung<\/li>\n<li>Rutschfeste Gummilaufsohle mit PU-Zwischensohle<\/li>\n<li>Gepr\u00fcft und zertifiziert nach der europ\u00e4ischen Norm EN ISO 20347:2012 OB E SRC<\/li>\n<\/ul>","protected":false},"excerpt":{"rendered":"<p class=\"txt-title-fichier\">Der Duty Lite Uniformschuh f\u00fcr Damen und Herren ist langlebig, bequem und leicht. F\u00fcr zus\u00e4tzlichen Komfort sorgen die Ortholite-Einlegesohlen, die f\u00fcr ultimative D\u00e4mpfung sorgen.<\/p>","protected":false},"featured_media":74051,"template":"","meta":[],"product_brand":[],"product_cat":[6064],"product_tag":[3400,4891,4870,4869],"class_list":{"0":"post-74050","1":"product","2":"type-product","3":"status-publish","4":"has-post-thumbnail","6":"product_cat-magnum-schoenen","7":"product_tag-active","8":"product_tag-duty","9":"product_tag-magnum","10":"product_tag-schoen","12":"first","13":"instock","14":"taxable","15":"shipping-taxable","16":"purchasable","17":"product-type-variable"},"mb":[],"mfb_rest_fields":["title"],"_links":{"self":[{"href":"https:\/\/dogpride.nl\/de\/wp-json\/wp\/v2\/product\/74050","targetHints":{"allow":["GET"]}}],"collection":[{"href":"https:\/\/dogpride.nl\/de\/wp-json\/wp\/v2\/product"}],"about":[{"href":"https:\/\/dogpride.nl\/de\/wp-json\/wp\/v2\/types\/product"}],"wp:featuredmedia":[{"embeddable":true,"href":"https:\/\/dogpride.nl\/de\/wp-json\/wp\/v2\/media\/74051"}],"wp:attachment":[{"href":"https:\/\/dogpride.nl\/de\/wp-json\/wp\/v2\/media?parent=74050"}],"wp:term":[{"taxonomy":"product_brand","embeddable":true,"href":"https:\/\/dogpride.nl\/de\/wp-json\/wp\/v2\/product_brand?post=74050"},{"taxonomy":"product_cat","embeddable":true,"href":"https:\/\/dogpride.nl\/de\/wp-json\/wp\/v2\/product_cat?post=74050"},{"taxonomy":"product_tag","embeddable":true,"href":"https:\/\/dogpride.nl\/de\/wp-json\/wp\/v2\/product_tag?post=74050"}],"curies":[{"name":"wp","href":"https:\/\/api.w.org\/{rel}","templated":true}]}}