{"id":74041,"date":"2021-09-22T11:11:58","date_gmt":"2021-09-22T09:11:58","guid":{"rendered":"https:\/\/dogpride1.wpengine.com\/?post_type=product&#038;p=74041"},"modified":"2021-12-27T15:11:19","modified_gmt":"2021-12-27T14:11:19","slug":"beschermhelm-fx-simunition","status":"publish","type":"product","link":"https:\/\/dogpride.nl\/de\/beschermhelm-fx-simunition\/","title":{"rendered":"Schutzhelm FX Simunition"},"content":{"rendered":"<h4 class=\"txt-title-fichier\"><span class=\"\">Schutzhelm FX Simunition<\/span><\/h4>\n<p>Schutzhelm FX Simunition<\/p>\n<p><span class=\"\">Schutzhelm FX Simunition. Der einteilige Helm bietet vollst\u00e4ndigen Kopfschutz und bietet dank eines beschlag- und kratzfesten Polycarbonat-Visiers eine periphere Sicht von 180\u00b0.<br \/>\n<\/span>Der FX\u00ae-Helm kann mit einer Schutzbrille getragen werden.<br \/>\nDie pflegeleichte Au\u00dfenh\u00fclle besteht aus \u00e4u\u00dferst strapazierf\u00e4higem Nylon.<\/p>\n<p><strong>Dieses Produkt ist reguliert. Kontaktieren Sie uns per E-Mail oder Telefon. E-Mail: info@dogpride.nl, Tel.: +31315655930 \/ +31638147051<\/strong><\/p>","protected":false},"excerpt":{"rendered":"<p class=\"txt-title-fichier\"><span class=\"\">Schutzhelm FX Simunition. Der einteilige Helm bietet vollst\u00e4ndigen Kopfschutz und bietet dank eines beschlag- und kratzfesten Polycarbonat-Visiers eine periphere Sicht von 180\u00b0.<\/span><\/p>","protected":false},"featured_media":74042,"template":"","meta":[],"product_brand":[],"product_cat":[2911],"product_tag":[],"class_list":{"0":"post-74041","1":"product","2":"type-product","3":"status-publish","4":"has-post-thumbnail","6":"product_cat-pbm","8":"first","9":"instock","10":"taxable","11":"shipping-taxable","12":"purchasable","13":"product-type-simple"},"exclude_global_add_ons":[],"addons":[],"mb":[],"mfb_rest_fields":["title","exclude_global_add_ons","addons"],"_links":{"self":[{"href":"https:\/\/dogpride.nl\/de\/wp-json\/wp\/v2\/product\/74041","targetHints":{"allow":["GET"]}}],"collection":[{"href":"https:\/\/dogpride.nl\/de\/wp-json\/wp\/v2\/product"}],"about":[{"href":"https:\/\/dogpride.nl\/de\/wp-json\/wp\/v2\/types\/product"}],"wp:featuredmedia":[{"embeddable":true,"href":"https:\/\/dogpride.nl\/de\/wp-json\/wp\/v2\/media\/74042"}],"wp:attachment":[{"href":"https:\/\/dogpride.nl\/de\/wp-json\/wp\/v2\/media?parent=74041"}],"wp:term":[{"taxonomy":"product_brand","embeddable":true,"href":"https:\/\/dogpride.nl\/de\/wp-json\/wp\/v2\/product_brand?post=74041"},{"taxonomy":"product_cat","embeddable":true,"href":"https:\/\/dogpride.nl\/de\/wp-json\/wp\/v2\/product_cat?post=74041"},{"taxonomy":"product_tag","embeddable":true,"href":"https:\/\/dogpride.nl\/de\/wp-json\/wp\/v2\/product_tag?post=74041"}],"curies":[{"name":"wp","href":"https:\/\/api.w.org\/{rel}","templated":true}]}}